{"id":930,"date":"2015-07-22T17:09:02","date_gmt":"2015-07-22T15:09:02","guid":{"rendered":"http:\/\/dm2cu1.cursal.it\/?page_id=930"},"modified":"2024-10-10T08:41:45","modified_gmt":"2024-10-10T06:41:45","slug":"cookie","status":"publish","type":"page","link":"https:\/\/www.cursal.com\/?page_id=930","title":{"rendered":"Cookie"},"content":{"rendered":"<p>&nbsp;<\/p>\n<p><strong> Informativa relativa al trattamento dei Cookie in conformit\u00e0 al Regolamento (UE) 2016\/679 (Regolamento europeo in materia di protezione dei dati personali; \u201cGDPR\u201d), al D. Lgs. 196\/2003 e s.m.i. (Codice in materia di protezione dei dati personali), alla Direttiva 2002\/58\/CE, al Provvedimento del Garante per la protezione dei dati personali (\u201cGarante Privacy\u201d) \u201cIndividuazione delle modalit\u00e0 semplificate per l\u2019informativa e l\u2019acquisizione del consenso per l\u2019uso dei cookie\u201d del 8 maggio 2014, nonch\u00e9 in conformit\u00e0 ai successivi \u201cChiarimenti in merito all\u2019attuazione della normativa in materia di cookie\u201d del 5 giugno 2015 e alle \u201cLinee guida cookie e altri strumenti di tracciamento\u201d del 10 giugno 2021, inerenti alle informazioni telematiche ed in particolar modo ai cookies da qui in poi denominati COOKIE.<br \/>\n<\/strong><\/p>\n<p><strong>FINALITA&#8217; E MODALITA&#8217; DEL TRATTAMENTO DEI COOKIE<\/strong><br \/>\nCursal S.r.l. con sede legale in Via Brandolini 38\/a &#8211; 31020 San Fior (TV) &#8211; da ora in poi denominata CURSAL, fornisce l&#8217;informativa dei cookie installati nel suo sito web e le sue proprie estensioni per ci\u00f2, tutti questi denominati SITO e provvede a trattare i dati conferiti dall&#8217;utente\/cliente agente, mediante mezzi elettrici ed elettronici, informatici o informatizzati in modo automatico e\/o manuale, solo al fine di rendere possibile l&#8217;erogazione dei proprio lavoro e per adempiere alle modalit\u00e0 di utilizzo dei propri servizi, prodotti e soluzioni resi all&#8217;utente\/cliente agente nel SITO nel rispetto della Legge della Repubblica Italiana in materia fiscale e nel rispetto della Privacy.<br \/>\nIl trattamento dei dati personali sar\u00e0 effettuato da CURSAL ai sensi del Decreto Legislativo 30 Giugno 2003, n. 196 &#8220;Codice in materia di protezione dei dati personali&#8221; secondo le modalit\u00e0 lecite ivi contenute e secondo buone pratiche di correttezza ed attenta riservatezza.<\/p>\n<p><strong>DEFINIZIONE DI COOKIE<\/strong><br \/>\nCOOKIE \u00e8 un nome che identifica un file di testo in cui si pu\u00f2 memorizzare in un dispositivo elettrico, elettronico informatico o informatizzato multimediale, stringhe di codice che servono per dare tracciabilit\u00e0 e migliorare le performance dei siti web e\/o ricevere informazioni sui percorsi che gli utenti\/clienti agenti, lasciano quando si muovono all&#8217;interno del SITO.<br \/>\nPer utenti\/clienti agenti si intente coloro che agiscono, navigano e si muovono interattivamente all&#8217;interno del SITO.<\/p>\n<p><strong>COOKIE PERMANENTI<\/strong><br \/>\nNon tutti i COOKIE sono permanenti, ma alcuni sono necessari per caricare meglio o pi\u00f9 velocemente quei dati che permettono una navigazione pi\u00f9 sicura, agevole e veloce quando si intende utilizzare il SITO in modalit\u00e0 tali da poter avere un servizio &#8211; ricevere informazioni utili &#8211; oppure, avere un supporto on-line, o ancora altre applicazioni che riescano a rendere pi\u00f9 comodo lo scambio di informazioni telematiche utili a individuare e condividere dati con l&#8217;utente\/cliente agente per cui senza le quali non si potrebbero svolgere le normali attivit\u00e0 richieste.<br \/>\nPer esempio, alcuni di loro permettono di utilizzare il riconoscimento automatico delle password e\/o di dati inseriti in moduli per contatti e chat, altri mettono in contatto i dispositivi evitando di richiedere di inserire pi\u00f9 volte le stesse informazioni nel corso di una normale attivit\u00e0 di registrazione o di navigazione.<br \/>\nAltri, ancora, tengono riservata la password per login e per i servizi resi come supporto tecnico dedicato ai nostri prodotti, servizi e soluzioni on-line come per esempio: form, ticket on-line, help desk o video conferme call e\/o altro ancora.<\/p>\n<p><strong>COOKIE VARIABILI<\/strong><br \/>\nCon i COOKIE variabili, si possono impostare le sessioni e possono essere cancellati alla chiusura del browser. Questi, possono avere una durata limitata per permettere di svolgere attivit\u00e0 momentanee on-line perch\u00e9 le stesse possano essere gestite in modo corretto e protetto durante l&#8217;apertura, la compilazione, l&#8217;invio oppure altro eseguito dai nostri utenti\/clienti agenti,in comunicazione con noi.<\/p>\n<p><strong>COOKIE DI TERZI<\/strong><br \/>\nI COOKIE di terze parti possono essere installati da uno o pi\u00f9 siti che sono collegati al risultato restituito alla ricerca da uno o pi\u00f9, di questi siti web.\u2028Per fare un esempio a titolo esplicativo e non esaustivo: motori di ricerca, portali tematici, social network, banner, sistemi di broadcasting, blog, browser, ecc. ecc&#8230;<\/p>\n<p><strong>RISPETTO DELLE NORME<\/strong><br \/>\nCURSAL rispetta la navigazione degli utenti\/clienti, agenti ed utilizza i COOKIE solo secondo i termini di legge.<\/p>\n<p><strong>COOKIE TEMPORANEI<\/strong><br \/>\nI COOKIE temporanei vengono automaticamente cancellati dopo la chiusura della sessione dell&#8217;utente o dopo un certo periodo di tempo.<\/p>\n<p><strong>COOKIE PERMANENTI<\/strong><br \/>\nPer COOKIE permanenti, utilizziamo solo quelli che permettono una navigazione sicura e solo al fine di garantire una navigazione efficiente che possa dare la possibilit\u00e0 all&#8217;utente\/cliente agente, di registrarsi per accedere all&#8217;account personale e servirsene per la gestione dei servizi di supporto secondo e ai sensi dell&#8217;articolo 122 del Decreto Legislativo n. 196\/2003, l&#8217;impiego di tali COOKIE non richiede alcun consenso da parte dell&#8217;utente.<\/p>\n<p><strong>I COOKIE ANALITICI<\/strong><br \/>\nL&#8217;impiego di tali COOKIE necessita l&#8217;approvazione da parte dell&#8217;utente agente, che utilizza il SITO e servono per analizzare le modalit\u00e0 di accesso e il comportamento degli utenti che navigano nel proprio SITO, secondo e ai sensi dell&#8217;articolo 122 del Decreto Legislativo n. 196\/2003.<\/p>\n<p><strong>IL SITO UTILIZZA:<\/strong><\/p>\n<p><strong>I cookie tecnici:<br \/>\n<\/strong><\/p>\n<p>I COOKIE tecnici sono utilizzati al solo fine di effettuare la trasmissione di una comunicazione su una rete di comunicazione elettronica, o nella misura strettamente necessaria al fornitore di un servizio della societ\u00e0 dell&#8217;informazione esplicitamente richiesto dal contraente o dall&#8217;utente a erogare tale servizio.<\/p>\n<p><strong>I cookie di profilazione:<br \/>\n<\/strong><\/p>\n<p>L\u2019impiego di tali COOKIE necessita l\u2019approvazione dell\u2019utente. Tali COOKIE permanenti, consentono, di condividere i contenuti sui social network o per via e-mail e, per creare profili utenti e inviare messaggi pubblicitari e altri contenuti utili e in linea con le preferenze manifestate dagli stessi, durante la navigazione in Rete.\u2028Ai sensi dell\u2019articolo 122 del Decreto Legislativo n. 196\/2003.<\/p>\n<ul>\n<li>Cookie di terza parte per la visualizzazione dei video su YouTube.<br \/>\nIl Titolare del Trattamento dei Dati non ha accesso ai dati che sono raccolti e trattati in piena autonomia dalle terze parti. Per maggiori informazioni sulle logiche e le modalit\u00e0 di trattamento dei dati raccolti dai social network e\/o terze parti, gli utenti sono invitati a leggere le note informative sulla privacy fornite dai soggetti che forniscono i servizi in questione: YouTube: <a href=\"https:\/\/www.google.it\/intl\/it\/policies\/privacy\/\">https:\/\/www.google.it\/intl\/it\/policies\/privacy\/<\/a><\/li>\n<li>Cookie di terza parte per la visualizzazione dei video su Vimeo.<br \/>\nIl Titolare del Trattamento dei Dati non ha accesso ai dati che sono raccolti e trattati in piena autonomia dalle terze parti. Per maggiori informazioni sulle logiche e le modalit\u00e0 di trattamento dei dati raccolti dai social network e\/o terze parti, gli utenti sono invitati a leggere le note informative sulla privacy fornite dai soggetti che forniscono i servizi in questione: Vimeo: <a href=\"https:\/\/vimeo.com\/privacy\">https:\/\/vimeo.com\/privacy<\/a><\/li>\n<li>Cookie di terza parte per le mappe di Google.<br \/>\nIl Titolare del Trattamento dei Dati non ha accesso ai dati che sono raccolti e trattati in piena autonomia dalle terze parti. Per maggiori informazioni sulle logiche e le modalit\u00e0 di trattamento dei dati raccolti dai social network e\/o terze parti, gli utenti sono invitati a leggere le note informative sulla privacy fornite dai soggetti che forniscono i servizi in questione: Google Maps <a href=\"https:\/\/www.google.it\/intl\/it\/policies\/privacy\/\">https:\/\/www.google.it\/intl\/it\/policies\/privacy\/<\/a><\/li>\n<li>Cookie di terza parte per le statistiche Google Analytics.<br \/>\nIl Titolare del Trattamento dei Dati non ha accesso ai dati che sono raccolti e trattati in piena autonomia dalle terze parti. Per maggiori informazioni sulle logiche e le modalit\u00e0 di trattamento dei dati raccolti dai social network e\/o terze parti, gli utenti sono invitati a leggere le note informative sulla privacy fornite dai soggetti che forniscono i servizi in questione: Google Analytics <a href=\"https:\/\/www.google.it\/intl\/it\/policies\/privacy\/\">https:\/\/www.google.it\/intl\/it\/policies\/privacy\/<\/a><\/li>\n<\/ul>\n<p><strong>Come modificare le impostazioni relative ai COOKIE?<\/strong><br \/>\nAl momento dell&#8217;accesso alla home page o a qualunque altra pagina del SITO, compare un banner. Proseguendo ed accettando la navigazione nel SITO, l&#8217;utente\/cliente agente fornisce il consenso all&#8217;uso dei COOKIE.<br \/>\n\u00c8 possibile gestire le scelte sui COOKIE in qualsiasi momento cliccando su \u201cGestisci preferenze\u201d, compreso il vostro diritto di opporvi.<\/p>\n<p><a style=\"background: #e3e3e3; padding: 10px; margin: 20px auto; color: #000; text-align: center; display: block; font-weight: bold; font-size: 14px; cursor: pointer;\">Gestisci preferenze<\/a><\/p>\n<p>\u00c8 possibile non accettare l&#8217;uso dei COOKIE memorizzati sul proprio hard disk disabilitandoli dalla sezione dedicata del proprio browser.<\/p>\n<p>Seguire le istruzioni specifiche del browser in uso:<\/p>\n<p>&#8211; <a href=\"http:\/\/windows.microsoft.com\/en-gb\/windows7\/block-enable-or-allow-cookies\">Internet Explorer<\/a><br \/>\n&#8211; <a href=\"https:\/\/support.google.com\/chrome\/answer\/95647?hl=en\">Chrome\u2028<\/a><br \/>\n&#8211; <a href=\"https:\/\/support.mozilla.org\/en-US\/kb\/enable-and-disable-cookies-website-preferences\">Firefox<\/a><br \/>\n&#8211; <a href=\"http:\/\/www.opera.com\/help\/tutorials\/security\/privacy\/\">Opera\u2028<\/a><br \/>\n&#8211; <a href=\"https:\/\/support.apple.com\/kb\/ph5042?locale=en_US\">Safari<\/a><\/p>\n<p>In seguito, tuttavia, il SITO potrebbe non funzionare pi\u00f9 correttamente.<\/p>\n<p><strong>Limiti alla trasmissione e alla diffusione dei dati personali.<\/strong><br \/>\nI dati acquisiti mediante i COOKIE sono gestiti da dipendenti e da collaboratori di CURSAL, incaricati del trattamento dei dati.\u2028Le societ\u00e0 o i professionisti a cui \u00e8 stato affidato il compito di eseguire operazioni tecniche e organizzative in nostra vece, tali per esempio a titolo indicativo e non esaustivo quali fornitori di servizi web o altro direttamente collegato con le nostre forniture di servizi, prodotti e soluzioni trattate, fornite e\/o erogate da nostri partner diretti e che sono incaricati espressamente da CURSAL al trattamento dei dati.<br \/>\nL&#8217;elenco di tali aziende \u00e8 costantemente aggiornato e pu\u00f2 essere richiesto contattandoci all&#8217;indirizzo riportato in fondo alla pagina o inviando una e-mail all&#8217;indirizzo <a href=\"mailto:info@cursal.com\">info@cursal.com<\/a><br \/>\nI dati acquisiti usando i COOKIE possono essere trasferiti all&#8217;estero, ma non possono in nessun caso essere venduti, trasmessi o diffusi a terzi.<\/p>\n<p><strong>DIRITTI DEGLI UTENTI\/CLIENTI<\/strong><br \/>\nIn qualsiasi momento, \u00e8 possibile richiedere e ottenere la cancellazione, la trasformazione in forma anonima, la copia, l&#8217;aggiornamento, la rettifica, l&#8217;integrazione e il blocco dei dati trattati in violazione dell&#8217;articolo 7 del Decreto Legislativo n. 196\/2003.\u2028In qualsiasi momento, \u00e8 possibile opporsi al trattamento dei propri dati personali per finalit\u00e0 commerciali e di marketing, nonch\u00e9 opporsi, per motivi legittimi, al trattamento degli stessi per altre finalit\u00e0.\u2028A fine di fare valere i propri diritti legittimi, inviare una comunicazione scritta all&#8217;indirizzo riportato in fondo alla pagina o una e-mail all&#8217;indirizzo a <a href=\"mailto:info@cursal.com\">info@cursal.com<\/a><\/p>\n<p><strong>APPROFONDIMENTI<\/strong><br \/>\nApprofondimenti potrete trovarli su <a href=\"http:\/\/aboutcookies.org\">aboutcookies.org<\/a><\/p>\n<p><strong>TITOLARE E RESPONSABILE DEL TRATTAMENTO DEI DATI<\/strong><br \/>\nIl titolare del trattamento dei dati \u00e8 Cursal S.r.l. &#8211; Via Brandolini 38\/a &#8211; 31020 San Fior (TV) &#8211; ITALY<\/p>\n","protected":false},"excerpt":{"rendered":"<p>&nbsp; Informativa relativa al trattamento dei Cookie in conformit\u00e0 al Regolamento (UE) 2016\/679 (Regolamento europeo in materia di protezione dei dati personali; \u201cGDPR\u201d), al D. Lgs. 196\/2003 e s.m.i. (Codice in materia di protezione dei dati personali), alla Direttiva 2002\/58\/CE, al Provvedimento del Garante per la protezione dei dati personali (\u201cGarante Privacy\u201d) \u201cIndividuazione delle modalit\u00e0 [&hellip;]<\/p>\n","protected":false},"author":2,"featured_media":0,"parent":0,"menu_order":0,"comment_status":"closed","ping_status":"closed","template":"","meta":{"footnotes":""},"class_list":["post-930","page","type-page","status-publish","hentry"],"_links":{"self":[{"href":"https:\/\/www.cursal.com\/index.php?rest_route=\/wp\/v2\/pages\/930","targetHints":{"allow":["GET"]}}],"collection":[{"href":"https:\/\/www.cursal.com\/index.php?rest_route=\/wp\/v2\/pages"}],"about":[{"href":"https:\/\/www.cursal.com\/index.php?rest_route=\/wp\/v2\/types\/page"}],"author":[{"embeddable":true,"href":"https:\/\/www.cursal.com\/index.php?rest_route=\/wp\/v2\/users\/2"}],"replies":[{"embeddable":true,"href":"https:\/\/www.cursal.com\/index.php?rest_route=%2Fwp%2Fv2%2Fcomments&post=930"}],"version-history":[{"count":13,"href":"https:\/\/www.cursal.com\/index.php?rest_route=\/wp\/v2\/pages\/930\/revisions"}],"predecessor-version":[{"id":67818,"href":"https:\/\/www.cursal.com\/index.php?rest_route=\/wp\/v2\/pages\/930\/revisions\/67818"}],"wp:attachment":[{"href":"https:\/\/www.cursal.com\/index.php?rest_route=%2Fwp%2Fv2%2Fmedia&parent=930"}],"curies":[{"name":"wp","href":"https:\/\/api.w.org\/{rel}","templated":true}]}}