{"id":717,"date":"2014-11-18T18:20:54","date_gmt":"2014-11-18T17:20:54","guid":{"rendered":"http:\/\/dm2cu1.cursal.it\/?page_id=717"},"modified":"2025-03-03T17:16:07","modified_gmt":"2025-03-03T16:16:07","slug":"calendar-2","status":"publish","type":"page","link":"https:\/\/www.cursal.com\/?page_id=717&lang=fr","title":{"rendered":"CALENDRIER CURSAL"},"content":{"rendered":"<p data-start=\"531\" data-end=\"716\">Nous avons mis \u00e0 disposition notre <strong data-start=\"566\" data-end=\"603\">calendrier de travail CURSAL 2025<\/strong> pour les clients, repr\u00e9sentants et revendeurs, afin de fournir une r\u00e9f\u00e9rence claire sur nos jours d&#8217;ouverture.<\/p>\n<p data-start=\"718\" data-end=\"907\">En le consultant, vous pourrez mieux planifier vos visites sur site, organiser les enl\u00e8vements ou les livraisons et calculer pr\u00e9cis\u00e9ment les jours ouvrables pour la gestion des commandes.<\/p>\n<p data-start=\"909\" data-end=\"1035\">Nous vous invitons \u00e0 l\u2019utiliser pour optimiser votre organisation. Pour toute demande, notre \u00e9quipe est toujours disponible.<\/p>\n<p data-start=\"909\" data-end=\"1035\">\n<p data-start=\"909\" data-end=\"1035\"><a  href=\"https:\/\/www.cursal.com\/wp-content\/uploads\/2025\/03\/CALENDARIO-2025-scaled.jpg\" data-rel=\"lightbox-gallery-0\" data-rl_title=\"\" data-rl_caption=\"\" title=\"\"><img loading=\"lazy\" decoding=\"async\" class=\"alignleft size-full wp-image-68970\" src=\"https:\/\/www.cursal.com\/wp-content\/uploads\/2025\/03\/CALENDARIO-2025-scaled.jpg\" alt=\"\" width=\"1810\" height=\"2560\" srcset=\"https:\/\/www.cursal.com\/wp-content\/uploads\/2025\/03\/CALENDARIO-2025-scaled.jpg 1810w, https:\/\/www.cursal.com\/wp-content\/uploads\/2025\/03\/CALENDARIO-2025-424x600.jpg 424w, https:\/\/www.cursal.com\/wp-content\/uploads\/2025\/03\/CALENDARIO-2025-728x1030.jpg 728w, https:\/\/www.cursal.com\/wp-content\/uploads\/2025\/03\/CALENDARIO-2025-768x1086.jpg 768w, https:\/\/www.cursal.com\/wp-content\/uploads\/2025\/03\/CALENDARIO-2025-1086x1536.jpg 1086w, https:\/\/www.cursal.com\/wp-content\/uploads\/2025\/03\/CALENDARIO-2025-1448x2048.jpg 1448w, https:\/\/www.cursal.com\/wp-content\/uploads\/2025\/03\/CALENDARIO-2025-1061x1500.jpg 1061w, https:\/\/www.cursal.com\/wp-content\/uploads\/2025\/03\/CALENDARIO-2025-498x705.jpg 498w, https:\/\/www.cursal.com\/wp-content\/uploads\/2025\/03\/CALENDARIO-2025-450x636.jpg 450w, https:\/\/www.cursal.com\/wp-content\/uploads\/2025\/03\/CALENDARIO-2025-1320x1867.jpg 1320w\" sizes=\"auto, (max-width: 1810px) 100vw, 1810px\" \/><\/a><\/p>\n<p>&nbsp;<\/p>\n","protected":false},"excerpt":{"rendered":"<p>Nous avons mis \u00e0 disposition notre calendrier de travail CURSAL 2025 pour les clients, repr\u00e9sentants et revendeurs, afin de fournir une r\u00e9f\u00e9rence claire sur nos jours d&#8217;ouverture. En le consultant, vous pourrez mieux planifier vos visites sur site, organiser les enl\u00e8vements ou les livraisons et calculer pr\u00e9cis\u00e9ment les jours ouvrables pour la gestion des commandes. [&hellip;]<\/p>\n","protected":false},"author":2,"featured_media":0,"parent":2857,"menu_order":0,"comment_status":"closed","ping_status":"closed","template":"","meta":{"footnotes":""},"class_list":["post-717","page","type-page","status-publish","hentry"],"_links":{"self":[{"href":"https:\/\/www.cursal.com\/index.php?rest_route=\/wp\/v2\/pages\/717","targetHints":{"allow":["GET"]}}],"collection":[{"href":"https:\/\/www.cursal.com\/index.php?rest_route=\/wp\/v2\/pages"}],"about":[{"href":"https:\/\/www.cursal.com\/index.php?rest_route=\/wp\/v2\/types\/page"}],"author":[{"embeddable":true,"href":"https:\/\/www.cursal.com\/index.php?rest_route=\/wp\/v2\/users\/2"}],"replies":[{"embeddable":true,"href":"https:\/\/www.cursal.com\/index.php?rest_route=%2Fwp%2Fv2%2Fcomments&post=717"}],"version-history":[{"count":13,"href":"https:\/\/www.cursal.com\/index.php?rest_route=\/wp\/v2\/pages\/717\/revisions"}],"predecessor-version":[{"id":68984,"href":"https:\/\/www.cursal.com\/index.php?rest_route=\/wp\/v2\/pages\/717\/revisions\/68984"}],"up":[{"embeddable":true,"href":"https:\/\/www.cursal.com\/index.php?rest_route=\/wp\/v2\/pages\/2857"}],"wp:attachment":[{"href":"https:\/\/www.cursal.com\/index.php?rest_route=%2Fwp%2Fv2%2Fmedia&parent=717"}],"curies":[{"name":"wp","href":"https:\/\/api.w.org\/{rel}","templated":true}]}}