{"id":67873,"date":"2024-10-14T08:43:19","date_gmt":"2024-10-14T06:43:19","guid":{"rendered":"https:\/\/www.cursal.com\/?page_id=67873"},"modified":"2026-01-08T10:05:34","modified_gmt":"2026-01-08T09:05:34","slug":"certificato-lei-legal-entity-identifier","status":"publish","type":"page","link":"https:\/\/www.cursal.com\/?page_id=67873&lang=fr","title":{"rendered":"Certificat LEI (Legal Entity Identifier)"},"content":{"rendered":"<section class=\"av_textblock_section \"  itemscope=\"itemscope\" itemtype=\"https:\/\/schema.org\/CreativeWork\" ><div class='avia_textblock  '   itemprop=\"text\" ><p><strong data-start=\"686\" data-end=\"756\">Certificat LEI Cursal S.R.L. \u2013 Garantie de Transparence Financi\u00e8re<\/strong><\/p>\n<\/div><\/section>\n<section class=\"av_textblock_section \"  itemscope=\"itemscope\" itemtype=\"https:\/\/schema.org\/CreativeWork\" ><div class='avia_textblock  '   itemprop=\"text\" ><p data-start=\"760\" data-end=\"1082\">Cursal S.R.L. d\u00e9tient le Code LEI (Identifiant d&#8217;Entit\u00e9 Juridique), un identifiant international garantissant la transparence et la fiabilit\u00e9 sur les march\u00e9s financiers mondiaux. Notre code LEI, 984500493RDE44L42B30, est valable jusqu&#8217;au 8 mars 2027, avec des mises \u00e0 jour annuelles pour garantir une pr\u00e9cision maximale.<\/p>\n<p data-start=\"1084\" data-end=\"1225\">Ce code facilite l&#8217;identification unique de notre entreprise et simplifie les v\u00e9rifications pour les partenaires commerciaux et financiers.<\/p>\n<p data-start=\"1227\" data-end=\"1353\">D\u00e9couvrez notre Certificat LEI et v\u00e9rifiez le code sur la plateforme officielle : <a href=\"https:\/\/www.registrolei.it\" target=\"_new\" rel=\"noopener\" data-start=\"1309\" data-end=\"1352\">RegistoLEI.it<\/a>.<\/p>\n<\/div><\/section>\n<div class=\"flex_column av_one_half  flex_column_div av-zero-column-padding avia-link-column first  \" style='background:url(https:\/\/www.cursal.com\/wp-content\/uploads\/2024\/10\/240304-Certificato-LEI-CURSAL-S.R.L._Pagina_1-scaled.jpg) top left no-repeat ; border-radius:0px; ' data-link-column-url=\"http:\/\/\" ><a class=\"av-screen-reader-only\" href=http:\/\/ >Segui un collegamento aggiunto manuale<\/a><div class='avia-image-container  av-styling-    avia-align-center '  itemprop=\"ImageObject\" itemscope=\"itemscope\" itemtype=\"https:\/\/schema.org\/ImageObject\"  ><div class='avia-image-container-inner'><div class='avia-image-overlay-wrap'><img class='avia_image ' src='https:\/\/www.cursal.com\/wp-content\/uploads\/2024\/10\/240304-Certificato-LEI-CURSAL-S.R.L._Pagina_1-scaled.jpg' alt='' title='240304 Certificato LEI CURSAL S.R.L._Pagina_1' height=\"2560\"width=\"1809\"  itemprop=\"thumbnailUrl\"  \/><\/div><\/div><\/div><\/div>\n<div class=\"flex_column av_one_half  flex_column_div av-zero-column-padding   \" style='border-radius:0px; '><div class='avia-image-container  av-styling-    avia-align-center '  itemprop=\"ImageObject\" itemscope=\"itemscope\" itemtype=\"https:\/\/schema.org\/ImageObject\"  ><div class='avia-image-container-inner'><div class='avia-image-overlay-wrap'><img class='avia_image ' src='https:\/\/www.cursal.com\/wp-content\/uploads\/2024\/10\/240304-Certificato-LEI-CURSAL-S.R.L._Pagina_2.jpg' alt='' title='240304 Certificato LEI CURSAL S.R.L._Pagina_2' height=\"2339\"width=\"1653\"  itemprop=\"thumbnailUrl\"  \/><\/div><\/div><\/div><\/div>\n","protected":false},"excerpt":{"rendered":"","protected":false},"author":2,"featured_media":0,"parent":0,"menu_order":0,"comment_status":"closed","ping_status":"closed","template":"","meta":{"footnotes":""},"class_list":["post-67873","page","type-page","status-publish","hentry"],"_links":{"self":[{"href":"https:\/\/www.cursal.com\/index.php?rest_route=\/wp\/v2\/pages\/67873","targetHints":{"allow":["GET"]}}],"collection":[{"href":"https:\/\/www.cursal.com\/index.php?rest_route=\/wp\/v2\/pages"}],"about":[{"href":"https:\/\/www.cursal.com\/index.php?rest_route=\/wp\/v2\/types\/page"}],"author":[{"embeddable":true,"href":"https:\/\/www.cursal.com\/index.php?rest_route=\/wp\/v2\/users\/2"}],"replies":[{"embeddable":true,"href":"https:\/\/www.cursal.com\/index.php?rest_route=%2Fwp%2Fv2%2Fcomments&post=67873"}],"version-history":[{"count":4,"href":"https:\/\/www.cursal.com\/index.php?rest_route=\/wp\/v2\/pages\/67873\/revisions"}],"predecessor-version":[{"id":75301,"href":"https:\/\/www.cursal.com\/index.php?rest_route=\/wp\/v2\/pages\/67873\/revisions\/75301"}],"wp:attachment":[{"href":"https:\/\/www.cursal.com\/index.php?rest_route=%2Fwp%2Fv2%2Fmedia&parent=67873"}],"curies":[{"name":"wp","href":"https:\/\/api.w.org\/{rel}","templated":true}]}}