{"id":5692,"date":"2017-04-13T17:27:31","date_gmt":"2017-04-13T15:27:31","guid":{"rendered":"https:\/\/www.cursal.com\/?page_id=5692"},"modified":"2019-10-22T08:51:12","modified_gmt":"2019-10-22T06:51:12","slug":"plan-du-site","status":"publish","type":"page","link":"https:\/\/www.cursal.com\/?page_id=5692&lang=fr","title":{"rendered":"Plan du site"},"content":{"rendered":"<h3><span style=\"color: #000000;\">Tron\u00e7onneuses d&#8217;optimisation<\/span><\/h3>\n<p><strong><span style=\"color: #000000;\"><a href=\"http:\/\/www.cursal.com\/?cat=117&amp;lang=fr\"><span style=\"color: #000000;\">Traction \u00e0 tapis<\/span><\/a><\/span><\/strong><br \/>\n<span style=\"color: #000000;\"> &#8211;\u00a0<a href=\"http:\/\/www.cursal.com\/?p=2903&amp;lang=fr\"><span style=\"color: #000000;\">TRV 1200<br \/>\n<\/span><\/a>&#8211;\u00a0<a href=\"http:\/\/www.cursal.com\/?p=2913&amp;lang=fr\"><span style=\"color: #000000;\">TRV 1700<br \/>\n<\/span><\/a>&#8211;\u00a0<a href=\"http:\/\/www.cursal.com\/?p=2923&amp;lang=fr\"><span style=\"color: #000000;\">TRV 2000<br \/>\n<\/span><\/a>&#8211;\u00a0<a href=\"http:\/\/www.cursal.com\/?p=2925&amp;lang=fr\"><span style=\"color: #000000;\">TRV 2200<br \/>\n<\/span><\/a>&#8211;\u00a0<a href=\"http:\/\/www.cursal.com\/?p=2934&amp;lang=fr\"><span style=\"color: #000000;\">TRV 2700<\/span><\/a><br \/>\n<\/span>&#8211;\u00a0<span style=\"color: #000000;\"><a style=\"color: #000000;\" href=\"https:\/\/www.cursal.com\/?p=19862&amp;lang=en\">TRV 2700EB + CROSS-SCAN 4.1<\/a><\/span><br \/>\n<strong><span style=\"color: #000000;\"> <a href=\"http:\/\/www.cursal.com\/?cat=118&amp;lang=fr\"><span style=\"color: #000000;\">Traction \u00e0 rouleaux<\/span><\/a><\/span><\/strong><br \/>\n<span style=\"color: #000000;\"> &#8211;\u00a0<a href=\"http:\/\/www.cursal.com\/?p=2945&amp;lang=fr\"><span style=\"color: #000000;\">TROA<\/span><\/a><\/span><br \/>\n<span style=\"color: #000000;\"> &#8211;\u00a0<a href=\"http:\/\/www.cursal.com\/?p=2954&amp;lang=fr\"><span style=\"color: #000000;\">TROE<\/span><\/a><br \/>\n&#8211;\u00a0<a style=\"color: #000000;\" href=\"https:\/\/www.cursal.com\/?p=21651&amp;lang=fr\">TRV 2000 700R<\/a><br \/>\n<\/span><strong><span style=\"color: #000000;\"> <a href=\"http:\/\/www.cursal.com\/?cat=119&amp;lang=fr\"><span style=\"color: #000000;\">Pousseurs<\/span><\/a><\/span><\/strong><br \/>\n<span style=\"color: #000000;\">&#8211; <a style=\"color: #000000;\" href=\"https:\/\/www.cursal.com\/?p=2963&amp;lang=fr\">TRSI 500<\/a><\/span><br \/>\n<span style=\"color: #000000;\"> &#8211;\u00a0<a style=\"color: #000000;\" href=\"https:\/\/www.cursal.com\/?p=7662&amp;lang=fr\">TRSI 600<\/a><\/span><br \/>\n<span style=\"color: #000000;\"> &#8211;\u00a0<a style=\"color: #000000;\" href=\"https:\/\/www.cursal.com\/?p=7710&amp;lang=fr\">TRSI 700<\/a><br \/>\n<\/span>&#8211; <span style=\"color: #000000;\"><a style=\"color: #000000;\" href=\"https:\/\/www.cursal.com\/?p=25293&amp;lang=fr\">TRSI 500 + SYST\u00c8ME DE PER\u00c7AGE INT\u00c9GR\u00c9<\/a><\/span><br \/>\n<span style=\"color: #000000;\"> &#8211;\u00a0<a href=\"http:\/\/www.cursal.com\/?p=2992&amp;lang=fr\"><span style=\"color: #000000;\">TRGSI<\/span><\/a><\/span><\/p>\n<h3><span style=\"color: #000000;\">Tron\u00e7onneuses\u00a0&#8211; automatiques rapides<\/span><\/h3>\n<p><span style=\"color: #000000;\">&#8211; <a href=\"http:\/\/www.cursal.com\/?p=3001&amp;lang=fr\"><span style=\"color: #000000;\">TVM 400<\/span><\/a><\/span><br \/>\n<span style=\"color: #000000;\"> &#8211;\u00a0<a href=\"http:\/\/www.cursal.com\/?p=3010&amp;lang=fr\"><span style=\"color: #000000;\">TVM 500<\/span><\/a><\/span><br \/>\n<span style=\"color: #000000;\"> &#8211;\u00a0<a href=\"http:\/\/www.cursal.com\/?p=3056&amp;lang=fr\"><span style=\"color: #000000;\">TVM 600<\/span><\/a><br \/>\n<a style=\"color: #000000;\" href=\"https:\/\/www.cursal.com\/?p=21887&amp;lang=fr\">&#8211; TVM 700<\/a><\/span><br \/>\n<span style=\"color: #000000;\"> &#8211;\u00a0<a href=\"http:\/\/www.cursal.com\/?p=3065&amp;lang=fr\"><span style=\"color: #000000;\">TOM 500<\/span><\/a><\/span><\/p>\n<h3><span style=\"color: #000000;\">Tron\u00e7onneuses\u00a0\u00a0sp\u00e9ciales<\/span><\/h3>\n<p><span style=\"color: #000000;\">&#8211; <a href=\"http:\/\/www.cursal.com\/?p=3077&amp;lang=fr\"><span style=\"color: #000000;\">TRV 1200L<\/span><\/a><\/span><br \/>\n<span style=\"color: #000000;\"> &#8211;\u00a0<a href=\"http:\/\/www.cursal.com\/?p=3088&amp;lang=fr\"><span style=\"color: #000000;\">TRV 1600L<\/span><\/a><\/span><br \/>\n<span style=\"color: #000000;\"> &#8211;\u00a0<a href=\"http:\/\/www.cursal.com\/?p=3100&amp;lang=fr\"><span style=\"color: #000000;\">TRO 400 SUP<\/span><\/a><\/span><\/p>\n<h3><span style=\"color: #000000;\">Chargeurs &#8211; d\u00e9chargeurs<\/span><\/h3>\n<p><strong><span style=\"color: #000000;\"><a href=\"http:\/\/www.cursal.com\/?cat=124&amp;lang=fr\"><span style=\"color: #000000;\">Ventouses<\/span><\/a><\/span><\/strong><br \/>\n<span style=\"color: #000000;\"> &#8211;\u00a0<a href=\"http:\/\/www.cursal.com\/?p=3136&amp;lang=fr\"><span style=\"color: #000000;\">CV-SV 1C VENTOUSE 1 COLONNE<\/span><\/a><\/span><br \/>\n<span style=\"color: #000000;\"> &#8211;\u00a0<a href=\"http:\/\/www.cursal.com\/?p=3129&amp;lang=fr\"><span style=\"color: #000000;\">CV-SV 2C VENTOUSE 2 COLONNES<\/span><\/a><\/span><br \/>\n<span style=\"color: #000000;\"> &#8211;\u00a0<a href=\"http:\/\/www.cursal.com\/?p=3114&amp;lang=fr\"><span style=\"color: #000000;\">CV-SV 3C VENTOUSE 3 COLONNES<\/span><\/a><\/span><br \/>\n<span style=\"color: #000000;\"> &#8211;\u00a0<a href=\"http:\/\/www.cursal.com\/?p=3112&amp;lang=fr\"><span style=\"color: #000000;\">CV-SV 4C VENTOUSE 4 COLONNES<\/span><\/a><a href=\"http:\/\/www.cursal.com\/?p=1392\"><span style=\"color: #000000;\"><br \/>\n<\/span><\/a><strong><a href=\"http:\/\/www.cursal.com\/?cat=123&amp;lang=fr\"><span style=\"color: #000000;\">Pinces &#8211; fourches<\/span><\/a><\/strong><\/span><br \/>\n<span style=\"color: #000000;\"> &#8211;\u00a0<a href=\"http:\/\/www.cursal.com\/?p=3143&amp;lang=fr\"><span style=\"color: #000000;\">ACN 3P<\/span><\/a><\/span><\/p>\n<h3><span style=\"color: #000000;\">Accessoires<\/span><\/h3>\n<p><span style=\"color: #000000;\">&#8211;\u00a0<a style=\"color: #000000;\" href=\"https:\/\/www.cursal.com\/?p=3216&amp;lang=fr\">ALIMENTATEURS\u00a0&#8211; ACCESSOIRES DE CHARGE<\/a><\/span><br \/>\n<span style=\"color: #000000;\"> &#8211;\u00a0<a style=\"color: #000000;\" href=\"https:\/\/www.cursal.com\/?p=3203&amp;lang=fr\">ROULEAUX &#8211; TAPIS<\/a><\/span><br \/>\n<span style=\"color: #000000;\"> &#8211; <a style=\"color: #000000;\" href=\"https:\/\/www.cursal.com\/?p=3192&amp;lang=fr\">SCANNER &#8211; M\u00c8TRES DE HUMIDIT\u00c9<\/a><\/span><br \/>\n<span style=\"color: #000000;\"> &#8211; <a style=\"color: #000000;\" href=\"https:\/\/www.cursal.com\/?p=3181&amp;lang=fr\">IMPRIMANTES &#8211; \u00c9TIQUETTEUSES<\/a><\/span><br \/>\n<span style=\"color: #000000;\"> &#8211; <a style=\"color: #000000;\" href=\"https:\/\/www.cursal.com\/?p=3166&amp;lang=fr\">BUT\u00c9E PNEUMATIQUE &#8211;\u00a0ELECTRONIQUE<\/a><\/span><br \/>\n<span style=\"color: #000000;\"> &#8211;<a style=\"color: #000000;\" href=\"https:\/\/www.cursal.com\/?p=3151&amp;lang=fr\"> EJECTEURS &#8211; SYST\u00c8MES DE COLLECTE<\/a><\/span><\/p>\n","protected":false},"excerpt":{"rendered":"<p>Tron\u00e7onneuses d&#8217;optimisation Traction \u00e0 tapis &#8211;\u00a0TRV 1200 &#8211;\u00a0TRV 1700 &#8211;\u00a0TRV 2000 &#8211;\u00a0TRV 2200 &#8211;\u00a0TRV 2700 &#8211;\u00a0TRV 2700EB + CROSS-SCAN 4.1 Traction \u00e0 rouleaux &#8211;\u00a0TROA &#8211;\u00a0TROE &#8211;\u00a0TRV 2000 700R Pousseurs &#8211; TRSI 500 &#8211;\u00a0TRSI 600 &#8211;\u00a0TRSI 700 &#8211; TRSI 500 + SYST\u00c8ME DE PER\u00c7AGE INT\u00c9GR\u00c9 &#8211;\u00a0TRGSI Tron\u00e7onneuses\u00a0&#8211; automatiques rapides &#8211; TVM 400 &#8211;\u00a0TVM 500 &#8211;\u00a0TVM 600 [&hellip;]<\/p>\n","protected":false},"author":2,"featured_media":0,"parent":2857,"menu_order":0,"comment_status":"closed","ping_status":"closed","template":"","meta":{"footnotes":""},"class_list":["post-5692","page","type-page","status-publish","hentry"],"_links":{"self":[{"href":"https:\/\/www.cursal.com\/index.php?rest_route=\/wp\/v2\/pages\/5692","targetHints":{"allow":["GET"]}}],"collection":[{"href":"https:\/\/www.cursal.com\/index.php?rest_route=\/wp\/v2\/pages"}],"about":[{"href":"https:\/\/www.cursal.com\/index.php?rest_route=\/wp\/v2\/types\/page"}],"author":[{"embeddable":true,"href":"https:\/\/www.cursal.com\/index.php?rest_route=\/wp\/v2\/users\/2"}],"replies":[{"embeddable":true,"href":"https:\/\/www.cursal.com\/index.php?rest_route=%2Fwp%2Fv2%2Fcomments&post=5692"}],"version-history":[{"count":15,"href":"https:\/\/www.cursal.com\/index.php?rest_route=\/wp\/v2\/pages\/5692\/revisions"}],"predecessor-version":[{"id":26272,"href":"https:\/\/www.cursal.com\/index.php?rest_route=\/wp\/v2\/pages\/5692\/revisions\/26272"}],"up":[{"embeddable":true,"href":"https:\/\/www.cursal.com\/index.php?rest_route=\/wp\/v2\/pages\/2857"}],"wp:attachment":[{"href":"https:\/\/www.cursal.com\/index.php?rest_route=%2Fwp%2Fv2%2Fmedia&parent=5692"}],"curies":[{"name":"wp","href":"https:\/\/api.w.org\/{rel}","templated":true}]}}