{"id":49763,"date":"2021-08-05T14:45:30","date_gmt":"2021-08-05T12:45:30","guid":{"rendered":"https:\/\/www.cursal.com\/?page_id=49763"},"modified":"2025-03-04T18:26:42","modified_gmt":"2025-03-04T17:26:42","slug":"oekologisch-nachhaltiges-wirtschaften","status":"publish","type":"page","link":"https:\/\/www.cursal.com\/?page_id=49763&lang=de","title":{"rendered":"\u00d6kologisch nachhaltiges Wirtschaften"},"content":{"rendered":"<div class=\"flex max-w-full flex-col flex-grow\">\n<div class=\"min-h-8 text-message relative flex w-full flex-col items-end gap-2 whitespace-normal break-words text-start [.text-message+&amp;]:mt-5\" dir=\"auto\" data-message-author-role=\"assistant\" data-message-id=\"5be0ce19-de73-46e4-835f-787955b5de59\" data-message-model-slug=\"gpt-4o\">\n<div class=\"flex w-full flex-col gap-1 empty:hidden first:pt-[3px]\">\n<div class=\"markdown prose w-full break-words dark:prose-invert light\">\n<h3 data-start=\"0\" data-end=\"66\"><a  href=\"https:\/\/www.cursal.com\/wp-content\/uploads\/2025\/03\/Cursal_sostenibilita.jpg\" data-rel=\"lightbox-gallery-0\" data-rl_title=\"\" data-rl_caption=\"\" title=\"\"><img loading=\"lazy\" decoding=\"async\" class=\"alignleft wp-image-69043\" src=\"https:\/\/www.cursal.com\/wp-content\/uploads\/2025\/03\/Cursal_sostenibilita.jpg\" alt=\"\" width=\"1588\" height=\"1058\" srcset=\"https:\/\/www.cursal.com\/wp-content\/uploads\/2025\/03\/Cursal_sostenibilita.jpg 1280w, https:\/\/www.cursal.com\/wp-content\/uploads\/2025\/03\/Cursal_sostenibilita-600x400.jpg 600w, https:\/\/www.cursal.com\/wp-content\/uploads\/2025\/03\/Cursal_sostenibilita-1030x686.jpg 1030w, https:\/\/www.cursal.com\/wp-content\/uploads\/2025\/03\/Cursal_sostenibilita-768x512.jpg 768w, https:\/\/www.cursal.com\/wp-content\/uploads\/2025\/03\/Cursal_sostenibilita-705x470.jpg 705w, https:\/\/www.cursal.com\/wp-content\/uploads\/2025\/03\/Cursal_sostenibilita-450x300.jpg 450w\" sizes=\"auto, (max-width: 1588px) 100vw, 1588px\" \/><\/a><\/h3>\n<div class=\"flex max-w-full flex-col flex-grow\">\n<div class=\"min-h-8 text-message relative flex w-full flex-col items-end gap-2 whitespace-normal break-words text-start [.text-message+&amp;]:mt-5\" dir=\"auto\" data-message-author-role=\"assistant\" data-message-id=\"5be0ce19-de73-46e4-835f-787955b5de59\" data-message-model-slug=\"gpt-4o\">\n<div class=\"flex w-full flex-col gap-1 empty:hidden first:pt-[3px]\">\n<div class=\"markdown prose w-full break-words dark:prose-invert light\">\n<h3 data-start=\"0\" data-end=\"66\">\nCursal: Innovation und Nachhaltigkeit f\u00fcr eine Gr\u00fcne Zukunft<\/h3>\n<p data-start=\"68\" data-end=\"479\">Cursal setzt seit jeher auf ein nachhaltiges Entwicklungsmodell. Jeden Tag arbeiten wir daran, Abfall zu reduzieren, Ressourcen zu optimieren und unn\u00f6tige Umweltbelastungen zu vermeiden. Unser Engagement f\u00fcr die Green Economy erm\u00f6glicht es uns, mit effizienten Produktionsprozessen zu arbeiten, \u00d6kosysteme zu sch\u00fctzen und saubere, erneuerbare Energie zu nutzen, um eine nachhaltigere Zukunft zu gew\u00e4hrleisten.<\/p>\n<h4 data-start=\"481\" data-end=\"515\">Unsere Konkreten Ma\u00dfnahmen:<\/h4>\n<p data-start=\"517\" data-end=\"746\"><strong data-start=\"517\" data-end=\"559\"><a  href=\"https:\/\/www.cursal.com\/wp-content\/uploads\/2025\/03\/Immagine-di-energia-solare-3.jpg\" data-rel=\"lightbox-gallery-0\" data-rl_title=\"\" data-rl_caption=\"\" title=\"\"><img loading=\"lazy\" decoding=\"async\" class=\"alignleft size-full wp-image-69079\" src=\"https:\/\/www.cursal.com\/wp-content\/uploads\/2025\/03\/Immagine-di-energia-solare-3.jpg\" alt=\"\" width=\"200\" height=\"200\" srcset=\"https:\/\/www.cursal.com\/wp-content\/uploads\/2025\/03\/Immagine-di-energia-solare-3.jpg 200w, https:\/\/www.cursal.com\/wp-content\/uploads\/2025\/03\/Immagine-di-energia-solare-3-80x80.jpg 80w, https:\/\/www.cursal.com\/wp-content\/uploads\/2025\/03\/Immagine-di-energia-solare-3-36x36.jpg 36w, https:\/\/www.cursal.com\/wp-content\/uploads\/2025\/03\/Immagine-di-energia-solare-3-180x180.jpg 180w, https:\/\/www.cursal.com\/wp-content\/uploads\/2025\/03\/Immagine-di-energia-solare-3-120x120.jpg 120w\" sizes=\"auto, (max-width: 200px) 100vw, 200px\" \/><\/a>Eigene Produktion erneuerbarer Energie<\/strong><br data-start=\"559\" data-end=\"562\" \/>93 % der von uns genutzten Energie stammen aus unserer eigenen Photovoltaikanlage, wodurch wir unsere Abh\u00e4ngigkeit von fossilen Brennstoffen verringern und CO\u2082-Emissionen reduzieren.<\/p>\n<p><a  href=\"https:\/\/www.cursal.com\/wp-content\/uploads\/2025\/03\/Energia-certificata-100-rinnovabile.jpg\" data-rel=\"lightbox-gallery-0\" data-rl_title=\"\" data-rl_caption=\"\" title=\"\"><img loading=\"lazy\" decoding=\"async\" class=\"alignleft size-full wp-image-69106\" src=\"https:\/\/www.cursal.com\/wp-content\/uploads\/2025\/03\/Energia-certificata-100-rinnovabile.jpg\" alt=\"\" width=\"200\" height=\"200\" srcset=\"https:\/\/www.cursal.com\/wp-content\/uploads\/2025\/03\/Energia-certificata-100-rinnovabile.jpg 200w, https:\/\/www.cursal.com\/wp-content\/uploads\/2025\/03\/Energia-certificata-100-rinnovabile-80x80.jpg 80w, https:\/\/www.cursal.com\/wp-content\/uploads\/2025\/03\/Energia-certificata-100-rinnovabile-36x36.jpg 36w, https:\/\/www.cursal.com\/wp-content\/uploads\/2025\/03\/Energia-certificata-100-rinnovabile-180x180.jpg 180w, https:\/\/www.cursal.com\/wp-content\/uploads\/2025\/03\/Energia-certificata-100-rinnovabile-120x120.jpg 120w\" sizes=\"auto, (max-width: 200px) 100vw, 200px\" \/><\/a><strong>100 % zertifizierte erneuerbare Energie<\/strong><br data-start=\"791\" data-end=\"794\" \/>Wir beziehen unseren Strom ausschlie\u00dflich von Anbietern, die Wasserkraft-, Wind- und Solarenergie nutzen.<\/p>\n<p data-start=\"903\" data-end=\"1062\"><strong data-start=\"903\" data-end=\"931\"><br \/>\n<a  href=\"https:\/\/www.cursal.com\/wp-content\/uploads\/2025\/03\/Imballaggi-sostenibili.jpg\" data-rel=\"lightbox-gallery-0\" data-rl_title=\"\" data-rl_caption=\"\" title=\"\"><img loading=\"lazy\" decoding=\"async\" class=\"alignleft size-full wp-image-69115\" src=\"https:\/\/www.cursal.com\/wp-content\/uploads\/2025\/03\/Imballaggi-sostenibili.jpg\" alt=\"\" width=\"200\" height=\"200\" srcset=\"https:\/\/www.cursal.com\/wp-content\/uploads\/2025\/03\/Imballaggi-sostenibili.jpg 200w, https:\/\/www.cursal.com\/wp-content\/uploads\/2025\/03\/Imballaggi-sostenibili-80x80.jpg 80w, https:\/\/www.cursal.com\/wp-content\/uploads\/2025\/03\/Imballaggi-sostenibili-36x36.jpg 36w, https:\/\/www.cursal.com\/wp-content\/uploads\/2025\/03\/Imballaggi-sostenibili-180x180.jpg 180w, https:\/\/www.cursal.com\/wp-content\/uploads\/2025\/03\/Imballaggi-sostenibili-120x120.jpg 120w\" sizes=\"auto, (max-width: 200px) 100vw, 200px\" \/><\/a>Nachhaltige Verpackungen<\/strong><br data-start=\"931\" data-end=\"934\" \/>\u00dcber 75 % der erhaltenen Verpackungsmaterialien werden wiederverwendet, wodurch wir industrielle Abf\u00e4lle erheblich reduzieren.<\/p>\n<\/div>\n<\/div>\n<\/div>\n<p data-start=\"903\" data-end=\"1062\">\n<\/div>\n<\/div>\n<\/div>\n<div class=\"flex w-full flex-col gap-1 empty:hidden first:pt-[3px]\">\n<div class=\"markdown prose w-full break-words dark:prose-invert light\">\n<div class=\"flex max-w-full flex-col flex-grow\">\n<div class=\"min-h-8 text-message relative flex w-full flex-col items-end gap-2 whitespace-normal break-words text-start [.text-message+&amp;]:mt-5\" dir=\"auto\" data-message-author-role=\"assistant\" data-message-id=\"5be0ce19-de73-46e4-835f-787955b5de59\" data-message-model-slug=\"gpt-4o\">\n<div class=\"flex w-full flex-col gap-1 empty:hidden first:pt-[3px]\">\n<div class=\"markdown prose w-full break-words dark:prose-invert light\">\n<p><a  href=\"https:\/\/www.cursal.com\/wp-content\/uploads\/2025\/03\/Trattamenti-sostenibili.jpg\" data-rel=\"lightbox-gallery-0\" data-rl_title=\"\" data-rl_caption=\"\" title=\"\"><img loading=\"lazy\" decoding=\"async\" class=\"alignleft size-full wp-image-69124\" src=\"https:\/\/www.cursal.com\/wp-content\/uploads\/2025\/03\/Trattamenti-sostenibili.jpg\" alt=\"\" width=\"200\" height=\"200\" srcset=\"https:\/\/www.cursal.com\/wp-content\/uploads\/2025\/03\/Trattamenti-sostenibili.jpg 200w, https:\/\/www.cursal.com\/wp-content\/uploads\/2025\/03\/Trattamenti-sostenibili-80x80.jpg 80w, https:\/\/www.cursal.com\/wp-content\/uploads\/2025\/03\/Trattamenti-sostenibili-36x36.jpg 36w, https:\/\/www.cursal.com\/wp-content\/uploads\/2025\/03\/Trattamenti-sostenibili-180x180.jpg 180w, https:\/\/www.cursal.com\/wp-content\/uploads\/2025\/03\/Trattamenti-sostenibili-120x120.jpg 120w\" sizes=\"auto, (max-width: 200px) 100vw, 200px\" \/><\/a><strong>Umweltfreundliche Behandlungen<\/strong><br data-start=\"1098\" data-end=\"1101\" \/>Wir arbeiten mit zertifizierten Unternehmen zusammen, die umweltfreundliche Prozesse anwenden und so die Umweltbelastung minimieren.<\/p>\n<p><a  href=\"https:\/\/www.cursal.com\/wp-content\/uploads\/2025\/03\/Gestione-intelligente-dei-rifiuti-1.jpg\" data-rel=\"lightbox-gallery-0\" data-rl_title=\"\" data-rl_caption=\"\" title=\"\"><img loading=\"lazy\" decoding=\"async\" class=\"alignleft size-full wp-image-69133\" src=\"https:\/\/www.cursal.com\/wp-content\/uploads\/2025\/03\/Gestione-intelligente-dei-rifiuti-1.jpg\" alt=\"\" width=\"200\" height=\"200\" srcset=\"https:\/\/www.cursal.com\/wp-content\/uploads\/2025\/03\/Gestione-intelligente-dei-rifiuti-1.jpg 200w, https:\/\/www.cursal.com\/wp-content\/uploads\/2025\/03\/Gestione-intelligente-dei-rifiuti-1-80x80.jpg 80w, https:\/\/www.cursal.com\/wp-content\/uploads\/2025\/03\/Gestione-intelligente-dei-rifiuti-1-36x36.jpg 36w, https:\/\/www.cursal.com\/wp-content\/uploads\/2025\/03\/Gestione-intelligente-dei-rifiuti-1-180x180.jpg 180w, https:\/\/www.cursal.com\/wp-content\/uploads\/2025\/03\/Gestione-intelligente-dei-rifiuti-1-120x120.jpg 120w\" sizes=\"auto, (max-width: 200px) 100vw, 200px\" \/><\/a><strong>Intelligentes Abfallmanagement<\/strong><br data-start=\"1271\" data-end=\"1274\" \/>Wir trennen Abf\u00e4lle in 12 Kategorien, um sie zu recyceln und wiederzuverwenden. Materialien wie Holz, Kupfer, Aluminium, Papier, Kunststoff, Batterien, Lampen, Alt\u00f6le und Bauschutt werden zur Rohstoffr\u00fcckgewinnung weiterverkauft, wodurch die Abfallmenge, die auf Deponien landet, reduziert wird.<\/p>\n<p><a  href=\"https:\/\/www.cursal.com\/wp-content\/uploads\/2025\/03\/Efficienza-energetica.jpg\" data-rel=\"lightbox-gallery-0\" data-rl_title=\"\" data-rl_caption=\"\" title=\"\"><img loading=\"lazy\" decoding=\"async\" class=\"alignleft size-full wp-image-69142\" src=\"https:\/\/www.cursal.com\/wp-content\/uploads\/2025\/03\/Efficienza-energetica.jpg\" alt=\"\" width=\"200\" height=\"200\" srcset=\"https:\/\/www.cursal.com\/wp-content\/uploads\/2025\/03\/Efficienza-energetica.jpg 200w, https:\/\/www.cursal.com\/wp-content\/uploads\/2025\/03\/Efficienza-energetica-80x80.jpg 80w, https:\/\/www.cursal.com\/wp-content\/uploads\/2025\/03\/Efficienza-energetica-36x36.jpg 36w, https:\/\/www.cursal.com\/wp-content\/uploads\/2025\/03\/Efficienza-energetica-180x180.jpg 180w, https:\/\/www.cursal.com\/wp-content\/uploads\/2025\/03\/Efficienza-energetica-120x120.jpg 120w\" sizes=\"auto, (max-width: 200px) 100vw, 200px\" \/><\/a><strong>Energieeffizienz<\/strong><br data-start=\"1593\" data-end=\"1596\" \/>Seit 2013 ersetzen wir unsere Beleuchtung schrittweise durch energieeffiziente LED-Lampen. Derzeit haben wir 50 % erreicht und streben in den kommenden Jahren 100 % an.<\/p>\n<p><a  href=\"https:\/\/www.cursal.com\/wp-content\/uploads\/2025\/03\/Macchinari-silenziosi.jpg\" data-rel=\"lightbox-gallery-0\" data-rl_title=\"\" data-rl_caption=\"\" title=\"\"><img loading=\"lazy\" decoding=\"async\" class=\"alignleft size-full wp-image-69151\" src=\"https:\/\/www.cursal.com\/wp-content\/uploads\/2025\/03\/Macchinari-silenziosi.jpg\" alt=\"\" width=\"200\" height=\"200\" srcset=\"https:\/\/www.cursal.com\/wp-content\/uploads\/2025\/03\/Macchinari-silenziosi.jpg 200w, https:\/\/www.cursal.com\/wp-content\/uploads\/2025\/03\/Macchinari-silenziosi-80x80.jpg 80w, https:\/\/www.cursal.com\/wp-content\/uploads\/2025\/03\/Macchinari-silenziosi-36x36.jpg 36w, https:\/\/www.cursal.com\/wp-content\/uploads\/2025\/03\/Macchinari-silenziosi-180x180.jpg 180w, https:\/\/www.cursal.com\/wp-content\/uploads\/2025\/03\/Macchinari-silenziosi-120x120.jpg 120w\" sizes=\"auto, (max-width: 200px) 100vw, 200px\" \/><\/a>Leise Maschinen<br data-start=\"1787\" data-end=\"1790\" \/>Unsere Technologie minimiert L\u00e4rmemissionen, verbessert den Komfort der Mitarbeiter und macht Geh\u00f6rschutz \u00fcberfl\u00fcssig.<\/p>\n<p><a  href=\"https:\/\/www.cursal.com\/wp-content\/uploads\/2025\/03\/Climatizzazione-green.jpg\" data-rel=\"lightbox-gallery-0\" data-rl_title=\"\" data-rl_caption=\"\" title=\"\"><img loading=\"lazy\" decoding=\"async\" class=\"alignleft size-full wp-image-69160\" src=\"https:\/\/www.cursal.com\/wp-content\/uploads\/2025\/03\/Climatizzazione-green.jpg\" alt=\"\" width=\"200\" height=\"200\" srcset=\"https:\/\/www.cursal.com\/wp-content\/uploads\/2025\/03\/Climatizzazione-green.jpg 200w, https:\/\/www.cursal.com\/wp-content\/uploads\/2025\/03\/Climatizzazione-green-80x80.jpg 80w, https:\/\/www.cursal.com\/wp-content\/uploads\/2025\/03\/Climatizzazione-green-36x36.jpg 36w, https:\/\/www.cursal.com\/wp-content\/uploads\/2025\/03\/Climatizzazione-green-180x180.jpg 180w, https:\/\/www.cursal.com\/wp-content\/uploads\/2025\/03\/Climatizzazione-green-120x120.jpg 120w\" sizes=\"auto, (max-width: 200px) 100vw, 200px\" \/><\/a>Gr\u00fcne Klimatisierung<br data-start=\"1936\" data-end=\"1939\" \/>Alle Arbeitsbereiche werden ausschlie\u00dflich mit der sauberen Energie unserer Photovoltaikanlage klimatisiert.<\/p>\n<p><a  href=\"https:\/\/www.cursal.com\/wp-content\/uploads\/2025\/03\/Sostegno-a-sport-eco-friendly.jpg\" data-rel=\"lightbox-gallery-0\" data-rl_title=\"\" data-rl_caption=\"\" title=\"\"><img loading=\"lazy\" decoding=\"async\" class=\"alignleft size-full wp-image-69169\" src=\"https:\/\/www.cursal.com\/wp-content\/uploads\/2025\/03\/Sostegno-a-sport-eco-friendly.jpg\" alt=\"\" width=\"200\" height=\"200\" srcset=\"https:\/\/www.cursal.com\/wp-content\/uploads\/2025\/03\/Sostegno-a-sport-eco-friendly.jpg 200w, https:\/\/www.cursal.com\/wp-content\/uploads\/2025\/03\/Sostegno-a-sport-eco-friendly-80x80.jpg 80w, https:\/\/www.cursal.com\/wp-content\/uploads\/2025\/03\/Sostegno-a-sport-eco-friendly-36x36.jpg 36w, https:\/\/www.cursal.com\/wp-content\/uploads\/2025\/03\/Sostegno-a-sport-eco-friendly-180x180.jpg 180w, https:\/\/www.cursal.com\/wp-content\/uploads\/2025\/03\/Sostegno-a-sport-eco-friendly-120x120.jpg 120w\" sizes=\"auto, (max-width: 200px) 100vw, 200px\" \/><\/a>Unterst\u00fctzung umweltfreundlicher Sportarten<br data-start=\"2098\" data-end=\"2101\" \/>Wir f\u00f6rdern lokale Sportaktivit\u00e4ten und Disziplinen, die keine negativen Auswirkungen auf die Umwelt haben, und setzen uns f\u00fcr einen gesunden, nachhaltigen Lebensstil ein.<\/p>\n<p><a  href=\"https:\/\/www.cursal.com\/wp-content\/uploads\/2025\/03\/LAcqua-del-Sindaco.jpg\" data-rel=\"lightbox-gallery-0\" data-rl_title=\"\" data-rl_caption=\"\" title=\"\"><img loading=\"lazy\" decoding=\"async\" class=\"alignleft size-full wp-image-69179\" src=\"https:\/\/www.cursal.com\/wp-content\/uploads\/2025\/03\/LAcqua-del-Sindaco.jpg\" alt=\"\" width=\"200\" height=\"200\" srcset=\"https:\/\/www.cursal.com\/wp-content\/uploads\/2025\/03\/LAcqua-del-Sindaco.jpg 200w, https:\/\/www.cursal.com\/wp-content\/uploads\/2025\/03\/LAcqua-del-Sindaco-80x80.jpg 80w, https:\/\/www.cursal.com\/wp-content\/uploads\/2025\/03\/LAcqua-del-Sindaco-36x36.jpg 36w, https:\/\/www.cursal.com\/wp-content\/uploads\/2025\/03\/LAcqua-del-Sindaco-180x180.jpg 180w, https:\/\/www.cursal.com\/wp-content\/uploads\/2025\/03\/LAcqua-del-Sindaco-120x120.jpg 120w\" sizes=\"auto, (max-width: 200px) 100vw, 200px\" \/><\/a>&#8220;Wasser des B\u00fcrgermeisters&#8221;<br data-start=\"2307\" data-end=\"2310\" \/>Schluss mit Plastik! Seit \u00fcber 10 Jahren bieten wir unseren Mitarbeitern gefiltertes, gek\u00fchltes und sprudelndes Wasser an, um Plastikflaschen zu vermeiden und die Nutzung von wiederverwendbaren Trinkflaschen zu f\u00f6rdern.<\/p>\n<p><a  href=\"https:\/\/www.cursal.com\/wp-content\/uploads\/2025\/03\/Uno-spazio-di-lavoro-accogliente.jpg\" data-rel=\"lightbox-gallery-0\" data-rl_title=\"\" data-rl_caption=\"\" title=\"\"><img loading=\"lazy\" decoding=\"async\" class=\"alignleft size-full wp-image-69189\" src=\"https:\/\/www.cursal.com\/wp-content\/uploads\/2025\/03\/Uno-spazio-di-lavoro-accogliente.jpg\" alt=\"\" width=\"200\" height=\"200\" srcset=\"https:\/\/www.cursal.com\/wp-content\/uploads\/2025\/03\/Uno-spazio-di-lavoro-accogliente.jpg 200w, https:\/\/www.cursal.com\/wp-content\/uploads\/2025\/03\/Uno-spazio-di-lavoro-accogliente-80x80.jpg 80w, https:\/\/www.cursal.com\/wp-content\/uploads\/2025\/03\/Uno-spazio-di-lavoro-accogliente-36x36.jpg 36w, https:\/\/www.cursal.com\/wp-content\/uploads\/2025\/03\/Uno-spazio-di-lavoro-accogliente-180x180.jpg 180w, https:\/\/www.cursal.com\/wp-content\/uploads\/2025\/03\/Uno-spazio-di-lavoro-accogliente-120x120.jpg 120w\" sizes=\"auto, (max-width: 200px) 100vw, 200px\" \/><\/a>Ein angenehmer Arbeitsplatz<br data-start=\"2564\" data-end=\"2567\" \/>Unsere interne Kantine, die sich in einem gem\u00fctlichen Holzchalet befindet, schafft eine komfortable und famili\u00e4re Atmosph\u00e4re f\u00fcr das Wohlbefinden aller Mitarbeiter.<\/p>\n<p><a  href=\"https:\/\/www.cursal.com\/wp-content\/uploads\/2025\/03\/Sanificazione-ecologica.jpg\" data-rel=\"lightbox-gallery-0\" data-rl_title=\"\" data-rl_caption=\"\" title=\"\"><img loading=\"lazy\" decoding=\"async\" class=\"alignleft size-full wp-image-69198\" src=\"https:\/\/www.cursal.com\/wp-content\/uploads\/2025\/03\/Sanificazione-ecologica.jpg\" alt=\"\" width=\"200\" height=\"200\" srcset=\"https:\/\/www.cursal.com\/wp-content\/uploads\/2025\/03\/Sanificazione-ecologica.jpg 200w, https:\/\/www.cursal.com\/wp-content\/uploads\/2025\/03\/Sanificazione-ecologica-80x80.jpg 80w, https:\/\/www.cursal.com\/wp-content\/uploads\/2025\/03\/Sanificazione-ecologica-36x36.jpg 36w, https:\/\/www.cursal.com\/wp-content\/uploads\/2025\/03\/Sanificazione-ecologica-180x180.jpg 180w, https:\/\/www.cursal.com\/wp-content\/uploads\/2025\/03\/Sanificazione-ecologica-120x120.jpg 120w\" sizes=\"auto, (max-width: 200px) 100vw, 200px\" \/><\/a>Umweltfreundliche Desinfektion<br data-start=\"2769\" data-end=\"2772\" \/>Durch den Einsatz von UVC-Strahlen und Ozon gew\u00e4hrleisten wir eine effektive Desinfektion ohne den Einsatz sch\u00e4dlicher Chemikalien.<\/p>\n<p><a  href=\"https:\/\/www.cursal.com\/wp-content\/uploads\/2025\/03\/Ridurre-lo-spreco-di-legno.jpg\" data-rel=\"lightbox-gallery-0\" data-rl_title=\"\" data-rl_caption=\"\" title=\"\"><img loading=\"lazy\" decoding=\"async\" class=\"alignleft size-full wp-image-69207\" src=\"https:\/\/www.cursal.com\/wp-content\/uploads\/2025\/03\/Ridurre-lo-spreco-di-legno.jpg\" alt=\"\" width=\"200\" height=\"200\" srcset=\"https:\/\/www.cursal.com\/wp-content\/uploads\/2025\/03\/Ridurre-lo-spreco-di-legno.jpg 200w, https:\/\/www.cursal.com\/wp-content\/uploads\/2025\/03\/Ridurre-lo-spreco-di-legno-80x80.jpg 80w, https:\/\/www.cursal.com\/wp-content\/uploads\/2025\/03\/Ridurre-lo-spreco-di-legno-36x36.jpg 36w, https:\/\/www.cursal.com\/wp-content\/uploads\/2025\/03\/Ridurre-lo-spreco-di-legno-180x180.jpg 180w, https:\/\/www.cursal.com\/wp-content\/uploads\/2025\/03\/Ridurre-lo-spreco-di-legno-120x120.jpg 120w\" sizes=\"auto, (max-width: 200px) 100vw, 200px\" \/><\/a>Holzabf\u00e4lle reduzieren, W\u00e4lder sch\u00fctzen<br data-start=\"2950\" data-end=\"2953\" \/>Seit 1983 ist Cursal ein Pionier in der Optimierung des Holzzuschnitts und entwickelt Maschinen, die den Rohstoffverbrauch maximieren und den Verschnitt je nach Anwendung auf 3 % bis 15 % reduzieren.<\/p>\n<p><a  href=\"https:\/\/www.cursal.com\/wp-content\/uploads\/2025\/03\/Welfare-Aziendale.jpg\" data-rel=\"lightbox-gallery-0\" data-rl_title=\"\" data-rl_caption=\"\" title=\"\"><img loading=\"lazy\" decoding=\"async\" class=\"alignleft size-full wp-image-69216\" src=\"https:\/\/www.cursal.com\/wp-content\/uploads\/2025\/03\/Welfare-Aziendale.jpg\" alt=\"\" width=\"200\" height=\"200\" srcset=\"https:\/\/www.cursal.com\/wp-content\/uploads\/2025\/03\/Welfare-Aziendale.jpg 200w, https:\/\/www.cursal.com\/wp-content\/uploads\/2025\/03\/Welfare-Aziendale-80x80.jpg 80w, https:\/\/www.cursal.com\/wp-content\/uploads\/2025\/03\/Welfare-Aziendale-36x36.jpg 36w, https:\/\/www.cursal.com\/wp-content\/uploads\/2025\/03\/Welfare-Aziendale-180x180.jpg 180w, https:\/\/www.cursal.com\/wp-content\/uploads\/2025\/03\/Welfare-Aziendale-120x120.jpg 120w\" sizes=\"auto, (max-width: 200px) 100vw, 200px\" \/><\/a>Mitarbeiterwohl und Unterst\u00fctzung lokaler Gemeinschaften<br data-start=\"3216\" data-end=\"3219\" \/>Seit Jahren f\u00f6rdert Cursal das Wohlbefinden seiner Mitarbeiter mit einer integrierten Plattform, die ma\u00dfgeschneiderte Dienstleistungen in den Bereichen Gesundheit, Wohlbefinden, Weiterbildung und nachhaltige Mobilit\u00e4t bietet. Zudem unterst\u00fctzt die Plattform lokale Unternehmen, st\u00e4rkt die Gemeinschaft und tr\u00e4gt zum Wachstum kleiner Unternehmen und lokaler Initiativen bei.<\/p>\n<p data-start=\"3596\" data-end=\"3790\">\n<p data-start=\"3596\" data-end=\"3790\">\n<p data-start=\"3596\" data-end=\"3790\">\n<p data-start=\"3596\" data-end=\"3790\">\n<p data-start=\"3596\" data-end=\"3790\">Unternehmen, die Wert auf Effizienz und Umweltbewusstsein legen, entscheiden sich f\u00fcr Cursal \u2013 f\u00fcr leistungsstarke, technologisch fortschrittliche Maschinen, die nat\u00fcrliche Ressourcen schonen.<\/p>\n<p data-start=\"3792\" data-end=\"3831\" data-is-last-node=\"\" data-is-only-node=\"\">\u00a9 2025 Cursal. Alle Rechte vorbehalten.<\/p>\n<\/div>\n<\/div>\n<\/div>\n<\/div>\n<\/div>\n<\/div>\n<\/div>\n<\/div>\n","protected":false},"excerpt":{"rendered":"<p>Cursal: Innovation und Nachhaltigkeit f\u00fcr eine Gr\u00fcne Zukunft Cursal setzt seit jeher auf ein nachhaltiges Entwicklungsmodell. Jeden Tag arbeiten wir daran, Abfall zu reduzieren, Ressourcen zu optimieren und unn\u00f6tige Umweltbelastungen zu vermeiden. Unser Engagement f\u00fcr die Green Economy erm\u00f6glicht es uns, mit effizienten Produktionsprozessen zu arbeiten, \u00d6kosysteme zu sch\u00fctzen und saubere, erneuerbare Energie zu nutzen, [&hellip;]<\/p>\n","protected":false},"author":2,"featured_media":0,"parent":6720,"menu_order":0,"comment_status":"closed","ping_status":"closed","template":"","meta":{"footnotes":""},"class_list":["post-49763","page","type-page","status-publish","hentry"],"_links":{"self":[{"href":"https:\/\/www.cursal.com\/index.php?rest_route=\/wp\/v2\/pages\/49763","targetHints":{"allow":["GET"]}}],"collection":[{"href":"https:\/\/www.cursal.com\/index.php?rest_route=\/wp\/v2\/pages"}],"about":[{"href":"https:\/\/www.cursal.com\/index.php?rest_route=\/wp\/v2\/types\/page"}],"author":[{"embeddable":true,"href":"https:\/\/www.cursal.com\/index.php?rest_route=\/wp\/v2\/users\/2"}],"replies":[{"embeddable":true,"href":"https:\/\/www.cursal.com\/index.php?rest_route=%2Fwp%2Fv2%2Fcomments&post=49763"}],"version-history":[{"count":8,"href":"https:\/\/www.cursal.com\/index.php?rest_route=\/wp\/v2\/pages\/49763\/revisions"}],"predecessor-version":[{"id":69279,"href":"https:\/\/www.cursal.com\/index.php?rest_route=\/wp\/v2\/pages\/49763\/revisions\/69279"}],"up":[{"embeddable":true,"href":"https:\/\/www.cursal.com\/index.php?rest_route=\/wp\/v2\/pages\/6720"}],"wp:attachment":[{"href":"https:\/\/www.cursal.com\/index.php?rest_route=%2Fwp%2Fv2%2Fmedia&parent=49763"}],"curies":[{"name":"wp","href":"https:\/\/api.w.org\/{rel}","templated":true}]}}