{"id":49756,"date":"2021-08-05T14:42:10","date_gmt":"2021-08-05T12:42:10","guid":{"rendered":"https:\/\/www.cursal.com\/?page_id=49756"},"modified":"2025-03-04T18:04:18","modified_gmt":"2025-03-04T17:04:18","slug":"entreprise-ecodurable","status":"publish","type":"page","link":"https:\/\/www.cursal.com\/?page_id=49756&lang=fr","title":{"rendered":"Entreprise ecodurable"},"content":{"rendered":"<p><strong><a  href=\"https:\/\/www.cursal.com\/wp-content\/uploads\/2025\/03\/Cursal_sostenibilita.jpg\" data-rel=\"lightbox-gallery-0\" data-rl_title=\"\" data-rl_caption=\"\" title=\"\"><img loading=\"lazy\" decoding=\"async\" class=\"alignleft  wp-image-69042\" src=\"https:\/\/www.cursal.com\/wp-content\/uploads\/2025\/03\/Cursal_sostenibilita.jpg\" alt=\"\" width=\"1516\" height=\"1010\" srcset=\"https:\/\/www.cursal.com\/wp-content\/uploads\/2025\/03\/Cursal_sostenibilita.jpg 1280w, https:\/\/www.cursal.com\/wp-content\/uploads\/2025\/03\/Cursal_sostenibilita-600x400.jpg 600w, https:\/\/www.cursal.com\/wp-content\/uploads\/2025\/03\/Cursal_sostenibilita-1030x686.jpg 1030w, https:\/\/www.cursal.com\/wp-content\/uploads\/2025\/03\/Cursal_sostenibilita-768x512.jpg 768w, https:\/\/www.cursal.com\/wp-content\/uploads\/2025\/03\/Cursal_sostenibilita-705x470.jpg 705w, https:\/\/www.cursal.com\/wp-content\/uploads\/2025\/03\/Cursal_sostenibilita-450x300.jpg 450w\" sizes=\"auto, (max-width: 1516px) 100vw, 1516px\" \/><\/a><\/strong><\/p>\n<p><strong>Cursal : Innovation et Durabilit\u00e9 pour un Avenir Vert<\/strong><\/p>\n<p>Cursal a toujours cru en un mod\u00e8le de d\u00e9veloppement durable. Chaque jour, nous travaillons pour r\u00e9duire le gaspillage, optimiser les ressources et \u00e9liminer l\u2019impact environnemental superflu. Notre engagement envers l\u2019\u00e9conomie verte nous permet d\u2019op\u00e9rer avec des processus de production efficaces, de valoriser les \u00e9cosyst\u00e8mes et d\u2019utiliser une \u00e9nergie propre et renouvelable pour garantir un avenir plus durable.<\/p>\n<p><strong>Nos Actions Concr\u00e8tes :<\/strong><\/p>\n<p><strong><a  href=\"https:\/\/www.cursal.com\/wp-content\/uploads\/2025\/03\/Immagine-di-energia-solare-3.jpg\" data-rel=\"lightbox-gallery-0\" data-rl_title=\"\" data-rl_caption=\"\" title=\"\"><img loading=\"lazy\" decoding=\"async\" class=\"alignleft size-full wp-image-69078\" src=\"https:\/\/www.cursal.com\/wp-content\/uploads\/2025\/03\/Immagine-di-energia-solare-3.jpg\" alt=\"\" width=\"200\" height=\"200\" srcset=\"https:\/\/www.cursal.com\/wp-content\/uploads\/2025\/03\/Immagine-di-energia-solare-3.jpg 200w, https:\/\/www.cursal.com\/wp-content\/uploads\/2025\/03\/Immagine-di-energia-solare-3-80x80.jpg 80w, https:\/\/www.cursal.com\/wp-content\/uploads\/2025\/03\/Immagine-di-energia-solare-3-36x36.jpg 36w, https:\/\/www.cursal.com\/wp-content\/uploads\/2025\/03\/Immagine-di-energia-solare-3-180x180.jpg 180w, https:\/\/www.cursal.com\/wp-content\/uploads\/2025\/03\/Immagine-di-energia-solare-3-120x120.jpg 120w\" sizes=\"auto, (max-width: 200px) 100vw, 200px\" \/><\/a>Production Interne d\u2019\u00c9nergie Renouvelable<\/strong><\/p>\n<p>93 % de l\u2019\u00e9nergie que nous utilisons provient de notre installation photovolta\u00efque, r\u00e9duisant ainsi notre d\u00e9pendance aux combustibles fossiles et limitant les \u00e9missions de CO\u2082.<\/p>\n<p>&nbsp;<\/p>\n<p>&nbsp;<\/p>\n<p>&nbsp;<\/p>\n<p>&nbsp;<\/p>\n<p><strong><a  href=\"https:\/\/www.cursal.com\/wp-content\/uploads\/2025\/03\/Energia-certificata-100-rinnovabile.jpg\" data-rel=\"lightbox-gallery-0\" data-rl_title=\"\" data-rl_caption=\"\" title=\"\"><img loading=\"lazy\" decoding=\"async\" class=\"alignleft size-full wp-image-69105\" src=\"https:\/\/www.cursal.com\/wp-content\/uploads\/2025\/03\/Energia-certificata-100-rinnovabile.jpg\" alt=\"\" width=\"200\" height=\"200\" srcset=\"https:\/\/www.cursal.com\/wp-content\/uploads\/2025\/03\/Energia-certificata-100-rinnovabile.jpg 200w, https:\/\/www.cursal.com\/wp-content\/uploads\/2025\/03\/Energia-certificata-100-rinnovabile-80x80.jpg 80w, https:\/\/www.cursal.com\/wp-content\/uploads\/2025\/03\/Energia-certificata-100-rinnovabile-36x36.jpg 36w, https:\/\/www.cursal.com\/wp-content\/uploads\/2025\/03\/Energia-certificata-100-rinnovabile-180x180.jpg 180w, https:\/\/www.cursal.com\/wp-content\/uploads\/2025\/03\/Energia-certificata-100-rinnovabile-120x120.jpg 120w\" sizes=\"auto, (max-width: 200px) 100vw, 200px\" \/><\/a>\u00c9nergie 100 % Renouvelable Certifi\u00e9e<\/strong><\/p>\n<p>Nous achetons exclusivement de l\u2019\u00e9nergie aupr\u00e8s de fournisseurs utilisant des sources hydro\u00e9lectriques, \u00e9oliennes et solaires.<\/p>\n<p>&nbsp;<\/p>\n<p>&nbsp;<\/p>\n<p>&nbsp;<\/p>\n<p>&nbsp;<\/p>\n<p><strong><a  href=\"https:\/\/www.cursal.com\/wp-content\/uploads\/2025\/03\/Imballaggi-sostenibili.jpg\" data-rel=\"lightbox-gallery-0\" data-rl_title=\"\" data-rl_caption=\"\" title=\"\"><img loading=\"lazy\" decoding=\"async\" class=\"alignleft size-full wp-image-69114\" src=\"https:\/\/www.cursal.com\/wp-content\/uploads\/2025\/03\/Imballaggi-sostenibili.jpg\" alt=\"\" width=\"200\" height=\"200\" srcset=\"https:\/\/www.cursal.com\/wp-content\/uploads\/2025\/03\/Imballaggi-sostenibili.jpg 200w, https:\/\/www.cursal.com\/wp-content\/uploads\/2025\/03\/Imballaggi-sostenibili-80x80.jpg 80w, https:\/\/www.cursal.com\/wp-content\/uploads\/2025\/03\/Imballaggi-sostenibili-36x36.jpg 36w, https:\/\/www.cursal.com\/wp-content\/uploads\/2025\/03\/Imballaggi-sostenibili-180x180.jpg 180w, https:\/\/www.cursal.com\/wp-content\/uploads\/2025\/03\/Imballaggi-sostenibili-120x120.jpg 120w\" sizes=\"auto, (max-width: 200px) 100vw, 200px\" \/><\/a>Emballages Durables<\/strong><\/p>\n<p>Nous r\u00e9cup\u00e9rons plus de 75 % des emballages re\u00e7us, les r\u00e9utilisant et r\u00e9duisant drastiquement les d\u00e9chets industriels.<\/p>\n<p>&nbsp;<\/p>\n<p>&nbsp;<\/p>\n<p>&nbsp;<\/p>\n<p>&nbsp;<\/p>\n<p><strong><a  href=\"https:\/\/www.cursal.com\/wp-content\/uploads\/2025\/03\/Trattamenti-sostenibili.jpg\" data-rel=\"lightbox-gallery-0\" data-rl_title=\"\" data-rl_caption=\"\" title=\"\"><img loading=\"lazy\" decoding=\"async\" class=\"alignleft size-full wp-image-69123\" src=\"https:\/\/www.cursal.com\/wp-content\/uploads\/2025\/03\/Trattamenti-sostenibili.jpg\" alt=\"\" width=\"200\" height=\"200\" srcset=\"https:\/\/www.cursal.com\/wp-content\/uploads\/2025\/03\/Trattamenti-sostenibili.jpg 200w, https:\/\/www.cursal.com\/wp-content\/uploads\/2025\/03\/Trattamenti-sostenibili-80x80.jpg 80w, https:\/\/www.cursal.com\/wp-content\/uploads\/2025\/03\/Trattamenti-sostenibili-36x36.jpg 36w, https:\/\/www.cursal.com\/wp-content\/uploads\/2025\/03\/Trattamenti-sostenibili-180x180.jpg 180w, https:\/\/www.cursal.com\/wp-content\/uploads\/2025\/03\/Trattamenti-sostenibili-120x120.jpg 120w\" sizes=\"auto, (max-width: 200px) 100vw, 200px\" \/><\/a>Traitements \u00c9cologiques<\/strong><\/p>\n<p>Nous collaborons avec des entreprises certifi\u00e9es qui utilisent des proc\u00e9d\u00e9s respectueux de l\u2019environnement, minimisant ainsi l\u2019impact \u00e9cologique.<\/p>\n<p>&nbsp;<\/p>\n<p>&nbsp;<\/p>\n<p>&nbsp;<\/p>\n<p>&nbsp;<\/p>\n<p><strong><a  href=\"https:\/\/www.cursal.com\/wp-content\/uploads\/2025\/03\/Gestione-intelligente-dei-rifiuti-1.jpg\" data-rel=\"lightbox-gallery-0\" data-rl_title=\"\" data-rl_caption=\"\" title=\"\"><img loading=\"lazy\" decoding=\"async\" class=\"alignleft size-full wp-image-69132\" src=\"https:\/\/www.cursal.com\/wp-content\/uploads\/2025\/03\/Gestione-intelligente-dei-rifiuti-1.jpg\" alt=\"\" width=\"200\" height=\"200\" srcset=\"https:\/\/www.cursal.com\/wp-content\/uploads\/2025\/03\/Gestione-intelligente-dei-rifiuti-1.jpg 200w, https:\/\/www.cursal.com\/wp-content\/uploads\/2025\/03\/Gestione-intelligente-dei-rifiuti-1-80x80.jpg 80w, https:\/\/www.cursal.com\/wp-content\/uploads\/2025\/03\/Gestione-intelligente-dei-rifiuti-1-36x36.jpg 36w, https:\/\/www.cursal.com\/wp-content\/uploads\/2025\/03\/Gestione-intelligente-dei-rifiuti-1-180x180.jpg 180w, https:\/\/www.cursal.com\/wp-content\/uploads\/2025\/03\/Gestione-intelligente-dei-rifiuti-1-120x120.jpg 120w\" sizes=\"auto, (max-width: 200px) 100vw, 200px\" \/><\/a>Gestion Intelligente des D\u00e9chets<\/strong><\/p>\n<p>Nous trions les d\u00e9chets en 12 cat\u00e9gories pour favoriser leur recyclage et leur r\u00e9utilisation. Des mat\u00e9riaux comme le bois, le cuivre, l\u2019aluminium, le papier, le plastique, les batteries, les lampes, les huiles usag\u00e9es et les gravats sont revendus pour la r\u00e9cup\u00e9ration des mati\u00e8res premi\u00e8res, r\u00e9duisant ainsi le volume des d\u00e9chets envoy\u00e9s en d\u00e9charge.<\/p>\n<p>&nbsp;<\/p>\n<p>&nbsp;<\/p>\n<p>&nbsp;<\/p>\n<p><strong><a  href=\"https:\/\/www.cursal.com\/wp-content\/uploads\/2025\/03\/Efficienza-energetica.jpg\" data-rel=\"lightbox-gallery-0\" data-rl_title=\"\" data-rl_caption=\"\" title=\"\"><img loading=\"lazy\" decoding=\"async\" class=\"alignleft size-full wp-image-69141\" src=\"https:\/\/www.cursal.com\/wp-content\/uploads\/2025\/03\/Efficienza-energetica.jpg\" alt=\"\" width=\"200\" height=\"200\" srcset=\"https:\/\/www.cursal.com\/wp-content\/uploads\/2025\/03\/Efficienza-energetica.jpg 200w, https:\/\/www.cursal.com\/wp-content\/uploads\/2025\/03\/Efficienza-energetica-80x80.jpg 80w, https:\/\/www.cursal.com\/wp-content\/uploads\/2025\/03\/Efficienza-energetica-36x36.jpg 36w, https:\/\/www.cursal.com\/wp-content\/uploads\/2025\/03\/Efficienza-energetica-180x180.jpg 180w, https:\/\/www.cursal.com\/wp-content\/uploads\/2025\/03\/Efficienza-energetica-120x120.jpg 120w\" sizes=\"auto, (max-width: 200px) 100vw, 200px\" \/><\/a>Efficacit\u00e9 \u00c9nerg\u00e9tique<\/strong><\/p>\n<p>Depuis 2013, nous avons commenc\u00e9 \u00e0 remplacer notre syst\u00e8me d\u2019\u00e9clairage par des LED \u00e0 faible consommation. Aujourd\u2019hui, nous avons atteint 50 % et visons les 100 % dans les prochaines ann\u00e9es.<\/p>\n<p>&nbsp;<\/p>\n<p>&nbsp;<\/p>\n<p>&nbsp;<\/p>\n<p><strong><a  href=\"https:\/\/www.cursal.com\/wp-content\/uploads\/2025\/03\/Macchinari-silenziosi.jpg\" data-rel=\"lightbox-gallery-0\" data-rl_title=\"\" data-rl_caption=\"\" title=\"\"><img loading=\"lazy\" decoding=\"async\" class=\"alignleft size-full wp-image-69150\" src=\"https:\/\/www.cursal.com\/wp-content\/uploads\/2025\/03\/Macchinari-silenziosi.jpg\" alt=\"\" width=\"200\" height=\"200\" srcset=\"https:\/\/www.cursal.com\/wp-content\/uploads\/2025\/03\/Macchinari-silenziosi.jpg 200w, https:\/\/www.cursal.com\/wp-content\/uploads\/2025\/03\/Macchinari-silenziosi-80x80.jpg 80w, https:\/\/www.cursal.com\/wp-content\/uploads\/2025\/03\/Macchinari-silenziosi-36x36.jpg 36w, https:\/\/www.cursal.com\/wp-content\/uploads\/2025\/03\/Macchinari-silenziosi-180x180.jpg 180w, https:\/\/www.cursal.com\/wp-content\/uploads\/2025\/03\/Macchinari-silenziosi-120x120.jpg 120w\" sizes=\"auto, (max-width: 200px) 100vw, 200px\" \/><\/a>Machines Silencieuses<\/strong><\/p>\n<p>Notre technologie permet de minimiser le bruit, am\u00e9liorant ainsi le confort des travailleurs sans n\u00e9cessiter de protections auditives.<\/p>\n<p>&nbsp;<\/p>\n<p>&nbsp;<\/p>\n<p>&nbsp;<\/p>\n<p>&nbsp;<\/p>\n<p><strong><a  href=\"https:\/\/www.cursal.com\/wp-content\/uploads\/2025\/03\/Climatizzazione-green.jpg\" data-rel=\"lightbox-gallery-0\" data-rl_title=\"\" data-rl_caption=\"\" title=\"\"><img loading=\"lazy\" decoding=\"async\" class=\"alignleft size-full wp-image-69159\" src=\"https:\/\/www.cursal.com\/wp-content\/uploads\/2025\/03\/Climatizzazione-green.jpg\" alt=\"\" width=\"200\" height=\"200\" srcset=\"https:\/\/www.cursal.com\/wp-content\/uploads\/2025\/03\/Climatizzazione-green.jpg 200w, https:\/\/www.cursal.com\/wp-content\/uploads\/2025\/03\/Climatizzazione-green-80x80.jpg 80w, https:\/\/www.cursal.com\/wp-content\/uploads\/2025\/03\/Climatizzazione-green-36x36.jpg 36w, https:\/\/www.cursal.com\/wp-content\/uploads\/2025\/03\/Climatizzazione-green-180x180.jpg 180w, https:\/\/www.cursal.com\/wp-content\/uploads\/2025\/03\/Climatizzazione-green-120x120.jpg 120w\" sizes=\"auto, (max-width: 200px) 100vw, 200px\" \/><\/a>Climatisation Verte<\/strong><\/p>\n<p>Tous nos espaces de travail sont climatis\u00e9s exclusivement gr\u00e2ce \u00e0 l\u2019\u00e9nergie propre produite par notre installation photovolta\u00efque.<\/p>\n<p>&nbsp;<\/p>\n<p>&nbsp;<\/p>\n<p>&nbsp;<\/p>\n<p>&nbsp;<\/p>\n<p><strong><a  href=\"https:\/\/www.cursal.com\/wp-content\/uploads\/2025\/03\/Sostegno-a-sport-eco-friendly.jpg\" data-rel=\"lightbox-gallery-0\" data-rl_title=\"\" data-rl_caption=\"\" title=\"\"><img loading=\"lazy\" decoding=\"async\" class=\"alignleft size-full wp-image-69168\" src=\"https:\/\/www.cursal.com\/wp-content\/uploads\/2025\/03\/Sostegno-a-sport-eco-friendly.jpg\" alt=\"\" width=\"200\" height=\"200\" srcset=\"https:\/\/www.cursal.com\/wp-content\/uploads\/2025\/03\/Sostegno-a-sport-eco-friendly.jpg 200w, https:\/\/www.cursal.com\/wp-content\/uploads\/2025\/03\/Sostegno-a-sport-eco-friendly-80x80.jpg 80w, https:\/\/www.cursal.com\/wp-content\/uploads\/2025\/03\/Sostegno-a-sport-eco-friendly-36x36.jpg 36w, https:\/\/www.cursal.com\/wp-content\/uploads\/2025\/03\/Sostegno-a-sport-eco-friendly-180x180.jpg 180w, https:\/\/www.cursal.com\/wp-content\/uploads\/2025\/03\/Sostegno-a-sport-eco-friendly-120x120.jpg 120w\" sizes=\"auto, (max-width: 200px) 100vw, 200px\" \/><\/a>Soutien aux Sports \u00c9co-Responsables<\/strong><\/p>\n<p>Nous soutenons des activit\u00e9s sportives locales et des disciplines qui n\u2019ont aucun impact sur l\u2019environnement, promouvant ainsi un mode de vie sain et durable.<\/p>\n<p>&nbsp;<\/p>\n<p>&nbsp;<\/p>\n<p>&nbsp;<\/p>\n<p>&nbsp;<\/p>\n<p><strong><a  href=\"https:\/\/www.cursal.com\/wp-content\/uploads\/2025\/03\/LAcqua-del-Sindaco.jpg\" data-rel=\"lightbox-gallery-0\" data-rl_title=\"\" data-rl_caption=\"\" title=\"\"><img loading=\"lazy\" decoding=\"async\" class=\"alignleft size-full wp-image-69178\" src=\"https:\/\/www.cursal.com\/wp-content\/uploads\/2025\/03\/LAcqua-del-Sindaco.jpg\" alt=\"\" width=\"200\" height=\"200\" srcset=\"https:\/\/www.cursal.com\/wp-content\/uploads\/2025\/03\/LAcqua-del-Sindaco.jpg 200w, https:\/\/www.cursal.com\/wp-content\/uploads\/2025\/03\/LAcqua-del-Sindaco-80x80.jpg 80w, https:\/\/www.cursal.com\/wp-content\/uploads\/2025\/03\/LAcqua-del-Sindaco-36x36.jpg 36w, https:\/\/www.cursal.com\/wp-content\/uploads\/2025\/03\/LAcqua-del-Sindaco-180x180.jpg 180w, https:\/\/www.cursal.com\/wp-content\/uploads\/2025\/03\/LAcqua-del-Sindaco-120x120.jpg 120w\" sizes=\"auto, (max-width: 200px) 100vw, 200px\" \/><\/a>L\u2019Eau du Maire<\/strong><\/p>\n<p>Fini le plastique ! Depuis plus de 10 ans, nous fournissons \u00e0 nos employ\u00e9s de l\u2019eau filtr\u00e9e, r\u00e9frig\u00e9r\u00e9e et gazeuse, \u00e9liminant ainsi les bouteilles en plastique et encourageant l\u2019utilisation de gourdes r\u00e9utilisables.<\/p>\n<p>&nbsp;<\/p>\n<p>&nbsp;<\/p>\n<p>&nbsp;<\/p>\n<p><strong><a  href=\"https:\/\/www.cursal.com\/wp-content\/uploads\/2025\/03\/Uno-spazio-di-lavoro-accogliente.jpg\" data-rel=\"lightbox-gallery-0\" data-rl_title=\"\" data-rl_caption=\"\" title=\"\"><img loading=\"lazy\" decoding=\"async\" class=\"alignleft size-full wp-image-69188\" src=\"https:\/\/www.cursal.com\/wp-content\/uploads\/2025\/03\/Uno-spazio-di-lavoro-accogliente.jpg\" alt=\"\" width=\"200\" height=\"200\" srcset=\"https:\/\/www.cursal.com\/wp-content\/uploads\/2025\/03\/Uno-spazio-di-lavoro-accogliente.jpg 200w, https:\/\/www.cursal.com\/wp-content\/uploads\/2025\/03\/Uno-spazio-di-lavoro-accogliente-80x80.jpg 80w, https:\/\/www.cursal.com\/wp-content\/uploads\/2025\/03\/Uno-spazio-di-lavoro-accogliente-36x36.jpg 36w, https:\/\/www.cursal.com\/wp-content\/uploads\/2025\/03\/Uno-spazio-di-lavoro-accogliente-180x180.jpg 180w, https:\/\/www.cursal.com\/wp-content\/uploads\/2025\/03\/Uno-spazio-di-lavoro-accogliente-120x120.jpg 120w\" sizes=\"auto, (max-width: 200px) 100vw, 200px\" \/><\/a>Un Espace de Travail Convivial<\/strong><\/p>\n<p>Notre cantine interne, situ\u00e9e dans un chaleureux chalet en bois, offre un environnement confortable et familial pour le bien-\u00eatre de tous nos collaborateurs.<\/p>\n<p>&nbsp;<\/p>\n<p>&nbsp;<\/p>\n<p>&nbsp;<\/p>\n<p>&nbsp;<\/p>\n<p><strong><a  href=\"https:\/\/www.cursal.com\/wp-content\/uploads\/2025\/03\/Sanificazione-ecologica.jpg\" data-rel=\"lightbox-gallery-0\" data-rl_title=\"\" data-rl_caption=\"\" title=\"\"><img loading=\"lazy\" decoding=\"async\" class=\"alignleft size-full wp-image-69197\" src=\"https:\/\/www.cursal.com\/wp-content\/uploads\/2025\/03\/Sanificazione-ecologica.jpg\" alt=\"\" width=\"200\" height=\"200\" srcset=\"https:\/\/www.cursal.com\/wp-content\/uploads\/2025\/03\/Sanificazione-ecologica.jpg 200w, https:\/\/www.cursal.com\/wp-content\/uploads\/2025\/03\/Sanificazione-ecologica-80x80.jpg 80w, https:\/\/www.cursal.com\/wp-content\/uploads\/2025\/03\/Sanificazione-ecologica-36x36.jpg 36w, https:\/\/www.cursal.com\/wp-content\/uploads\/2025\/03\/Sanificazione-ecologica-180x180.jpg 180w, https:\/\/www.cursal.com\/wp-content\/uploads\/2025\/03\/Sanificazione-ecologica-120x120.jpg 120w\" sizes=\"auto, (max-width: 200px) 100vw, 200px\" \/><\/a>D\u00e9sinfection \u00c9cologique<\/strong><\/p>\n<p>Gr\u00e2ce \u00e0 l\u2019utilisation de rayons UVC et d\u2019ozone, nous garantissons une hygi\u00e8ne efficace sans recourir \u00e0 des substances chimiques nocives.<\/p>\n<p>&nbsp;<\/p>\n<p>&nbsp;<\/p>\n<p>&nbsp;<\/p>\n<p>&nbsp;<\/p>\n<p><strong><a  href=\"https:\/\/www.cursal.com\/wp-content\/uploads\/2025\/03\/Ridurre-lo-spreco-di-legno.jpg\" data-rel=\"lightbox-gallery-0\" data-rl_title=\"\" data-rl_caption=\"\" title=\"\"><img loading=\"lazy\" decoding=\"async\" class=\"alignleft size-full wp-image-69206\" src=\"https:\/\/www.cursal.com\/wp-content\/uploads\/2025\/03\/Ridurre-lo-spreco-di-legno.jpg\" alt=\"\" width=\"200\" height=\"200\" srcset=\"https:\/\/www.cursal.com\/wp-content\/uploads\/2025\/03\/Ridurre-lo-spreco-di-legno.jpg 200w, https:\/\/www.cursal.com\/wp-content\/uploads\/2025\/03\/Ridurre-lo-spreco-di-legno-80x80.jpg 80w, https:\/\/www.cursal.com\/wp-content\/uploads\/2025\/03\/Ridurre-lo-spreco-di-legno-36x36.jpg 36w, https:\/\/www.cursal.com\/wp-content\/uploads\/2025\/03\/Ridurre-lo-spreco-di-legno-180x180.jpg 180w, https:\/\/www.cursal.com\/wp-content\/uploads\/2025\/03\/Ridurre-lo-spreco-di-legno-120x120.jpg 120w\" sizes=\"auto, (max-width: 200px) 100vw, 200px\" \/><\/a>R\u00e9duction du Gaspillage du Bois, Protection des For\u00eats<\/strong><\/p>\n<p>Depuis 1983, Cursal est un pionnier dans l\u2019optimisation de la d\u00e9coupe du bois, en concevant des machines qui maximisent le rendement des mati\u00e8res premi\u00e8res et r\u00e9duisent les pertes entre 3 % et 15 %, selon l\u2019application.<\/p>\n<p>&nbsp;<\/p>\n<p>&nbsp;<\/p>\n<p>&nbsp;<\/p>\n<p><strong><a  href=\"https:\/\/www.cursal.com\/wp-content\/uploads\/2025\/03\/Welfare-Aziendale.jpg\" data-rel=\"lightbox-gallery-0\" data-rl_title=\"\" data-rl_caption=\"\" title=\"\"><img loading=\"lazy\" decoding=\"async\" class=\"alignleft size-full wp-image-69215\" src=\"https:\/\/www.cursal.com\/wp-content\/uploads\/2025\/03\/Welfare-Aziendale.jpg\" alt=\"\" width=\"200\" height=\"200\" srcset=\"https:\/\/www.cursal.com\/wp-content\/uploads\/2025\/03\/Welfare-Aziendale.jpg 200w, https:\/\/www.cursal.com\/wp-content\/uploads\/2025\/03\/Welfare-Aziendale-80x80.jpg 80w, https:\/\/www.cursal.com\/wp-content\/uploads\/2025\/03\/Welfare-Aziendale-36x36.jpg 36w, https:\/\/www.cursal.com\/wp-content\/uploads\/2025\/03\/Welfare-Aziendale-180x180.jpg 180w, https:\/\/www.cursal.com\/wp-content\/uploads\/2025\/03\/Welfare-Aziendale-120x120.jpg 120w\" sizes=\"auto, (max-width: 200px) 100vw, 200px\" \/><\/a>Bien-\u00eatre des Employ\u00e9s et Soutien aux Communaut\u00e9s Locales<\/strong><\/p>\n<p>Depuis plusieurs ann\u00e9es, Cursal promeut le bien-\u00eatre de ses employ\u00e9s gr\u00e2ce \u00e0 une plateforme int\u00e9gr\u00e9e qui offre des services sur mesure, couvrant la sant\u00e9, le bien-\u00eatre, la formation et la mobilit\u00e9 durable. De plus, cette plateforme soutient les entreprises locales, renfor\u00e7ant les liens avec le territoire et contribuant \u00e0 la croissance des petites entreprises et des initiatives communautaires.<\/p>\n<p>&nbsp;<\/p>\n<p>&nbsp;<\/p>\n<p>&nbsp;<\/p>\n<p>&nbsp;<\/p>\n<p><strong>Les entreprises soucieuses de l\u2019efficacit\u00e9 et de l\u2019environnement choisissent Cursal pour ses machines performantes, technologiquement avanc\u00e9es et respectueuses des ressources naturelles.<\/strong><\/p>\n<p>\u00a9 2025 Cursal. Tous droits r\u00e9serv\u00e9s.<\/p>\n<footer><\/footer>\n<footer><\/footer>\n","protected":false},"excerpt":{"rendered":"<p>Cursal : Innovation et Durabilit\u00e9 pour un Avenir Vert Cursal a toujours cru en un mod\u00e8le de d\u00e9veloppement durable. Chaque jour, nous travaillons pour r\u00e9duire le gaspillage, optimiser les ressources et \u00e9liminer l\u2019impact environnemental superflu. Notre engagement envers l\u2019\u00e9conomie verte nous permet d\u2019op\u00e9rer avec des processus de production efficaces, de valoriser les \u00e9cosyst\u00e8mes et d\u2019utiliser [&hellip;]<\/p>\n","protected":false},"author":2,"featured_media":0,"parent":2857,"menu_order":0,"comment_status":"closed","ping_status":"closed","template":"","meta":{"footnotes":""},"class_list":["post-49756","page","type-page","status-publish","hentry"],"_links":{"self":[{"href":"https:\/\/www.cursal.com\/index.php?rest_route=\/wp\/v2\/pages\/49756","targetHints":{"allow":["GET"]}}],"collection":[{"href":"https:\/\/www.cursal.com\/index.php?rest_route=\/wp\/v2\/pages"}],"about":[{"href":"https:\/\/www.cursal.com\/index.php?rest_route=\/wp\/v2\/types\/page"}],"author":[{"embeddable":true,"href":"https:\/\/www.cursal.com\/index.php?rest_route=\/wp\/v2\/users\/2"}],"replies":[{"embeddable":true,"href":"https:\/\/www.cursal.com\/index.php?rest_route=%2Fwp%2Fv2%2Fcomments&post=49756"}],"version-history":[{"count":17,"href":"https:\/\/www.cursal.com\/index.php?rest_route=\/wp\/v2\/pages\/49756\/revisions"}],"predecessor-version":[{"id":69266,"href":"https:\/\/www.cursal.com\/index.php?rest_route=\/wp\/v2\/pages\/49756\/revisions\/69266"}],"up":[{"embeddable":true,"href":"https:\/\/www.cursal.com\/index.php?rest_route=\/wp\/v2\/pages\/2857"}],"wp:attachment":[{"href":"https:\/\/www.cursal.com\/index.php?rest_route=%2Fwp%2Fv2%2Fmedia&parent=49756"}],"curies":[{"name":"wp","href":"https:\/\/api.w.org\/{rel}","templated":true}]}}