{"id":49341,"date":"2021-08-05T14:27:54","date_gmt":"2021-08-05T12:27:54","guid":{"rendered":"https:\/\/www.cursal.com\/?page_id=49341"},"modified":"2025-03-04T18:09:56","modified_gmt":"2025-03-04T17:09:56","slug":"cursal-azienda-ecosostenibile","status":"publish","type":"page","link":"https:\/\/www.cursal.com\/?page_id=49341","title":{"rendered":"Azienda ecosostenibile"},"content":{"rendered":"<p><a  href=\"https:\/\/www.cursal.com\/wp-content\/uploads\/2025\/03\/Cursal_sostenibilita.jpg\" data-rel=\"lightbox-gallery-0\" data-rl_title=\"\" data-rl_caption=\"\" title=\"\"><img loading=\"lazy\" decoding=\"async\" class=\"alignleft  wp-image-69039\" src=\"https:\/\/www.cursal.com\/wp-content\/uploads\/2025\/03\/Cursal_sostenibilita.jpg\" alt=\"\" width=\"1586\" height=\"1057\" srcset=\"https:\/\/www.cursal.com\/wp-content\/uploads\/2025\/03\/Cursal_sostenibilita.jpg 1280w, https:\/\/www.cursal.com\/wp-content\/uploads\/2025\/03\/Cursal_sostenibilita-600x400.jpg 600w, https:\/\/www.cursal.com\/wp-content\/uploads\/2025\/03\/Cursal_sostenibilita-1030x686.jpg 1030w, https:\/\/www.cursal.com\/wp-content\/uploads\/2025\/03\/Cursal_sostenibilita-768x512.jpg 768w, https:\/\/www.cursal.com\/wp-content\/uploads\/2025\/03\/Cursal_sostenibilita-705x470.jpg 705w, https:\/\/www.cursal.com\/wp-content\/uploads\/2025\/03\/Cursal_sostenibilita-450x300.jpg 450w\" sizes=\"auto, (max-width: 1586px) 100vw, 1586px\" \/><\/a><\/p>\n<p>Cursal: Innovazione e Sostenibilit\u00e0 per un Futuro Green<\/p>\n<p>Da sempre, Cursal crede in un modello di sviluppo ecosostenibile. Lavoriamo ogni giorno per ridurre sprechi, ottimizzare risorse ed eliminare l&#8217;impatto ambientale superfluo. Il nostro impegno nella green economy ci permette di operare con processi produttivi efficienti, valorizzare gli ecosistemi e utilizzare energia pulita e rinnovabile per garantire un futuro pi\u00f9 sostenibile.<\/p>\n<p><strong>Le Nostre Scelte Concrete:<\/strong><\/p>\n<p><strong><a  href=\"https:\/\/www.cursal.com\/wp-content\/uploads\/2025\/03\/Immagine-di-energia-solare-3.jpg\" data-rel=\"lightbox-gallery-0\" data-rl_title=\"\" data-rl_caption=\"\" title=\"\"><img loading=\"lazy\" decoding=\"async\" class=\"alignleft size-full wp-image-69075\" src=\"https:\/\/www.cursal.com\/wp-content\/uploads\/2025\/03\/Immagine-di-energia-solare-3.jpg\" alt=\"\" width=\"200\" height=\"200\" srcset=\"https:\/\/www.cursal.com\/wp-content\/uploads\/2025\/03\/Immagine-di-energia-solare-3.jpg 200w, https:\/\/www.cursal.com\/wp-content\/uploads\/2025\/03\/Immagine-di-energia-solare-3-80x80.jpg 80w, https:\/\/www.cursal.com\/wp-content\/uploads\/2025\/03\/Immagine-di-energia-solare-3-36x36.jpg 36w, https:\/\/www.cursal.com\/wp-content\/uploads\/2025\/03\/Immagine-di-energia-solare-3-180x180.jpg 180w, https:\/\/www.cursal.com\/wp-content\/uploads\/2025\/03\/Immagine-di-energia-solare-3-120x120.jpg 120w\" sizes=\"auto, (max-width: 200px) 100vw, 200px\" \/><\/a>Produzione interna di energia rinnovabile<\/strong><\/p>\n<p>il 93% dell\u2019energia che utilizziamo proviene dal nostro impianto fotovoltaico, abbattendo la dipendenza dalle fonti fossili e riducendo le emissioni di CO\u2082.<\/p>\n<p>&nbsp;<\/p>\n<p>&nbsp;<\/p>\n<p>&nbsp;<\/p>\n<p>&nbsp;<\/p>\n<p><strong><a  href=\"https:\/\/www.cursal.com\/wp-content\/uploads\/2025\/03\/Energia-certificata-100-rinnovabile.jpg\" data-rel=\"lightbox-gallery-0\" data-rl_title=\"\" data-rl_caption=\"\" title=\"\"><img loading=\"lazy\" decoding=\"async\" class=\"alignleft size-full wp-image-69102\" src=\"https:\/\/www.cursal.com\/wp-content\/uploads\/2025\/03\/Energia-certificata-100-rinnovabile.jpg\" alt=\"\" width=\"200\" height=\"200\" srcset=\"https:\/\/www.cursal.com\/wp-content\/uploads\/2025\/03\/Energia-certificata-100-rinnovabile.jpg 200w, https:\/\/www.cursal.com\/wp-content\/uploads\/2025\/03\/Energia-certificata-100-rinnovabile-80x80.jpg 80w, https:\/\/www.cursal.com\/wp-content\/uploads\/2025\/03\/Energia-certificata-100-rinnovabile-36x36.jpg 36w, https:\/\/www.cursal.com\/wp-content\/uploads\/2025\/03\/Energia-certificata-100-rinnovabile-180x180.jpg 180w, https:\/\/www.cursal.com\/wp-content\/uploads\/2025\/03\/Energia-certificata-100-rinnovabile-120x120.jpg 120w\" sizes=\"auto, (max-width: 200px) 100vw, 200px\" \/><\/a>Energia certificata 100% rinnovabile<\/strong><\/p>\n<p>Acquistiamo esclusivamente energia da fornitori che utilizzano fonti idroelettriche, eoliche e solari.<\/p>\n<p>&nbsp;<\/p>\n<p>&nbsp;<\/p>\n<p>&nbsp;<\/p>\n<p>&nbsp;<\/p>\n<p><strong><a  href=\"https:\/\/www.cursal.com\/wp-content\/uploads\/2025\/03\/Imballaggi-sostenibili.jpg\" data-rel=\"lightbox-gallery-0\" data-rl_title=\"\" data-rl_caption=\"\" title=\"\"><img loading=\"lazy\" decoding=\"async\" class=\"alignleft size-full wp-image-69111\" src=\"https:\/\/www.cursal.com\/wp-content\/uploads\/2025\/03\/Imballaggi-sostenibili.jpg\" alt=\"\" width=\"200\" height=\"200\" srcset=\"https:\/\/www.cursal.com\/wp-content\/uploads\/2025\/03\/Imballaggi-sostenibili.jpg 200w, https:\/\/www.cursal.com\/wp-content\/uploads\/2025\/03\/Imballaggi-sostenibili-80x80.jpg 80w, https:\/\/www.cursal.com\/wp-content\/uploads\/2025\/03\/Imballaggi-sostenibili-36x36.jpg 36w, https:\/\/www.cursal.com\/wp-content\/uploads\/2025\/03\/Imballaggi-sostenibili-180x180.jpg 180w, https:\/\/www.cursal.com\/wp-content\/uploads\/2025\/03\/Imballaggi-sostenibili-120x120.jpg 120w\" sizes=\"auto, (max-width: 200px) 100vw, 200px\" \/><\/a>Imballaggi sostenibili<\/strong><\/p>\n<p>Recuperiamo oltre il 75% degli imballaggi ricevuti, riutilizzandoli e riducendo drasticamente i rifiuti industriali.<\/p>\n<p>&nbsp;<\/p>\n<p>&nbsp;<\/p>\n<p>&nbsp;<\/p>\n<p>&nbsp;<\/p>\n<p><strong><a  href=\"https:\/\/www.cursal.com\/wp-content\/uploads\/2025\/03\/Trattamenti-sostenibili.jpg\" data-rel=\"lightbox-gallery-0\" data-rl_title=\"\" data-rl_caption=\"\" title=\"\"><img loading=\"lazy\" decoding=\"async\" class=\"alignleft size-full wp-image-69120\" src=\"https:\/\/www.cursal.com\/wp-content\/uploads\/2025\/03\/Trattamenti-sostenibili.jpg\" alt=\"\" width=\"200\" height=\"200\" srcset=\"https:\/\/www.cursal.com\/wp-content\/uploads\/2025\/03\/Trattamenti-sostenibili.jpg 200w, https:\/\/www.cursal.com\/wp-content\/uploads\/2025\/03\/Trattamenti-sostenibili-80x80.jpg 80w, https:\/\/www.cursal.com\/wp-content\/uploads\/2025\/03\/Trattamenti-sostenibili-36x36.jpg 36w, https:\/\/www.cursal.com\/wp-content\/uploads\/2025\/03\/Trattamenti-sostenibili-180x180.jpg 180w, https:\/\/www.cursal.com\/wp-content\/uploads\/2025\/03\/Trattamenti-sostenibili-120x120.jpg 120w\" sizes=\"auto, (max-width: 200px) 100vw, 200px\" \/><\/a>Trattamenti sostenibili<\/strong><\/p>\n<p>Collaboriamo con aziende certificate che utilizzano processi eco-compatibili, minimizzando l&#8217;impatto ambientale.<\/p>\n<p>&nbsp;<\/p>\n<p>&nbsp;<\/p>\n<p>&nbsp;<\/p>\n<p>&nbsp;<\/p>\n<p><strong><a  href=\"https:\/\/www.cursal.com\/wp-content\/uploads\/2025\/03\/Gestione-intelligente-dei-rifiuti-1.jpg\" data-rel=\"lightbox-gallery-0\" data-rl_title=\"\" data-rl_caption=\"\" title=\"\"><img loading=\"lazy\" decoding=\"async\" class=\"alignleft size-full wp-image-69129\" src=\"https:\/\/www.cursal.com\/wp-content\/uploads\/2025\/03\/Gestione-intelligente-dei-rifiuti-1.jpg\" alt=\"\" width=\"200\" height=\"200\" srcset=\"https:\/\/www.cursal.com\/wp-content\/uploads\/2025\/03\/Gestione-intelligente-dei-rifiuti-1.jpg 200w, https:\/\/www.cursal.com\/wp-content\/uploads\/2025\/03\/Gestione-intelligente-dei-rifiuti-1-80x80.jpg 80w, https:\/\/www.cursal.com\/wp-content\/uploads\/2025\/03\/Gestione-intelligente-dei-rifiuti-1-36x36.jpg 36w, https:\/\/www.cursal.com\/wp-content\/uploads\/2025\/03\/Gestione-intelligente-dei-rifiuti-1-180x180.jpg 180w, https:\/\/www.cursal.com\/wp-content\/uploads\/2025\/03\/Gestione-intelligente-dei-rifiuti-1-120x120.jpg 120w\" sizes=\"auto, (max-width: 200px) 100vw, 200px\" \/><\/a>Gestione intelligente dei rifiuti<\/strong><\/p>\n<p>Suddividiamo gli scarti in 12 categorie, destinandoli al recupero e al riuso. Materiali come legno, rame, alluminio, carta, plastica, batterie, lampade, oli esausti e calcinacci vengono rivenduti per il recupero di materia prima, riducendo il volume di rifiuti destinati alle discariche.<\/p>\n<p>&nbsp;<\/p>\n<p>&nbsp;<\/p>\n<p>&nbsp;<\/p>\n<p><strong><a  href=\"https:\/\/www.cursal.com\/wp-content\/uploads\/2025\/03\/Efficienza-energetica.jpg\" data-rel=\"lightbox-gallery-0\" data-rl_title=\"\" data-rl_caption=\"\" title=\"\"><img loading=\"lazy\" decoding=\"async\" class=\"alignleft size-full wp-image-69138\" src=\"https:\/\/www.cursal.com\/wp-content\/uploads\/2025\/03\/Efficienza-energetica.jpg\" alt=\"\" width=\"200\" height=\"200\" srcset=\"https:\/\/www.cursal.com\/wp-content\/uploads\/2025\/03\/Efficienza-energetica.jpg 200w, https:\/\/www.cursal.com\/wp-content\/uploads\/2025\/03\/Efficienza-energetica-80x80.jpg 80w, https:\/\/www.cursal.com\/wp-content\/uploads\/2025\/03\/Efficienza-energetica-36x36.jpg 36w, https:\/\/www.cursal.com\/wp-content\/uploads\/2025\/03\/Efficienza-energetica-180x180.jpg 180w, https:\/\/www.cursal.com\/wp-content\/uploads\/2025\/03\/Efficienza-energetica-120x120.jpg 120w\" sizes=\"auto, (max-width: 200px) 100vw, 200px\" \/><\/a>Efficienza energetica<\/strong><\/p>\n<p>Gi\u00e0 dal 2013 abbiamo iniziato a sostituire il nostro sistema di illuminazione con LED a basso consumo. Oggi siamo al 50% e puntiamo al 100% entro i prossimi anni..<\/p>\n<p>&nbsp;<\/p>\n<p>&nbsp;<\/p>\n<p>&nbsp;<\/p>\n<p>&nbsp;<\/p>\n<p><strong><a  href=\"https:\/\/www.cursal.com\/wp-content\/uploads\/2025\/03\/Macchinari-silenziosi.jpg\" data-rel=\"lightbox-gallery-0\" data-rl_title=\"\" data-rl_caption=\"\" title=\"\"><img loading=\"lazy\" decoding=\"async\" class=\"alignleft size-full wp-image-69147\" src=\"https:\/\/www.cursal.com\/wp-content\/uploads\/2025\/03\/Macchinari-silenziosi.jpg\" alt=\"\" width=\"200\" height=\"200\" srcset=\"https:\/\/www.cursal.com\/wp-content\/uploads\/2025\/03\/Macchinari-silenziosi.jpg 200w, https:\/\/www.cursal.com\/wp-content\/uploads\/2025\/03\/Macchinari-silenziosi-80x80.jpg 80w, https:\/\/www.cursal.com\/wp-content\/uploads\/2025\/03\/Macchinari-silenziosi-36x36.jpg 36w, https:\/\/www.cursal.com\/wp-content\/uploads\/2025\/03\/Macchinari-silenziosi-180x180.jpg 180w, https:\/\/www.cursal.com\/wp-content\/uploads\/2025\/03\/Macchinari-silenziosi-120x120.jpg 120w\" sizes=\"auto, (max-width: 200px) 100vw, 200px\" \/><\/a>Macchinari silenziosi<\/strong><\/p>\n<p>La nostra tecnologia permette di ridurre al minimo il rumore, migliorando il comfort dei lavoratori senza obbligo di protezioni acustiche.<\/p>\n<p>&nbsp;<\/p>\n<p>&nbsp;<\/p>\n<p>&nbsp;<\/p>\n<p>&nbsp;<\/p>\n<p><strong><a  href=\"https:\/\/www.cursal.com\/wp-content\/uploads\/2025\/03\/Climatizzazione-green.jpg\" data-rel=\"lightbox-gallery-0\" data-rl_title=\"\" data-rl_caption=\"\" title=\"\"><img loading=\"lazy\" decoding=\"async\" class=\"alignleft size-full wp-image-69156\" src=\"https:\/\/www.cursal.com\/wp-content\/uploads\/2025\/03\/Climatizzazione-green.jpg\" alt=\"\" width=\"200\" height=\"200\" srcset=\"https:\/\/www.cursal.com\/wp-content\/uploads\/2025\/03\/Climatizzazione-green.jpg 200w, https:\/\/www.cursal.com\/wp-content\/uploads\/2025\/03\/Climatizzazione-green-80x80.jpg 80w, https:\/\/www.cursal.com\/wp-content\/uploads\/2025\/03\/Climatizzazione-green-36x36.jpg 36w, https:\/\/www.cursal.com\/wp-content\/uploads\/2025\/03\/Climatizzazione-green-180x180.jpg 180w, https:\/\/www.cursal.com\/wp-content\/uploads\/2025\/03\/Climatizzazione-green-120x120.jpg 120w\" sizes=\"auto, (max-width: 200px) 100vw, 200px\" \/><\/a>Climatizzazione green<\/strong><\/p>\n<p>Tutti gli spazi di lavoro sono climatizzati sfruttando esclusivamente l&#8217;energia pulita prodotta dal nostro impianto fotovoltaico.<\/p>\n<p>&nbsp;<\/p>\n<p>&nbsp;<\/p>\n<p>&nbsp;<\/p>\n<p>&nbsp;<\/p>\n<p><strong><a  href=\"https:\/\/www.cursal.com\/wp-content\/uploads\/2025\/03\/Sostegno-a-sport-eco-friendly.jpg\" data-rel=\"lightbox-gallery-0\" data-rl_title=\"\" data-rl_caption=\"\" title=\"\"><img loading=\"lazy\" decoding=\"async\" class=\"alignleft size-full wp-image-69165\" src=\"https:\/\/www.cursal.com\/wp-content\/uploads\/2025\/03\/Sostegno-a-sport-eco-friendly.jpg\" alt=\"\" width=\"200\" height=\"200\" srcset=\"https:\/\/www.cursal.com\/wp-content\/uploads\/2025\/03\/Sostegno-a-sport-eco-friendly.jpg 200w, https:\/\/www.cursal.com\/wp-content\/uploads\/2025\/03\/Sostegno-a-sport-eco-friendly-80x80.jpg 80w, https:\/\/www.cursal.com\/wp-content\/uploads\/2025\/03\/Sostegno-a-sport-eco-friendly-36x36.jpg 36w, https:\/\/www.cursal.com\/wp-content\/uploads\/2025\/03\/Sostegno-a-sport-eco-friendly-180x180.jpg 180w, https:\/\/www.cursal.com\/wp-content\/uploads\/2025\/03\/Sostegno-a-sport-eco-friendly-120x120.jpg 120w\" sizes=\"auto, (max-width: 200px) 100vw, 200px\" \/><\/a>Sostegno a sport eco-friendly<\/strong><\/p>\n<p>Supportiamo attivit\u00e0 sportive e discipline locali che non hanno impatto sull\u2019ambiente, promuovendo uno stile di vita sano e sostenibile.o, rame, alluminio, carta, plastica, batterie, lampade, oli esausti e calcinacci vengono rivenduti per il recupero di materia prima, riducendo il volume di rifiuti destinati alle discariche.<\/p>\n<p>&nbsp;<\/p>\n<p>&nbsp;<\/p>\n<p>&nbsp;<\/p>\n<p><strong><a  href=\"https:\/\/www.cursal.com\/wp-content\/uploads\/2025\/03\/LAcqua-del-Sindaco.jpg\" data-rel=\"lightbox-gallery-0\" data-rl_title=\"\" data-rl_caption=\"\" title=\"\"><img loading=\"lazy\" decoding=\"async\" class=\"alignleft size-full wp-image-69175\" src=\"https:\/\/www.cursal.com\/wp-content\/uploads\/2025\/03\/LAcqua-del-Sindaco.jpg\" alt=\"\" width=\"200\" height=\"200\" srcset=\"https:\/\/www.cursal.com\/wp-content\/uploads\/2025\/03\/LAcqua-del-Sindaco.jpg 200w, https:\/\/www.cursal.com\/wp-content\/uploads\/2025\/03\/LAcqua-del-Sindaco-80x80.jpg 80w, https:\/\/www.cursal.com\/wp-content\/uploads\/2025\/03\/LAcqua-del-Sindaco-36x36.jpg 36w, https:\/\/www.cursal.com\/wp-content\/uploads\/2025\/03\/LAcqua-del-Sindaco-180x180.jpg 180w, https:\/\/www.cursal.com\/wp-content\/uploads\/2025\/03\/LAcqua-del-Sindaco-120x120.jpg 120w\" sizes=\"auto, (max-width: 200px) 100vw, 200px\" \/><\/a>L&#8217;Acqua del Sindaco<\/strong><\/p>\n<p>Stop alla plastica! Da pi\u00f9 di 10 anni offriamo ai nostri dipendenti acqua filtrata, raffreddata e gassata, eliminando le bottiglie di plastica e incentivando l\u2019uso di borracce riutilizzabili.<\/p>\n<p>&nbsp;<\/p>\n<p>&nbsp;<\/p>\n<p>&nbsp;<\/p>\n<p><strong><br \/>\n<a  href=\"https:\/\/www.cursal.com\/wp-content\/uploads\/2025\/03\/Uno-spazio-di-lavoro-accogliente.jpg\" data-rel=\"lightbox-gallery-0\" data-rl_title=\"\" data-rl_caption=\"\" title=\"\"><img loading=\"lazy\" decoding=\"async\" class=\"alignleft size-full wp-image-69185\" src=\"https:\/\/www.cursal.com\/wp-content\/uploads\/2025\/03\/Uno-spazio-di-lavoro-accogliente.jpg\" alt=\"\" width=\"200\" height=\"200\" srcset=\"https:\/\/www.cursal.com\/wp-content\/uploads\/2025\/03\/Uno-spazio-di-lavoro-accogliente.jpg 200w, https:\/\/www.cursal.com\/wp-content\/uploads\/2025\/03\/Uno-spazio-di-lavoro-accogliente-80x80.jpg 80w, https:\/\/www.cursal.com\/wp-content\/uploads\/2025\/03\/Uno-spazio-di-lavoro-accogliente-36x36.jpg 36w, https:\/\/www.cursal.com\/wp-content\/uploads\/2025\/03\/Uno-spazio-di-lavoro-accogliente-180x180.jpg 180w, https:\/\/www.cursal.com\/wp-content\/uploads\/2025\/03\/Uno-spazio-di-lavoro-accogliente-120x120.jpg 120w\" sizes=\"auto, (max-width: 200px) 100vw, 200px\" \/><\/a>Uno spazio di lavoro accogliente<\/strong><\/p>\n<p>La nostra mensa interna, situata in un caldo chalet di legno, crea un ambiente confortevole e familiare per il benessere di tutti i collaboratori.<\/p>\n<p>&nbsp;<\/p>\n<p>&nbsp;<\/p>\n<p>&nbsp;<\/p>\n<p>&nbsp;<\/p>\n<p><strong><a  href=\"https:\/\/www.cursal.com\/wp-content\/uploads\/2025\/03\/Sanificazione-ecologica.jpg\" data-rel=\"lightbox-gallery-0\" data-rl_title=\"\" data-rl_caption=\"\" title=\"\"><img loading=\"lazy\" decoding=\"async\" class=\"alignleft size-full wp-image-69194\" src=\"https:\/\/www.cursal.com\/wp-content\/uploads\/2025\/03\/Sanificazione-ecologica.jpg\" alt=\"\" width=\"200\" height=\"200\" srcset=\"https:\/\/www.cursal.com\/wp-content\/uploads\/2025\/03\/Sanificazione-ecologica.jpg 200w, https:\/\/www.cursal.com\/wp-content\/uploads\/2025\/03\/Sanificazione-ecologica-80x80.jpg 80w, https:\/\/www.cursal.com\/wp-content\/uploads\/2025\/03\/Sanificazione-ecologica-36x36.jpg 36w, https:\/\/www.cursal.com\/wp-content\/uploads\/2025\/03\/Sanificazione-ecologica-180x180.jpg 180w, https:\/\/www.cursal.com\/wp-content\/uploads\/2025\/03\/Sanificazione-ecologica-120x120.jpg 120w\" sizes=\"auto, (max-width: 200px) 100vw, 200px\" \/><\/a>Sanificazione ecologica<\/strong><\/p>\n<p>Grazie all\u2019uso di raggi UVC e ozono, garantiamo un&#8217;igienizzazione efficace senza ricorrere a sostanze chimiche nocive.<\/p>\n<p>&nbsp;<\/p>\n<p>&nbsp;<\/p>\n<p>&nbsp;<\/p>\n<p>&nbsp;<\/p>\n<p><strong><a  href=\"https:\/\/www.cursal.com\/wp-content\/uploads\/2025\/03\/Ridurre-lo-spreco-di-legno.jpg\" data-rel=\"lightbox-gallery-0\" data-rl_title=\"\" data-rl_caption=\"\" title=\"\"><img loading=\"lazy\" decoding=\"async\" class=\"alignleft size-full wp-image-69203\" src=\"https:\/\/www.cursal.com\/wp-content\/uploads\/2025\/03\/Ridurre-lo-spreco-di-legno.jpg\" alt=\"\" width=\"200\" height=\"200\" srcset=\"https:\/\/www.cursal.com\/wp-content\/uploads\/2025\/03\/Ridurre-lo-spreco-di-legno.jpg 200w, https:\/\/www.cursal.com\/wp-content\/uploads\/2025\/03\/Ridurre-lo-spreco-di-legno-80x80.jpg 80w, https:\/\/www.cursal.com\/wp-content\/uploads\/2025\/03\/Ridurre-lo-spreco-di-legno-36x36.jpg 36w, https:\/\/www.cursal.com\/wp-content\/uploads\/2025\/03\/Ridurre-lo-spreco-di-legno-180x180.jpg 180w, https:\/\/www.cursal.com\/wp-content\/uploads\/2025\/03\/Ridurre-lo-spreco-di-legno-120x120.jpg 120w\" sizes=\"auto, (max-width: 200px) 100vw, 200px\" \/><\/a>Ridurre lo spreco di legno, proteggere i boschi<\/strong><\/p>\n<p>Sin dal 1983, Cursal \u00e8 stata pioniera nell\u2019ottimizzazione del taglio del legno, progettando macchinari che massimizzano il rendimento delle materie prime, riducendo lo scarto tra il 3% e il 15% a seconda dell\u2019applicazione.<\/p>\n<p>&nbsp;<\/p>\n<p>&nbsp;<\/p>\n<p>&nbsp;<\/p>\n<p><strong><a  href=\"https:\/\/www.cursal.com\/wp-content\/uploads\/2025\/03\/Welfare-Aziendale.jpg\" data-rel=\"lightbox-gallery-0\" data-rl_title=\"\" data-rl_caption=\"\" title=\"\"><img loading=\"lazy\" decoding=\"async\" class=\"alignleft size-full wp-image-69212\" src=\"https:\/\/www.cursal.com\/wp-content\/uploads\/2025\/03\/Welfare-Aziendale.jpg\" alt=\"\" width=\"200\" height=\"200\" srcset=\"https:\/\/www.cursal.com\/wp-content\/uploads\/2025\/03\/Welfare-Aziendale.jpg 200w, https:\/\/www.cursal.com\/wp-content\/uploads\/2025\/03\/Welfare-Aziendale-80x80.jpg 80w, https:\/\/www.cursal.com\/wp-content\/uploads\/2025\/03\/Welfare-Aziendale-36x36.jpg 36w, https:\/\/www.cursal.com\/wp-content\/uploads\/2025\/03\/Welfare-Aziendale-180x180.jpg 180w, https:\/\/www.cursal.com\/wp-content\/uploads\/2025\/03\/Welfare-Aziendale-120x120.jpg 120w\" sizes=\"auto, (max-width: 200px) 100vw, 200px\" \/><\/a>Welfare Aziendale e Supporto alle Comunit\u00e0 Locali<\/strong><\/p>\n<p>Da anni, Cursal promuove il welfare aziendale utilizzando una piattaforma integrata che eroga servizi su misura per i propri dipendenti, coprendo salute, benessere, formazione e mobilit\u00e0 sostenibile. Inoltre, la piattaforma supporta le attivit\u00e0 locali, rafforzando i legami con il territorio e contribuendo alla crescita delle piccole imprese e delle realt\u00e0 della comunit\u00e0.<\/p>\n<p>&nbsp;<\/p>\n<p>&nbsp;<\/p>\n<p>&nbsp;<\/p>\n<p>Le aziende pi\u00f9 attente all\u2019efficienza e all\u2019ambiente scelgono Cursal per macchinari ad alte prestazioni, tecnologicamente avanzati e rispettosi delle risorse naturali.<\/p>\n<p>\u00a9 2025 Cursal. Tutti i diritti riservati.<\/p>\n","protected":false},"excerpt":{"rendered":"<p>Cursal: Innovazione e Sostenibilit\u00e0 per un Futuro Green Da sempre, Cursal crede in un modello di sviluppo ecosostenibile. Lavoriamo ogni giorno per ridurre sprechi, ottimizzare risorse ed eliminare l&#8217;impatto ambientale superfluo. Il nostro impegno nella green economy ci permette di operare con processi produttivi efficienti, valorizzare gli ecosistemi e utilizzare energia pulita e rinnovabile per [&hellip;]<\/p>\n","protected":false},"author":2,"featured_media":0,"parent":27,"menu_order":0,"comment_status":"closed","ping_status":"closed","template":"","meta":{"footnotes":""},"class_list":["post-49341","page","type-page","status-publish","hentry"],"_links":{"self":[{"href":"https:\/\/www.cursal.com\/index.php?rest_route=\/wp\/v2\/pages\/49341","targetHints":{"allow":["GET"]}}],"collection":[{"href":"https:\/\/www.cursal.com\/index.php?rest_route=\/wp\/v2\/pages"}],"about":[{"href":"https:\/\/www.cursal.com\/index.php?rest_route=\/wp\/v2\/types\/page"}],"author":[{"embeddable":true,"href":"https:\/\/www.cursal.com\/index.php?rest_route=\/wp\/v2\/users\/2"}],"replies":[{"embeddable":true,"href":"https:\/\/www.cursal.com\/index.php?rest_route=%2Fwp%2Fv2%2Fcomments&post=49341"}],"version-history":[{"count":23,"href":"https:\/\/www.cursal.com\/index.php?rest_route=\/wp\/v2\/pages\/49341\/revisions"}],"predecessor-version":[{"id":69268,"href":"https:\/\/www.cursal.com\/index.php?rest_route=\/wp\/v2\/pages\/49341\/revisions\/69268"}],"up":[{"embeddable":true,"href":"https:\/\/www.cursal.com\/index.php?rest_route=\/wp\/v2\/pages\/27"}],"wp:attachment":[{"href":"https:\/\/www.cursal.com\/index.php?rest_route=%2Fwp%2Fv2%2Fmedia&parent=49341"}],"curies":[{"name":"wp","href":"https:\/\/api.w.org\/{rel}","templated":true}]}}