{"id":442,"date":"2014-04-18T16:06:39","date_gmt":"2014-04-18T14:06:39","guid":{"rendered":"https:\/\/www.cursal.com\/?page_id=442"},"modified":"2023-05-05T21:36:40","modified_gmt":"2023-05-05T19:36:40","slug":"privacy-policy","status":"publish","type":"page","link":"https:\/\/www.cursal.com\/?page_id=442","title":{"rendered":"Privacy Policy"},"content":{"rendered":"<h2><span style=\"color: #000080;\">Informativa sul trattamento dei dati personali<\/span><\/h2>\n<h3><strong>Informativa sulla Privacy<\/strong><\/h3>\n<p><span style=\"color: #000080;\"><b>Sommario<br \/>\n<\/b><b>\u2022Informativa navigazione web<br \/>\n<\/b><b>\u2022Informativa clienti \/ fornitori<\/b><\/span><\/p>\n<p>Spett.le Ditta\/Societ\u00e0,<\/p>\n<ul>\n<li>\n<h3><strong><span style=\"color: #000080;\">\u00a0Informativa NAVIGAZIONE WEB resa ai sensi dell&#8217;art.<\/span><span style=\"color: #000080;\"> 13 del GDPR (General Data Protection Regulation) n. 2016\/679<\/span><\/strong><\/h3>\n<p>Con la presente pagina si intende informare l&#8217;utenza in merito alle politiche osservate da Cursal Srl, con sede in Via Bradolini 38\/a, San Fior TV, in materia di raccolta, conservazione, utilizzo ed eventuale divulgazione di ogni informazione personale degli utenti assunta nell&#8217;ambito della fruizione dei servizi offerti nel sito www.cursal.com. La presente privacy policy \u00e8 soggetta ad aggiornamenti e modifiche. Tali eventualit\u00e0 saranno comunicate via newsletter o saranno messe in evidenza nelle apposite sezioni del sito. Si consiglia di controllare in ogni caso la presente privacy policy con periodicit\u00e0. Cursal Srl garantisce il rispetto delle normative sopra richiamate, invitando gli utenti a leggere con attenzione la presente Privacy Policy prima di inviare qualsiasi informazione personale, specificando che la presente informativa \u00e8 resa solamente per il presente sito. La gestione e la propriet\u00e0 del sito www.cursal.com\u00a0 e www.cursal.net appartengono esclusivamente a Cursal Srl.<\/li>\n<\/ul>\n<p><strong>1. TITOLARE DEL TRATTAMENTO DEI DATI E RESPONSABILE DELLA PROTEZIONE DEI DATI<\/strong><br \/>\nIl titolare del trattamento dei dati \u00e8 Cursal Srl, P.IVA 03079840264, con sede legale in Via Bradolini 38\/a, San Fior (TV) &#8211; Italia.<br \/>\nContatto del Titolare: <a href=\"mailto:info@cursal.com\">info@cursal.com &#8211; news@cursal.net<\/a><\/p>\n<p><strong>2. TIPOLOGIE DI DATI RACCOLTI<\/strong><br \/>\nIl scrivente soggetto, Titolare del Trattamento, informa che, per il normale funzionamento del sito, tratter\u00e0 dati che per loro natura possono essere definiti come dati personali. Per dato personale si intende qualunque informazione relativa a persona fisica, identificata o identificabile, anche indirettamente, mediante riferimento a qualsiasi altra informazione, ivi compreso un numero di identificazione personale.<br \/>\nI dati personali trattati attraverso il sito sono i seguenti:<br \/>\na) Dati di navigazione: Durante il normale funzionamento del sito, i sistemi informatici e le procedure software acquisiscono alcuni dati personali la cui trasmissione \u00e8 implicita nell&#8217;uso dei protocolli di comunicazione di Internet. Si tratta di informazioni che non sono raccolte per essere associate a interessati identificati, ma che per loro stessa natura potrebbero, attraverso elaborazioni ed associazioni con dati detenuti da terzi, permettere di identificare gli utenti. In questa categoria di dati rientrano gli indirizzi IP o i nomi a dominio dei computer utilizzati dagli utenti che si connettono al sito, gli indirizzi in notazione URI (Uniform Resource Identifier) delle risorse richieste, l&#8217;orario della richiesta, il metodo utilizzato nel sottoporre la richiesta al server, la dimensione del file ottenuto in risposta, il codice numerico indicante lo stato della risposta data dal server (buon fine, errore, ecc.) ed altri parametri relativi al sistema operativo e all&#8217;ambiente informatico dell&#8217;utente;<br \/>\nb) Dati personali comuni: Per accedere a determinati servizi del sito, potrebbe essere richiesto il conferimento di dati personali comuni. Tali dati personali potrebbero essere, a titolo esemplificativo e non esaustivo: nome, cognome, indirizzo e-mail, numero di telefono, ecc;<br \/>\nc) Cookies: Si veda la cookies policy ai seguenti links <strong><a href=\"https:\/\/www.cursal.com\/?page_id=930\" target=\"_blank\" rel=\"noopener\">&#8220;<span style=\"text-decoration: underline;\">Cookies ITA<\/span>&#8220;<\/a><\/strong>\u00a0; &#8220;<span style=\"text-decoration: underline;\"><strong><a href=\"https:\/\/www.cursal.com\/?page_id=7276&amp;lang=en\" target=\"_blank\" rel=\"noopener\">Cookies ING<\/a><\/strong><\/span>&#8221;\u00a0.<\/p>\n<p><strong>3. FINALIT\u00c0 DEL TRATTAMENTO<\/strong><br \/>\nI dati da voi forniti, compresi quelli di natura personale ed eventualmente particolare, saranno oggetto di trattamento per le seguenti finalit\u00e0:<br \/>\na) rispondere ad eventuali richieste di contatto pervenute mediante e-mail;<br \/>\nb) rispondere ad eventuali richieste di preventivo pervenute mediante e-mail o compilando l\u2019apposito form nella pagina Contatti;<br \/>\nc) inviare newsletter o comunicazioni di tipo commerciale e di marketing;<br \/>\nd) espletare attivit\u00e0 amministrativo-contabili in genere. Ai fini dell&#8217;applicazione delle disposizioni in materia di protezione dei dati personali, i trattamenti effettuati per finalit\u00e0 amministrativo-contabili sono quelli connessi allo svolgimento delle attivit\u00e0 di natura organizzativa, amministrativa, finanziaria e contabile, a prescindere dalla natura dei dati trattati. In particolare, perseguono tali finalit\u00e0 le attivit\u00e0 organizzative interne, quelle funzionali all&#8217;adempimento di obblighi contrattuali e precontrattuali e l\u2019attivit\u00e0 informativa.<\/p>\n<p><strong>4. BASE LEGALE E NATURA OBBLIGATORIA O FACOLTATIVA DEL TRATTAMENTO<\/strong><br \/>\nLa base legale del trattamento di dati personali per la finalit\u00e0 di cui alla sezione 3 (c) \u00e8 l\u2019art. 6(1)(a) del Regolamento in quanto i trattamenti sono subordinati all\u2019acquisizione di esplicito consenso.<br \/>\nLa base legale del trattamento di dati personali per le finalit\u00e0 di cui alla sezione 3 (a,b,d) \u00e8 l\u2019art. 6(1)(b) del Regolamento in quanto i trattamenti sono necessari all&#8217;erogazione dei servizi o per il riscontro di richieste dell\u2019interessato.<br \/>\nIl conferimento dei dati personali per queste finalit\u00e0 \u00e8 facoltativo ma l&#8217;eventuale mancato conferimento comporterebbe l&#8217;impossibilit\u00e0 di attivare i servizi forniti dal sito o rispondere alle richieste dell\u2019interessato.<\/p>\n<p><strong>5. MODALIT\u00c0 DEL TRATTAMENTO<\/strong><br \/>\nIl trattamento sar\u00e0 svolto in forma cartacea e\/o informatizzata, ma in ogni caso con misure idonee a garantire la massima sicurezza, ad opera di soggetti appositamente formati e incaricati.<br \/>\nI dati raccolti per le finalit\u00e0 di cui alla sez. 3(a,b,d) verranno conservati per il tempo strettamente necessario all\u2019assolvimento delle finalit\u00e0 stesse.<br \/>\nPer quanto riguarda la conservazione dei dati in funzione della finalit\u00e0 di cui alla sezione 3(c), il tempo di conservazione \u00e8 stato fissato in mesi 24.<br \/>\nMaggiori informazioni in merito al periodo di conservazione dei dati e ai criteri utilizzati per determinare tale periodo possono essere richieste scrivendo a Cursal Srl al seguente indirizzo: <a href=\"mailto:info@cursal.com\">info@cursal.com &#8211; news@cursal.net<\/a><\/p>\n<p><strong>6. DESTINATARI DEI DATI PERSONALI<\/strong><br \/>\nI suoi dati personali potranno essere condivisi, per le finalit\u00e0 di cui alla sezione 3, con:<br \/>\na) soggetti che agiscono in qualit\u00e0 di responsabili del trattamento ossia: soggetti con i quali sia necessario interagire per l&#8217;erogazione dei servizi (ad esempio gli hosting provider), oppure soggetti delegati a svolgere attivit\u00e0 di manutenzione tecnica;<br \/>\nb) soggetti, enti od autorit\u00e0 a cui sia obbligatorio comunicare i suoi dati personali in forza di disposizioni di legge o di ordini delle autorit\u00e0;<br \/>\nc) persone autorizzate da Cursal Srl al trattamento di dati personali necessario a svolgere attivit\u00e0 strettamente correlate all&#8217;erogazione dei servizi, che si siano impegnate alla riservatezza (es. dipendenti di Cursal Srl).<\/p>\n<p><strong>7. TRASFERIMENTI DEI DATI PERSONALI<\/strong><br \/>\nI dati personali dell\u2019Interessato non saranno oggetto di trasferimento al di fuori dell\u2019Unione Europea. Resta in ogni caso inteso che il Titolare del Trattamento, ove si rendesse necessario, avr\u00e0 la facolt\u00e0 di trasferire i dati in Unione Europea e\/o in paesi extra UE. In tal caso, il Titolare del Trattamento assicura sin d\u2019ora che il trasferimento dei dati extra UE avverr\u00e0 in conformit\u00e0 alle disposizioni di legge applicabili stipulando, se necessario, accordi che garantiscano un livello di protezione adeguato e\/o adottando le clausole contrattuali standard previste dalla Commissione Europea e\/o norme vincolanti d\u2019impresa.<\/p>\n<p><strong>8. DIRITTI DEGLI INTERESSATI<\/strong><br \/>\nAll\u2019interessato sono riconosciuti specifici diritti:<br \/>\n1) l\u2019interessato ha diritto di ottenere la conferma dell\u2019esistenza o meno di dati personali che lo riguardano, anche se non ancora registrati, e la loro comunicazione in forma intelligibile;<br \/>\n2) l\u2019interessato ha inoltre diritto di ottenere l\u2019indicazione: dell\u2019origine dei dati personali; delle finalit\u00e0 e modalit\u00e0 di trattamento; della logica applicata in caso di trattamento effettuato con l\u2019ausilio di strumenti elettronici; degli estremi identificativi del titolare, dei responsabili e del rappresentante designato e dei relativi dati di contatto; dei soggetti o delle categorie di soggetti ai quali i dati personali possono essere comunicati o che possono venirne a conoscenza in qualit\u00e0 di rappresentante designato nel territorio dello Stato, di responsabili o incaricati;<br \/>\n3) l\u2019interessato ha altres\u00ec diritto di ottenere: i legittimi interessi perseguiti dal titolare del trattamento o da terzi, gli eventuali destinatari o le eventuali categorie dei destinatari dei dati personali; l\u2019intenzione del titolare del trattamento di trasferire i dati personali a un paese terzo o a un\u2019organizzazione internazionale e l\u2019esistenza o l\u2019assenza di una decisione di adeguatezza della Commissione; il periodo di conservazione dei dati o, se non \u00e8 possibile, i criteri utilizzati per determinare tale periodo; l\u2019esistenza di un processo decisionale automatizzato; il diritto a proporre reclamo all\u2019autorit\u00e0 di controllo; il diritto ad essere informato se la comunicazione dei dati costituisce obbligo legale o contrattuale o un requisito necessario per la conclusione del contratto;<br \/>\n4) l\u2019interessato ha altres\u00ec diritto di ottenere:<br \/>\na) l\u2019aggiornamento, la rettificazione ovvero, quando vi ha interesse, l\u2019integrazione dei dati;<br \/>\nb) la cancellazione, la trasformazione in forma anonima o il blocco dei dati trattati in violazione di legge, compresi quelli di cui non \u00e8 necessaria la conservazione in relazione agli scopi per i quali i dati sono stati raccolti o successivamente trattati;<br \/>\nc) l\u2019attestazione che le operazioni di cui alle lettere a) e b) del presente comma sono state portate a conoscenza, anche per quanto riguarda il loro contenuto; il nominativo di coloro ai quali i dati sono stati comunicati o diffusi, eccettuato il caso in cui tale adempimento si riveli impossibile o comporti un impiego di mezzi manifestamente sproporzionato rispetto al diritto tutelato.<br \/>\n5) l\u2019interessato ha infine diritto di opporsi, in tutto o in parte:<br \/>\na) per motivi legittimi al trattamento dei dati personali che lo riguardano, ancorch\u00e9 pertinenti lo scopo della raccolta;<br \/>\nb) al trattamento di dati personali che lo riguardano a fini di invio di materiale pubblicitario o di vendita diretta o per il compimento di ricerche di mercato o di comunicazione commerciale.<\/p>\n<p>Per l\u2019esercizio dei diritti di cui sopra, o per qualsiasi domanda o chiarimento sulla presente privacy policy, si potranno utilizzare i contatti forniti alla sezione 1 della presente informativa.<br \/>\nCursal Srl, provveder\u00e0 senza ritardo a fornire idoneo riscontro, e comunque entro un termine non superiore a mesi 1. Nel caso di particolare complessit\u00e0 il termine per la risposta, a norma del Regolamento, pu\u00f2 essere di mesi 3. In ogni caso il titolare informer\u00e0 l\u2019interessato entro mesi 1 dalla richiesta, anche per comunicarne il diniego nei casi specificatamente contemplati nelle disposizioni vigenti.<\/p>\n<p><strong>9. DIRITTI A PORRE RECLAMO ALL&#8217;AUTORIT\u00c0 DI CONTROLLO<\/strong><br \/>\nSi informa altres\u00ec che ai sensi degli artt. 51 e ss del Reg. UE 679\/2016, ove ritenesse lesi i propri diritti, l\u2019interessato pu\u00f2 rivolgersi al Garante per la protezione dei dati personali nonch\u00e9 all\u2019autorit\u00e0 giudiziaria ordinaria.<\/p>\n<p><strong>10. LINGUA<\/strong><br \/>\nQualunque traduzione di questo documento in lingua diversa dall\u2019italiana \u00e8 fornita a solo scopo informativo. In caso di discrepanze, l\u2019unica versione legalmente valida e vincolante \u00e8 la versione italiana di questo documento.<\/p>\n<ul>\n<li>\n<h2><strong style=\"color: #000080;\">\u00a0Informativa CLIENTI \/ FORNITORI resa ai sensi dell&#8217;art 13 del Regolamento UE 2016\/679<\/strong><\/h2>\n<p>Con la presente informativa si intende mettere a conoscenza gli interessati in merito alle politiche osservate da Cursal Srl, con sede in Via Bradolini 38\/a, San Fior TV, in materia di raccolta, conservazione, utilizzo di ogni informazione personale.<\/li>\n<\/ul>\n<p><strong>1. TITOLARE DEL TRATTAMENTO DEI DATI E RESPONSABILE DELLA PROTEZIONE DEI DATI<\/strong><br \/>\nIl Titolare del Trattamento dei dati \u00e8 Cursal Srl, P.IVA 03079840264, con sede legale in Via Bradolini 38\/a, San Fior TV &#8211; Italia.<br \/>\nContatto del Titolare: <a href=\"mailto:info@cursal.com\">info@cursal.com &#8211; news@cursal.net<\/a><\/p>\n<p><strong>2. TIPOLOGIE DI DATI RACCOLTI<\/strong><br \/>\nIl scrivente soggetto, Titolare del Trattamento, informa che potrebbe trattare dati che per loro natura possono essere definiti come Dati Personali. Per dato personale si intende qualunque informazione relativa a persona fisica, identificata o identificabile, anche indirettamente, mediante riferimento a qualsiasi altra informazione, ivi compreso un numero di identificazione personale.<br \/>\nI dati personali trattati sono i seguenti:<br \/>\na) Dati personali comuni<br \/>\nPer assolvere i propri obblighi contrattuali, il Titolare del Trattamento potrebbe venire a contatto con dati personali comuni tra cui rientrano, a titolo esemplificativo e non esaustivo, nome, cognome, codice fiscale, il numero di telefono mobile, l\u2019indirizzo, indirizzo e-mail, di seguito e complessivamente solo \u201cDati Personali\u201d.<\/p>\n<p><strong>3. FINALIT\u00c0 DEL TRATTAMENTO<\/strong><br \/>\nI Dati Personali forniti, saranno raccolti presso l\u2019interessato e saranno oggetto di trattamento per le seguenti finalit\u00e0:<br \/>\na) esecuzione dei prestazioni contrattuali o precontrattuali sottoscritte con interessati e gestione del relativo rapporto;<br \/>\nb) espletamento delle attivit\u00e0 amministrativo-contabili in genere. Ai fini dell&#8217;applicazione delle disposizioni in materia di protezione dei dati personali, i trattamenti effettuati per finalit\u00e0 amministrativo-contabili sono quelli connessi allo svolgimento delle attivit\u00e0 di natura organizzativa, amministrativa, finanziaria e contabile, a prescindere dalla natura dei dati trattati;<br \/>\nc) adempimenti ad obblighi di legge dettati dalla normativa vigente.<\/p>\n<p><strong>4. BASE LEGALE E NATURA OBBLIGATORIA O FACOLTATIVA DEL TRATTAMENTO<\/strong><br \/>\nLa base legale del trattamento di Dati Personali per le finalit\u00e0 di cui alla sezione 3 (a,b) \u00e8 l\u2019art. 6(1)(b) del Regolamento in quanto i trattamenti sono necessari per l\u2019esecuzione di un contratto sottoscritto con l\u2019interessato. Il conferimento dei Dati Personali per queste finalit\u00e0 \u00e8 obbligatorio in quanto necessario a dare esecuzione al contratto in questione.<br \/>\nPer quanto riguarda la finalit\u00e0 di cui alla sezione 3(c) la base legale risulta essere l\u2019art 6(1)(c) del Regolamento per l\u2019adempimento di specifici obblighi di legge. Il conferimento dei dati risulta anche in questo caso obbligatorio.<\/p>\n<p><strong>5. MODALIT\u00c0 DEL TRATTAMENTO<\/strong><br \/>\nIl trattamento sar\u00e0 svolto in forma cartacea e\/o informatizzata, ma in ogni caso con misure idonee a garantire la massima sicurezza, ad opera di soggetti appositamente formati e incaricati.<br \/>\nI dati raccolti per le finalit\u00e0 di cui alla sezione 3(a-c) verranno conservati per il tempo strettamente necessario all\u2019assolvimento delle finalit\u00e0 stesse, fatte salve ulteriori conservazioni previste dalla normativa applicabile.<br \/>\nMaggiori informazioni sono disponibili presso il Titolare del Trattamento ai recapiti indicati alla sezione 1 del presente documento.<\/p>\n<p><strong>6. DESTINATARI DEI DATI PERSONALI<\/strong><br \/>\nI Dati Personali dell\u2019interessato potranno essere condivisi, per le finalit\u00e0 di cui alla sezione 3, con:<br \/>\na) soggetti che agiscono in qualit\u00e0 di Responsabili del Trattamento (es. Confartigianato Imprese Conegliano, Viale Italia 259, Conegliano TV);<br \/>\nb) soggetti, enti od autorit\u00e0 a cui sia obbligatorio comunicare i suoi dati personali in forza di disposizioni di legge o di ordini delle autorit\u00e0;<br \/>\nc) altri soggetti che agiscono da Titolari Autonomi del Trattamento per dare corso agli sviluppi derivanti dal contratto sottoscritto (es. banche);<br \/>\nd) persone autorizzate da Cursal Srl al trattamento di Dati Personali necessario a svolgere attivit\u00e0 strettamente correlate all\u2019esecuzione del contratto, che si siano impegnate alla riservatezza (es. dipendenti di Cursal Srl).<\/p>\n<p>In riferimento di quanto espresso al punto a) della sezione corrente, informiamo che \u00e8 possibile consultare la lista aggiornata dei Responsabili del Trattamento presso la sede del titolare, o chiederne copia attraverso una richiesta da inviare ai recapiti indicati alla sezione 1 del presente documento.<\/p>\n<p><strong>7. TRASFERIMENTI DEI DATI PERSONALI<\/strong><br \/>\nI dati personali dell\u2019interessato non saranno oggetto di trasferimento al di fuori dell\u2019Unione Europea. Resta in ogni caso inteso che il Titolare del Trattamento, ove si rendesse necessario, avr\u00e0 la facolt\u00e0 di trasferire i dati in Unione Europea e\/o in paesi extra UE. In tal caso, il Titolare del Trattamento assicura sin d\u2019ora che il trasferimento dei dati extra UE avverr\u00e0 in conformit\u00e0 alle disposizioni di legge applicabili stipulando, se necessario, accordi che garantiscano un livello di protezione adeguato e\/o adottando le clausole contrattuali standard previste dalla Commissione Europea e\/o norme vincolanti d\u2019impresa.<\/p>\n<p><strong>8. DIRITTI DEGLI INTERESSATI<\/strong><br \/>\nAll\u2019interessato sono riconosciuti specifici diritti:<br \/>\n1) l\u2019interessato ha diritto di ottenere la conferma dell\u2019esistenza o meno di Dati Personali che lo riguardano, anche se non ancora registrati, e la loro comunicazione in forma intelligibile;<br \/>\n2) l\u2019interessato ha inoltre diritto di ottenere l\u2019indicazione: dell\u2019origine dei Dati Personali, delle finalit\u00e0 e modalit\u00e0 di trattamento, della logica applicata in caso di trattamento effettuato con l\u2019ausilio di strumenti elettronici, degli estremi identificativi del titolare, dei responsabili e del rappresentante designato e dei relativi dati di contatto, dei soggetti o delle categorie di soggetti ai quali i Dati Personali possono essere comunicati o che possono venirne a conoscenza in qualit\u00e0 di rappresentante designato nel territorio dello Stato, di responsabili o incaricati;<br \/>\n3) l\u2019interessato ha altres\u00ec diritto di ottenere: i legittimi interessi perseguiti dal Titolare del Trattamento o da terzi, gli eventuali destinatari o le eventuali categorie dei destinatari dei Dati Personali, l\u2019intenzione del titolare del trattamento di trasferire i Dati Personali a un paese terzo o a un\u2019organizzazione internazionale e l\u2019esistenza o l\u2019assenza di una decisione di adeguatezza della Commissione, il periodo di conservazione dei dati o, se non \u00e8 possibile, i criteri utilizzati per determinare tale periodo, l\u2019esistenza di un processo decisionale automatizzato, il diritto a proporre reclamo all\u2019autorit\u00e0 di controllo, il diritto ad essere informato se la comunicazione dei dati costituisce obbligo legale o contrattuale o un requisito necessario per la conclusione del contratto;<br \/>\n4) l\u2019interessato ha altres\u00ec diritto di ottenere: a) l\u2019aggiornamento, la rettificazione ovvero, quando vi ha interesse, l\u2019integrazione dei dati; b) la cancellazione, la trasformazione in forma anonima o il blocco dei dati trattati in violazione di legge, compresi quelli di cui non \u00e8 necessaria la conservazione in relazione agli scopi per i quali i dati sono stati raccolti o successivamente trattati; c) l\u2019attestazione che le operazioni di cui alle lettere a) e b) del presente comma sono state portate a conoscenza, anche per quanto riguarda il loro contenuto; il nominativo di coloro ai quali i dati sono stati comunicati o diffusi, eccettuato il caso in cui tale adempimento si riveli impossibile o comporti un impiego di mezzi manifestamente sproporzionato rispetto al diritto tutelato;<br \/>\n5) l\u2019interessato ha infine diritto di opporsi, in tutto o in parte: per motivi legittimi al trattamento dei Dati Personali che lo riguardano, ancorch\u00e9 pertinenti lo scopo della raccolta, al trattamento di Dati Personali che lo riguardano a fini di invio di materiale pubblicitario o di vendita diretta o per il compimento di ricerche di mercato o di comunicazione commerciale.<\/p>\n<p>Per l\u2019esercizio dei diritti di cui sopra, o per qualsiasi domanda o chiarimento sulla presente privacy policy, si potranno utilizzare i contatti forniti alla sezione 1 della presente informativa.<br \/>\nCursal Srl provveder\u00e0 senza ritardo a fornire idoneo riscontro, e comunque entro un termine non superiore a mesi 1. Nel caso di particolare complessit\u00e0, il termine per la risposta, a norma del Regolamento, pu\u00f2 essere di mesi 3. In ogni caso il titolare informer\u00e0 l\u2019interessato entro mesi 1 dalla richiesta, anche per comunicarne il diniego nei casi specificatamente contemplati nelle disposizioni vigenti.<\/p>\n<p><strong>9. DIRITTI A PORRE RECLAMO ALL&#8217;AUTORIT\u00c0 DI CONTROLLO<\/strong><br \/>\nSi informa altres\u00ec che ai sensi degli artt. 51 e ss del Reg. UE 679\/2016, ove ritenesse lesi i propri diritti, l\u2019interessato pu\u00f2 rivolgersi al Garante per la Protezione dei Dati Personali nonch\u00e9 all\u2019autorit\u00e0 giudiziaria ordinaria.<\/p>\n","protected":false},"excerpt":{"rendered":"<p>Informativa sul trattamento dei dati personali Informativa sulla Privacy Sommario \u2022Informativa navigazione web \u2022Informativa clienti \/ fornitori Spett.le Ditta\/Societ\u00e0, \u00a0Informativa NAVIGAZIONE WEB resa ai sensi dell&#8217;art. 13 del GDPR (General Data Protection Regulation) n. 2016\/679 Con la presente pagina si intende informare l&#8217;utenza in merito alle politiche osservate da Cursal Srl, con sede in Via [&hellip;]<\/p>\n","protected":false},"author":2,"featured_media":0,"parent":0,"menu_order":0,"comment_status":"closed","ping_status":"closed","template":"","meta":{"footnotes":""},"class_list":["post-442","page","type-page","status-publish","hentry"],"_links":{"self":[{"href":"https:\/\/www.cursal.com\/index.php?rest_route=\/wp\/v2\/pages\/442","targetHints":{"allow":["GET"]}}],"collection":[{"href":"https:\/\/www.cursal.com\/index.php?rest_route=\/wp\/v2\/pages"}],"about":[{"href":"https:\/\/www.cursal.com\/index.php?rest_route=\/wp\/v2\/types\/page"}],"author":[{"embeddable":true,"href":"https:\/\/www.cursal.com\/index.php?rest_route=\/wp\/v2\/users\/2"}],"replies":[{"embeddable":true,"href":"https:\/\/www.cursal.com\/index.php?rest_route=%2Fwp%2Fv2%2Fcomments&post=442"}],"version-history":[{"count":36,"href":"https:\/\/www.cursal.com\/index.php?rest_route=\/wp\/v2\/pages\/442\/revisions"}],"predecessor-version":[{"id":59686,"href":"https:\/\/www.cursal.com\/index.php?rest_route=\/wp\/v2\/pages\/442\/revisions\/59686"}],"wp:attachment":[{"href":"https:\/\/www.cursal.com\/index.php?rest_route=%2Fwp%2Fv2%2Fmedia&parent=442"}],"curies":[{"name":"wp","href":"https:\/\/api.w.org\/{rel}","templated":true}]}}