{"id":3807,"date":"2016-07-26T16:09:22","date_gmt":"2016-07-26T14:09:22","guid":{"rendered":"http:\/\/dm2cu1.cursal.it\/?page_id=3807"},"modified":"2024-02-08T15:20:46","modified_gmt":"2024-02-08T14:20:46","slug":"servicios","status":"publish","type":"page","link":"https:\/\/www.cursal.com\/?page_id=3807&lang=es","title":{"rendered":"SERVICIOS"},"content":{"rendered":"<p><strong><img loading=\"lazy\" decoding=\"async\" class=\"size-full wp-image-2149 alignleft\" src=\"https:\/\/www.cursal.com\/wp-content\/uploads\/2014\/03\/consulenza.jpg\" alt=\"consulenza\" width=\"200\" height=\"200\" \/>CONSULTOR\u00cdA PREVENTA \/ DEMO<br \/>\n<\/strong>Nuestros agentes de comercio Cursal, que operan desde d\u00e9cadas en el sector, apoyeran vuestros proyectos <strong>sugiriendo las configuraciones \u00f3ptimas para vuestra realidad productiva.<\/strong> Durante las etapas de negociaci\u00f3n, si se requiere o si es necesario, <strong>verificamos la factibilidad del trabajo<\/strong> con pruebas realizadas en tablas de muestra o en los perfiles enviados por los clientes.<\/p>\n<p>Las pruebas se documentan con <strong>fotos, v\u00eddeos y an\u00e1lisis detallados CURSAL<\/strong>, en total din\u00e1mica con el cliente.<\/p>\n<p>&nbsp;<\/p>\n<p>&nbsp;<\/p>\n<p><strong> <img loading=\"lazy\" decoding=\"async\" class=\"size-full wp-image-2157 alignleft\" src=\"https:\/\/www.cursal.com\/wp-content\/uploads\/2014\/03\/training2.jpg\" alt=\"training2\" width=\"200\" height=\"200\" \/>FORMACI\u00d3N<\/strong><br \/>\nLos t\u00e9cnicos especializados CURSAL realizan <strong>formaci\u00f3n personalizada a los clientes<\/strong> en base a las necesidades espec\u00edficas y a la complejidad de las instalacionaes adquiridas.<\/p>\n<p><strong>Los cursos de formaci\u00f3n<\/strong> son importantes para toda nuestra red de ventas que recibe formaci\u00f3n en el lugar o en la sede Cursal.<\/p>\n<p>&nbsp;<\/p>\n<p>&nbsp;<\/p>\n<p>&nbsp;<\/p>\n<p><strong><img loading=\"lazy\" decoding=\"async\" class=\"size-full wp-image-2150 alignleft\" src=\"https:\/\/www.cursal.com\/wp-content\/uploads\/2014\/03\/installazione.jpg\" alt=\"installazione\" width=\"200\" height=\"200\" \/>IN<\/strong><strong>STALLACI\u00d3N Y CONFIGURATI\u00d3N<br \/>\n<\/strong>Cursal ofrece servicios de instalaci\u00f3n de sus plantas <strong>en todo el mundo<\/strong>, gracias a las <strong>competencias de t\u00e9cnicos expertos.<\/strong><\/p>\n<p>La instalaci\u00f3n, aparte de l&#8217;ensamblaje de las m\u00e1quinas, consiste en el <strong>establecimiento de par\u00e1metros<\/strong> de la m\u00e1quina para la producci\u00f3n, <strong>puesta en marcha<\/strong>, formaci\u00f3n y entrenamiento de las pruebas de trabajo directamente en la m\u00e1quina, a continuaci\u00f3n, para la salida de la m\u00e1quina y el <strong>mantenimiento<\/strong>.<\/p>\n<p>Por supuesto, nuestro personal est\u00e1 a vuestra disposici\u00f3n para <strong>todo lo que necesitas post &#8211; instalaci\u00f3n<\/strong>.<\/p>\n<p>&nbsp;<\/p>\n<p><strong><img loading=\"lazy\" decoding=\"async\" class=\"size-full wp-image-2152 alignleft\" src=\"https:\/\/www.cursal.com\/wp-content\/uploads\/2014\/03\/assistenza1.jpg\" alt=\"assistenza\" width=\"200\" height=\"200\" \/>ASISTENCIA<br \/>\n<\/strong>Para nuestros clientes hay un <strong>servicio<\/strong> cualificado, <strong>profesional<\/strong> y de m\u00faltiples niveles.<\/p>\n<ul>\n<li><strong>TELESERVICE REMOTO<\/strong><br \/>\nCon un sistema de control mejorado, dialogamos con nuestras m\u00e1quinas CN por <strong>identificar los mensajes de error<\/strong>, y <strong>resolver los fallos<\/strong> de hardware y software, reduciendo tiempos y costes. El servicio puede ser implementado con monitoreo por c\u00e1maras;<\/li>\n<li>Apoyo a problemas mec\u00e1nicos, el\u00e9ctricos y de software.<\/li>\n<\/ul>\n<p>&nbsp;<\/p>\n<p>&nbsp;<\/p>\n<p><strong><img loading=\"lazy\" decoding=\"async\" class=\"size-full wp-image-2208 alignleft\" src=\"https:\/\/www.cursal.com\/wp-content\/uploads\/2014\/03\/ricambi.jpg\" alt=\"ricambi\" width=\"200\" height=\"200\" \/>PIEZAS DE RECAMBIO<br \/>\n<\/strong>Nuestra oficina de piezas de repuesto, <strong>gestiona la post-venta<\/strong> para sus implantes de trabajo.<\/p>\n<p>Nos aseguramos <strong>velocidad y puntualidad<\/strong> para gestionar los pedidos de piezas de repuesto en almac\u00e9n.<\/p>\n<p>&nbsp;<\/p>\n<p>&nbsp;<\/p>\n<p>&nbsp;<\/p>\n<p><span style=\"font-weight: bold;\"><img loading=\"lazy\" decoding=\"async\" class=\"size-full wp-image-2151 alignleft\" src=\"https:\/\/www.cursal.com\/wp-content\/uploads\/2014\/03\/training.jpg\" alt=\"training\" width=\"200\" height=\"200\" \/><\/span><strong style=\"line-height: 1.5;\">MODIFICACI\u00d3N Y MANTENIMIENTO<br \/>\n<\/strong>Las plantas de <strong>CURSAL<\/strong>, son <strong>muy duraderas<\/strong>, es por eso que nuestros t\u00e9cnicos especializados en general trabajan en las l\u00edneas antiguas dando <strong>consejos y asistencia para restaurar la mayor parte de las funcionalidades<\/strong>.<\/p>\n<p>Este servicio (que s\u00f3lo unas pocas empresas ofrecen) es posible gracias a la capacidad de obtener <strong>piezas de repuesto originales<\/strong><\/p>\n","protected":false},"excerpt":{"rendered":"<p>CONSULTOR\u00cdA PREVENTA \/ DEMO Nuestros agentes de comercio Cursal, que operan desde d\u00e9cadas en el sector, apoyeran vuestros proyectos sugiriendo las configuraciones \u00f3ptimas para vuestra realidad productiva. Durante las etapas de negociaci\u00f3n, si se requiere o si es necesario, verificamos la factibilidad del trabajo con pruebas realizadas en tablas de muestra o en los perfiles [&hellip;]<\/p>\n","protected":false},"author":2,"featured_media":0,"parent":0,"menu_order":0,"comment_status":"closed","ping_status":"closed","template":"","meta":{"footnotes":""},"class_list":["post-3807","page","type-page","status-publish","hentry"],"_links":{"self":[{"href":"https:\/\/www.cursal.com\/index.php?rest_route=\/wp\/v2\/pages\/3807","targetHints":{"allow":["GET"]}}],"collection":[{"href":"https:\/\/www.cursal.com\/index.php?rest_route=\/wp\/v2\/pages"}],"about":[{"href":"https:\/\/www.cursal.com\/index.php?rest_route=\/wp\/v2\/types\/page"}],"author":[{"embeddable":true,"href":"https:\/\/www.cursal.com\/index.php?rest_route=\/wp\/v2\/users\/2"}],"replies":[{"embeddable":true,"href":"https:\/\/www.cursal.com\/index.php?rest_route=%2Fwp%2Fv2%2Fcomments&post=3807"}],"version-history":[{"count":12,"href":"https:\/\/www.cursal.com\/index.php?rest_route=\/wp\/v2\/pages\/3807\/revisions"}],"predecessor-version":[{"id":4272,"href":"https:\/\/www.cursal.com\/index.php?rest_route=\/wp\/v2\/pages\/3807\/revisions\/4272"}],"wp:attachment":[{"href":"https:\/\/www.cursal.com\/index.php?rest_route=%2Fwp%2Fv2%2Fmedia&parent=3807"}],"curies":[{"name":"wp","href":"https:\/\/api.w.org\/{rel}","templated":true}]}}