{"id":2859,"date":"2016-05-26T16:53:01","date_gmt":"2016-05-26T14:53:01","guid":{"rendered":"http:\/\/dm2cu1.cursal.it\/?page_id=2859"},"modified":"2020-09-30T08:48:29","modified_gmt":"2020-09-30T06:48:29","slug":"innovation-avec-systeme-solair","status":"publish","type":"page","link":"https:\/\/www.cursal.com\/?page_id=2859&lang=fr","title":{"rendered":"INNOVATION AVEC SYSTEME SOLAIR"},"content":{"rendered":"<p><a href=\"https:\/\/www.cursal.com\/?attachment_id=40529&amp;lang=fr\" rel=\"attachment wp-att-40529\"><img loading=\"lazy\" decoding=\"async\" class=\"alignnone size-full wp-image-40529\" src=\"https:\/\/www.cursal.com\/wp-content\/uploads\/2020\/09\/200929-Cursal-photovoltaic-plant-1.jpg\" alt=\"\" width=\"1067\" height=\"750\" srcset=\"https:\/\/www.cursal.com\/wp-content\/uploads\/2020\/09\/200929-Cursal-photovoltaic-plant-1.jpg 1067w, https:\/\/www.cursal.com\/wp-content\/uploads\/2020\/09\/200929-Cursal-photovoltaic-plant-1-600x422.jpg 600w, https:\/\/www.cursal.com\/wp-content\/uploads\/2020\/09\/200929-Cursal-photovoltaic-plant-1-768x540.jpg 768w, https:\/\/www.cursal.com\/wp-content\/uploads\/2020\/09\/200929-Cursal-photovoltaic-plant-1-1024x720.jpg 1024w, https:\/\/www.cursal.com\/wp-content\/uploads\/2020\/09\/200929-Cursal-photovoltaic-plant-1-250x176.jpg 250w\" sizes=\"auto, (max-width: 1067px) 100vw, 1067px\" \/><\/a><\/p>\n<p><strong>Cursal<\/strong> se concentre \u00e0 l&#8217;innovation et \u00e0 l&#8217;<strong>\u00e9conomie d&#8217;\u00e9nergie<\/strong><\/p>\n<p>Pour cela, nous avons install\u00e9 un <strong>syst\u00e8me photovolta\u00efque<\/strong> \u00e0 la perfection dans notre \u00e9tablissement.<\/p>\n<p>Cet investissement a \u00e9t\u00e9 faite apr\u00e8s les incitatifs gouvernementaux (lorsque les co\u00fbts) ont chut\u00e9. Il paie pour lui-m\u00eame en moins de six ans, sans grever le moins, sur les imp\u00f4ts italiens (inclus dans les paiements d&#8217;\u00e9nergie)<\/p>\n<p>Il est toujours rentable de faire un bon investissement.<\/p>\n","protected":false},"excerpt":{"rendered":"<p>Cursal se concentre \u00e0 l&#8217;innovation et \u00e0 l&#8217;\u00e9conomie d&#8217;\u00e9nergie Pour cela, nous avons install\u00e9 un syst\u00e8me photovolta\u00efque \u00e0 la perfection dans notre \u00e9tablissement. Cet investissement a \u00e9t\u00e9 faite apr\u00e8s les incitatifs gouvernementaux (lorsque les co\u00fbts) ont chut\u00e9. Il paie pour lui-m\u00eame en moins de six ans, sans grever le moins, sur les imp\u00f4ts italiens (inclus [&hellip;]<\/p>\n","protected":false},"author":2,"featured_media":0,"parent":2857,"menu_order":0,"comment_status":"closed","ping_status":"closed","template":"","meta":{"footnotes":""},"class_list":["post-2859","page","type-page","status-publish","hentry"],"_links":{"self":[{"href":"https:\/\/www.cursal.com\/index.php?rest_route=\/wp\/v2\/pages\/2859","targetHints":{"allow":["GET"]}}],"collection":[{"href":"https:\/\/www.cursal.com\/index.php?rest_route=\/wp\/v2\/pages"}],"about":[{"href":"https:\/\/www.cursal.com\/index.php?rest_route=\/wp\/v2\/types\/page"}],"author":[{"embeddable":true,"href":"https:\/\/www.cursal.com\/index.php?rest_route=\/wp\/v2\/users\/2"}],"replies":[{"embeddable":true,"href":"https:\/\/www.cursal.com\/index.php?rest_route=%2Fwp%2Fv2%2Fcomments&post=2859"}],"version-history":[{"count":6,"href":"https:\/\/www.cursal.com\/index.php?rest_route=\/wp\/v2\/pages\/2859\/revisions"}],"predecessor-version":[{"id":40536,"href":"https:\/\/www.cursal.com\/index.php?rest_route=\/wp\/v2\/pages\/2859\/revisions\/40536"}],"up":[{"embeddable":true,"href":"https:\/\/www.cursal.com\/index.php?rest_route=\/wp\/v2\/pages\/2857"}],"wp:attachment":[{"href":"https:\/\/www.cursal.com\/index.php?rest_route=%2Fwp%2Fv2%2Fmedia&parent=2859"}],"curies":[{"name":"wp","href":"https:\/\/api.w.org\/{rel}","templated":true}]}}