{"id":2857,"date":"2016-05-26T16:52:17","date_gmt":"2016-05-26T14:52:17","guid":{"rendered":"http:\/\/dm2cu1.cursal.it\/?page_id=2857"},"modified":"2024-02-08T15:26:47","modified_gmt":"2024-02-08T14:26:47","slug":"enterprise","status":"publish","type":"page","link":"https:\/\/www.cursal.com\/?page_id=2857&lang=fr","title":{"rendered":"Enterprise"},"content":{"rendered":"<p>Cursal est, en absolu, la soci\u00e9t\u00e9 sp\u00e8cialis\u00e9e qui offre <strong>la PLUS GRANDE VARI\u00c9T\u00c9 DE \u00c9BOTEUSE MULTILAME<\/strong> per le coupe de <strong>PETITES &#8211; MOYENNES &#8211; GRANDES SECTIONS<\/strong>.<\/p>\n<p><span style=\"color: #808080; line-height: 1.5;\"><strong>Cursal<\/strong> projette, fabrique et installe, en s\u00e9lectionnant <strong>les meilleurs mat\u00e9riaux disponibles<\/strong> sur le march\u00e9.\u00a0Lignes d&#8217;optimisation automatique, manuelles \u00e9quip\u00e9es et des syst\u00e8mes automatis\u00e9s .<\/span><\/p>\n<p><span style=\"color: #808080;\"><strong>Plus de 3.000 plantes<\/strong> install\u00e9s en Italie et \u00e0 l\u2019\u00e9tranger:<\/span><\/p>\n<p><a style=\"line-height: 1.5; color: #41a62a; outline: 0px;\"  href=\"http:\/\/www.cursal.com\/wp-content\/uploads\/2014\/03\/planisfero.png\" data-rel=\"lightbox-gallery-0\" data-rl_title=\"\" data-rl_caption=\"\" title=\"\"><img loading=\"lazy\" decoding=\"async\" class=\"alignnone size-full wp-image-2077\" src=\"https:\/\/www.cursal.com\/wp-content\/uploads\/2014\/03\/planisfero.png\" alt=\"cursal all over the world\" width=\"1468\" height=\"741\" srcset=\"https:\/\/www.cursal.com\/wp-content\/uploads\/2014\/03\/planisfero.png 1468w, https:\/\/www.cursal.com\/wp-content\/uploads\/2014\/03\/planisfero-600x302.png 600w, https:\/\/www.cursal.com\/wp-content\/uploads\/2014\/03\/planisfero-1024x516.png 1024w, https:\/\/www.cursal.com\/wp-content\/uploads\/2014\/03\/planisfero-250x126.png 250w\" sizes=\"auto, (max-width: 1468px) 100vw, 1468px\" \/><\/a><\/p>\n<p><b>Une solution pour chaque exigence<\/b><\/p>\n<p><span style=\"color: #808080;\">Contrairement aux traditionnelles offres , Cursal croit que, puisque les besoins de chaque client sont diff\u00e9rents et parfois tr\u00e8s sp\u00e9cifiques, les solutions offertes par Cursal <strong>doivent s&#8217;adapter avec souplesse pour les satisfer: Cursal vous offre exactement ce dont vous avez besoin<\/strong>.<\/span><\/p>\n<p><span style=\"color: #888888;\">Toutes les machines Cursal sont marqu\u00e9s <strong>CE<\/strong> et conforme \u00e0 la directive <strong>2006\/42 \/ CE<\/strong> du 17 mai 2006.<\/span><\/p>\n<p><span style=\"color: #808080;\">Ici vous trouverez \u00e0 la fois des <strong>solutions standards<\/strong> cl\u00e9 en main <strong>et personnalis\u00e9es<\/strong>, r\u00e9sultat d\u2019une <strong>collaboration continue avec les meilleurs partenaires<\/strong> dans le secteur.<\/span><\/p>\n<p><a  href=\"http:\/\/www.cursal.com\/wp-content\/uploads\/2014\/03\/azienda-01.jpg\" data-rel=\"lightbox-gallery-0\" data-rl_title=\"\" data-rl_caption=\"\"><img loading=\"lazy\" decoding=\"async\" class=\"alignnone wp-image-740\" title=\"\" src=\"https:\/\/www.cursal.com\/wp-content\/uploads\/2014\/03\/azienda-01.jpg\" alt=\"cursal automatic optimizing cross -cut saws\" width=\"1211\" height=\"681\" \/><\/a><\/p>\n<p><span style=\"color: #808080;\"><strong>Quarante ans de connaissance<\/strong> des vrais sp\u00e9cialistes dans le domaine sont \u00e0 votre disposition pour vous garantir un <strong>rapport qualit\u00e9 &#8211; prix imbattable<\/strong>.<\/span><\/p>\n<p><span style=\"color: #808080;\">D\u00e9couvrez la valeur ajout\u00e9e de choisir une tron\u00e7onneuse <strong>Cursal<\/strong>.<\/span><span style=\"color: #ff0000;\">\u00a0<\/span><\/p>\n","protected":false},"excerpt":{"rendered":"<p>Cursal est, en absolu, la soci\u00e9t\u00e9 sp\u00e8cialis\u00e9e qui offre la PLUS GRANDE VARI\u00c9T\u00c9 DE \u00c9BOTEUSE MULTILAME per le coupe de PETITES &#8211; MOYENNES &#8211; GRANDES SECTIONS. Cursal projette, fabrique et installe, en s\u00e9lectionnant les meilleurs mat\u00e9riaux disponibles sur le march\u00e9.\u00a0Lignes d&#8217;optimisation automatique, manuelles \u00e9quip\u00e9es et des syst\u00e8mes automatis\u00e9s . Plus de 3.000 plantes install\u00e9s en [&hellip;]<\/p>\n","protected":false},"author":2,"featured_media":0,"parent":0,"menu_order":0,"comment_status":"closed","ping_status":"closed","template":"","meta":{"footnotes":""},"class_list":["post-2857","page","type-page","status-publish","hentry"],"_links":{"self":[{"href":"https:\/\/www.cursal.com\/index.php?rest_route=\/wp\/v2\/pages\/2857","targetHints":{"allow":["GET"]}}],"collection":[{"href":"https:\/\/www.cursal.com\/index.php?rest_route=\/wp\/v2\/pages"}],"about":[{"href":"https:\/\/www.cursal.com\/index.php?rest_route=\/wp\/v2\/types\/page"}],"author":[{"embeddable":true,"href":"https:\/\/www.cursal.com\/index.php?rest_route=\/wp\/v2\/users\/2"}],"replies":[{"embeddable":true,"href":"https:\/\/www.cursal.com\/index.php?rest_route=%2Fwp%2Fv2%2Fcomments&post=2857"}],"version-history":[{"count":7,"href":"https:\/\/www.cursal.com\/index.php?rest_route=\/wp\/v2\/pages\/2857\/revisions"}],"predecessor-version":[{"id":3787,"href":"https:\/\/www.cursal.com\/index.php?rest_route=\/wp\/v2\/pages\/2857\/revisions\/3787"}],"wp:attachment":[{"href":"https:\/\/www.cursal.com\/index.php?rest_route=%2Fwp%2Fv2%2Fmedia&parent=2857"}],"curies":[{"name":"wp","href":"https:\/\/api.w.org\/{rel}","templated":true}]}}