{"id":2854,"date":"2016-05-26T16:54:28","date_gmt":"2016-05-26T14:54:28","guid":{"rendered":"http:\/\/dm2cu1.cursal.it\/?page_id=2854"},"modified":"2020-06-12T11:48:58","modified_gmt":"2020-06-12T09:48:58","slug":"service","status":"publish","type":"page","link":"https:\/\/www.cursal.com\/?page_id=2854&lang=fr","title":{"rendered":"Services"},"content":{"rendered":"<p><strong><img loading=\"lazy\" decoding=\"async\" class=\"size-full wp-image-2149 alignleft\" src=\"https:\/\/www.cursal.com\/wp-content\/uploads\/2014\/03\/consulenza.jpg\" alt=\"consulenza\" width=\"200\" height=\"200\" \/><\/strong><\/p>\n<p><strong>CONSULTATION PRE \u2013 VENTE \/ DEMO<br \/>\n<\/strong>Les commerciaux techniques <strong>Cursal<\/strong>, op\u00e9rants depuis des d\u00e9cennies dans l\u2019industrie, <strong>soutiendront vos projets<\/strong> en sugg\u00e9rant les <strong>configurations optimales<\/strong> pour votre soci\u00e9t\u00e9 de production.<br \/>\nDurant la phase de n\u00e9gociation, si demand\u00e9 ou n\u00e9cessaire, nous allons tester le <strong>faisabilit\u00e9 du travaille<\/strong> avec des tests effectu\u00e9s sur des cartes d\u2019\u00e9chantillons ou sur le profils pr\u00e9sent\u00e9s par le clients.<br \/>\n<strong>Les tests sont document\u00e9s<\/strong> avec des photos, des vid\u00e9os et des analyses d\u00e9taill\u00e9es <strong>Cursal<\/strong>, en total dynamique avec le client.<\/p>\n<p>&nbsp;<\/p>\n<p><strong> <img loading=\"lazy\" decoding=\"async\" class=\"size-full wp-image-2157 alignleft\" src=\"https:\/\/www.cursal.com\/wp-content\/uploads\/2014\/03\/training2.jpg\" alt=\"training2\" width=\"200\" height=\"200\" \/><\/strong><\/p>\n<p><strong>FORMATIONS<br \/>\n<\/strong>Les techniciens sp\u00e9cialis\u00e9 <strong>Cursal<\/strong>, effectuent une <strong>formation sur mesure pour les clients<\/strong> en fonction de besoins sp\u00e9cifiques et de la complexit\u00e9 des syst\u00e8mes.<br \/>\nLes formations sont importantes pour notre r\u00e9seau commercial qui re\u00e7oit une formation sur place ou chez Cursal.<\/p>\n<p>&nbsp;<\/p>\n<p>&nbsp;<\/p>\n<p>&nbsp;<\/p>\n<p><strong><img loading=\"lazy\" decoding=\"async\" class=\"size-full wp-image-2150 alignleft\" src=\"https:\/\/www.cursal.com\/wp-content\/uploads\/2014\/03\/installazione.jpg\" alt=\"installazione\" width=\"200\" height=\"200\" \/>INSTALLATION ET D\u00c9MARRAGE<br \/>\n<\/strong><strong>Cursal<\/strong> propose services d&#8217;installation de ses usines dans le monde entier gr\u00e2ce \u00e0 <strong>une \u00e9quipe de techniciens experts et form\u00e9s<\/strong>.<br \/>\nL&#8217;installation, en plus de l&#8217;ensemble des machines, est <strong>le r\u00e9glage des param\u00e8tres optimaux de la machine<\/strong> pour la production, le d\u00e9part, le coaching de formation pour le software et pour le travail directe sur la machine , la livraison des <strong>manuels pour le d\u00e9marrage et la maintenance<\/strong>. Naturellement notre personnel est <strong>\u00e0 votre disposition pour des questions techniques<\/strong>, et apr\u00e8s l\u2019installation.<\/p>\n<p>&nbsp;<\/p>\n<p>&nbsp;<\/p>\n<p><strong><img loading=\"lazy\" decoding=\"async\" class=\"size-full wp-image-2152 alignleft\" src=\"https:\/\/www.cursal.com\/wp-content\/uploads\/2014\/03\/assistenza1.jpg\" alt=\"assistenza\" width=\"200\" height=\"200\" \/>ASSISTANCE<br \/>\n<\/strong>Nous offrons \u00e0 nos clients un service de qualit\u00e9 d\u2019<strong>assistance professionnelle et multi-niveaux<\/strong>.<\/p>\n<ul>\n<li><strong>TELESERVICE \u00c0 DISTANCE<\/strong><br \/>\nAvec un syst\u00e8me de surveillance \u00e0 l&#8217;avant-garde, nous dialoguons <strong>en temps r\u00e9el avec le CN<\/strong> pour identifier les messages d\u2019erreur, diagnostiquer et r\u00e9soudre les d\u00e9faillances hardware ou software, <strong>en r\u00e9duisant le temps et les co\u00fbts<\/strong>. Le service peut \u00eatre mis en \u0153uvre par des moyens de contr\u00f4le de surveillance vid\u00e9o.<\/li>\n<li>Support pour la <strong>r\u00e9solution des probl\u00e8mes m\u00e9caniques, \u00e9lectriques , logiciels et de programmation<\/strong>.<\/li>\n<\/ul>\n<p>&nbsp;<\/p>\n<p><strong><img loading=\"lazy\" decoding=\"async\" class=\"size-full wp-image-2208 alignleft\" src=\"https:\/\/www.cursal.com\/wp-content\/uploads\/2014\/03\/ricambi.jpg\" alt=\"ricambi\" width=\"200\" height=\"200\" \/>FOURNITURE DE PIECES DE RECHANGE<br \/>\n<\/strong>Le bureau de pi\u00e8ces de rechange Cursal g\u00e8re le <strong>service apr\u00e8s-vente<\/strong> qui concerne les <strong>pi\u00e8ces de rechange<\/strong> pour votre installation.<\/p>\n<p>Nous garantissons <strong>rapidit\u00e9 et ponctualit\u00e9<\/strong> pour le traitement de pi\u00e8ces de commandes \u00e0 stock.<\/p>\n<p>&nbsp;<\/p>\n<p>&nbsp;<\/p>\n<p><span style=\"font-weight: bold;\"><img loading=\"lazy\" decoding=\"async\" class=\"size-full wp-image-2151 alignleft\" src=\"https:\/\/www.cursal.com\/wp-content\/uploads\/2014\/03\/training.jpg\" alt=\"training\" width=\"200\" height=\"200\" \/><\/span><\/p>\n<p><strong style=\"line-height: 1.5;\">RATTRAPAGE E MAINTENANCE<br \/>\n<\/strong>Les plantes <strong>Cursal<\/strong>, sont <strong>tr\u00e8s durables<\/strong>, pour \u00e7a notre main d&#8217;oeuvre doit souvent <strong>g\u00e9rer des travaux sp\u00e9cialis\u00e9s sur les anciens syst\u00e8mes<\/strong> en fournissant des conseils et un soutien op\u00e9rationnel pour restaurer la plupart des \u0153uvres.<br \/>\nCe service, (offert seulement par peu d&#8217;entreprises ) est rendu possible gr\u00e2ce \u00e0 la <strong>capacit\u00e9 d\u2019obtenir des pi\u00e8ces de rechange d\u2019origine<\/strong> ou interchangeables et un personnel technique sp\u00e9cialis\u00e9.<\/p>\n","protected":false},"excerpt":{"rendered":"<p>CONSULTATION PRE \u2013 VENTE \/ DEMO Les commerciaux techniques Cursal, op\u00e9rants depuis des d\u00e9cennies dans l\u2019industrie, soutiendront vos projets en sugg\u00e9rant les configurations optimales pour votre soci\u00e9t\u00e9 de production. Durant la phase de n\u00e9gociation, si demand\u00e9 ou n\u00e9cessaire, nous allons tester le faisabilit\u00e9 du travaille avec des tests effectu\u00e9s sur des cartes d\u2019\u00e9chantillons ou sur [&hellip;]<\/p>\n","protected":false},"author":2,"featured_media":0,"parent":0,"menu_order":0,"comment_status":"closed","ping_status":"closed","template":"","meta":{"footnotes":""},"class_list":["post-2854","page","type-page","status-publish","hentry"],"_links":{"self":[{"href":"https:\/\/www.cursal.com\/index.php?rest_route=\/wp\/v2\/pages\/2854","targetHints":{"allow":["GET"]}}],"collection":[{"href":"https:\/\/www.cursal.com\/index.php?rest_route=\/wp\/v2\/pages"}],"about":[{"href":"https:\/\/www.cursal.com\/index.php?rest_route=\/wp\/v2\/types\/page"}],"author":[{"embeddable":true,"href":"https:\/\/www.cursal.com\/index.php?rest_route=\/wp\/v2\/users\/2"}],"replies":[{"embeddable":true,"href":"https:\/\/www.cursal.com\/index.php?rest_route=%2Fwp%2Fv2%2Fcomments&post=2854"}],"version-history":[{"count":13,"href":"https:\/\/www.cursal.com\/index.php?rest_route=\/wp\/v2\/pages\/2854\/revisions"}],"predecessor-version":[{"id":30362,"href":"https:\/\/www.cursal.com\/index.php?rest_route=\/wp\/v2\/pages\/2854\/revisions\/30362"}],"wp:attachment":[{"href":"https:\/\/www.cursal.com\/index.php?rest_route=%2Fwp%2Fv2%2Fmedia&parent=2854"}],"curies":[{"name":"wp","href":"https:\/\/api.w.org\/{rel}","templated":true}]}}