{"id":27912,"date":"2014-04-18T16:05:25","date_gmt":"2014-04-18T14:05:25","guid":{"rendered":"https:\/\/www.cursal.com\/?page_id=27912"},"modified":"2025-03-03T17:18:20","modified_gmt":"2025-03-03T16:18:20","slug":"calendario","status":"publish","type":"page","link":"https:\/\/www.cursal.com\/?page_id=27912&lang=de","title":{"rendered":"CURSAL CALENDAR"},"content":{"rendered":"<p data-start=\"1598\" data-end=\"1767\">Wir haben unseren <strong data-start=\"1616\" data-end=\"1647\">CURSAL 2025 Arbeitskalender<\/strong> f\u00fcr Kunden, Vertreter und Wiederverk\u00e4ufer bereitgestellt, um eine klare \u00dcbersicht \u00fcber unsere \u00d6ffnungstage zu bieten.<\/p>\n<p data-start=\"1769\" data-end=\"1957\">Durch die Nutzung dieses Kalenders k\u00f6nnen Sie Ihre Besuche bei uns besser planen, Abholungen oder Lieferungen organisieren und die Arbeitstage f\u00fcr die Auftragsabwicklung genau berechnen.<\/p>\n<p data-start=\"1959\" data-end=\"2088\">Wir laden Sie ein, ihn zur Optimierung Ihrer Planung zu nutzen. F\u00fcr alle Fragen steht Ihnen unser Team jederzeit zur Verf\u00fcgung.<\/p>\n<p><a  href=\"https:\/\/www.cursal.com\/wp-content\/uploads\/2025\/03\/CALENDARIO-2025-scaled.jpg\" data-rel=\"lightbox-gallery-0\" data-rl_title=\"\" data-rl_caption=\"\" title=\"\"><img loading=\"lazy\" decoding=\"async\" class=\"alignleft size-full wp-image-68971\" src=\"https:\/\/www.cursal.com\/wp-content\/uploads\/2025\/03\/CALENDARIO-2025-scaled.jpg\" alt=\"\" width=\"1810\" height=\"2560\" srcset=\"https:\/\/www.cursal.com\/wp-content\/uploads\/2025\/03\/CALENDARIO-2025-scaled.jpg 1810w, https:\/\/www.cursal.com\/wp-content\/uploads\/2025\/03\/CALENDARIO-2025-424x600.jpg 424w, https:\/\/www.cursal.com\/wp-content\/uploads\/2025\/03\/CALENDARIO-2025-728x1030.jpg 728w, https:\/\/www.cursal.com\/wp-content\/uploads\/2025\/03\/CALENDARIO-2025-768x1086.jpg 768w, https:\/\/www.cursal.com\/wp-content\/uploads\/2025\/03\/CALENDARIO-2025-1086x1536.jpg 1086w, https:\/\/www.cursal.com\/wp-content\/uploads\/2025\/03\/CALENDARIO-2025-1448x2048.jpg 1448w, https:\/\/www.cursal.com\/wp-content\/uploads\/2025\/03\/CALENDARIO-2025-1061x1500.jpg 1061w, https:\/\/www.cursal.com\/wp-content\/uploads\/2025\/03\/CALENDARIO-2025-498x705.jpg 498w, https:\/\/www.cursal.com\/wp-content\/uploads\/2025\/03\/CALENDARIO-2025-450x636.jpg 450w, https:\/\/www.cursal.com\/wp-content\/uploads\/2025\/03\/CALENDARIO-2025-1320x1867.jpg 1320w\" sizes=\"auto, (max-width: 1810px) 100vw, 1810px\" \/><\/a><\/p>\n","protected":false},"excerpt":{"rendered":"<p>Wir haben unseren CURSAL 2025 Arbeitskalender f\u00fcr Kunden, Vertreter und Wiederverk\u00e4ufer bereitgestellt, um eine klare \u00dcbersicht \u00fcber unsere \u00d6ffnungstage zu bieten. Durch die Nutzung dieses Kalenders k\u00f6nnen Sie Ihre Besuche bei uns besser planen, Abholungen oder Lieferungen organisieren und die Arbeitstage f\u00fcr die Auftragsabwicklung genau berechnen. Wir laden Sie ein, ihn zur Optimierung Ihrer Planung [&hellip;]<\/p>\n","protected":false},"author":2,"featured_media":0,"parent":6720,"menu_order":0,"comment_status":"closed","ping_status":"closed","template":"","meta":{"footnotes":""},"class_list":["post-27912","page","type-page","status-publish","hentry"],"_links":{"self":[{"href":"https:\/\/www.cursal.com\/index.php?rest_route=\/wp\/v2\/pages\/27912","targetHints":{"allow":["GET"]}}],"collection":[{"href":"https:\/\/www.cursal.com\/index.php?rest_route=\/wp\/v2\/pages"}],"about":[{"href":"https:\/\/www.cursal.com\/index.php?rest_route=\/wp\/v2\/types\/page"}],"author":[{"embeddable":true,"href":"https:\/\/www.cursal.com\/index.php?rest_route=\/wp\/v2\/users\/2"}],"replies":[{"embeddable":true,"href":"https:\/\/www.cursal.com\/index.php?rest_route=%2Fwp%2Fv2%2Fcomments&post=27912"}],"version-history":[{"count":11,"href":"https:\/\/www.cursal.com\/index.php?rest_route=\/wp\/v2\/pages\/27912\/revisions"}],"predecessor-version":[{"id":68988,"href":"https:\/\/www.cursal.com\/index.php?rest_route=\/wp\/v2\/pages\/27912\/revisions\/68988"}],"up":[{"embeddable":true,"href":"https:\/\/www.cursal.com\/index.php?rest_route=\/wp\/v2\/pages\/6720"}],"wp:attachment":[{"href":"https:\/\/www.cursal.com\/index.php?rest_route=%2Fwp%2Fv2%2Fmedia&parent=27912"}],"curies":[{"name":"wp","href":"https:\/\/api.w.org\/{rel}","templated":true}]}}