{"id":27877,"date":"2019-12-05T09:22:01","date_gmt":"2019-12-05T08:22:01","guid":{"rendered":"https:\/\/www.cursal.com\/?page_id=27877"},"modified":"2024-02-08T16:20:54","modified_gmt":"2024-02-08T15:20:54","slug":"welfare","status":"publish","type":"page","link":"https:\/\/www.cursal.com\/?page_id=27877&lang=fr","title":{"rendered":"CURSAL WELFARE"},"content":{"rendered":"<h1>Cursal et le Bien-\u00eatre : Un Engagement Concret pour le Bien-\u00eatre de Nos Employ\u00e9s<\/h1>\n<p><a  href=\"https:\/\/www.cursal.com\/wp-content\/uploads\/2024\/02\/Cursal-welfare.jpg\" data-rel=\"lightbox-gallery-0\" data-rl_title=\"\" data-rl_caption=\"\" title=\"\"><img loading=\"lazy\" decoding=\"async\" class=\"alignleft size-medium wp-image-64611\" src=\"https:\/\/www.cursal.com\/wp-content\/uploads\/2024\/02\/Cursal-welfare-600x396.jpg\" alt=\"\" width=\"600\" height=\"396\" srcset=\"https:\/\/www.cursal.com\/wp-content\/uploads\/2024\/02\/Cursal-welfare-600x396.jpg 600w, https:\/\/www.cursal.com\/wp-content\/uploads\/2024\/02\/Cursal-welfare-1030x680.jpg 1030w, https:\/\/www.cursal.com\/wp-content\/uploads\/2024\/02\/Cursal-welfare-768x507.jpg 768w, https:\/\/www.cursal.com\/wp-content\/uploads\/2024\/02\/Cursal-welfare-1536x1015.jpg 1536w, https:\/\/www.cursal.com\/wp-content\/uploads\/2024\/02\/Cursal-welfare-1500x991.jpg 1500w, https:\/\/www.cursal.com\/wp-content\/uploads\/2024\/02\/Cursal-welfare-705x466.jpg 705w, https:\/\/www.cursal.com\/wp-content\/uploads\/2024\/02\/Cursal-welfare-450x297.jpg 450w, https:\/\/www.cursal.com\/wp-content\/uploads\/2024\/02\/Cursal-welfare-1320x872.jpg 1320w, https:\/\/www.cursal.com\/wp-content\/uploads\/2024\/02\/Cursal-welfare.jpg 2048w\" sizes=\"auto, (max-width: 600px) 100vw, 600px\" \/><\/a>Nous sommes ravis de partager notre engagement continu \u00e0 garantir le bien-\u00eatre de nos employ\u00e9s exceptionnels ici \u00e0 Cursal !<\/p>\n<p>Pour la quatri\u00e8me ann\u00e9e cons\u00e9cutive, nous travaillons avec passion pour renforcer notre programme de bien-\u00eatre d&#8217;entreprise, offrant une gamme d&#8217;avantages pr\u00e9cieux \u00e0 tous les membres de notre \u00e9quipe.<\/p>\n<p>Nous croyons fermement qu&#8217;une \u00e9quipe heureuse et en bonne sant\u00e9 est le v\u00e9ritable moteur du succ\u00e8s d&#8217;une entreprise. Pour cette raison, nous proposons une large gamme d&#8217;avantages, y compris des services de sant\u00e9 de qualit\u00e9, des programmes de d\u00e9veloppement professionnel personnalis\u00e9s, un soutien aux familles, et bien plus encore.<\/p>\n<p>Notre objectif est de cr\u00e9er un environnement de travail positif et stimulant o\u00f9 chaque individu se sent valoris\u00e9, soutenu et inspir\u00e9 \u00e0 donner le meilleur de lui-m\u00eame.<\/p>\n<p>Ensemble, nous construisons un avenir meilleur pour tous ici \u00e0 Cursal. Merci de faire partie de cette mission !<\/p>\n","protected":false},"excerpt":{"rendered":"<p>Cursal et le Bien-\u00eatre : Un Engagement Concret pour le Bien-\u00eatre de Nos Employ\u00e9s Nous sommes ravis de partager notre engagement continu \u00e0 garantir le bien-\u00eatre de nos employ\u00e9s exceptionnels ici \u00e0 Cursal ! Pour la quatri\u00e8me ann\u00e9e cons\u00e9cutive, nous travaillons avec passion pour renforcer notre programme de bien-\u00eatre d&#8217;entreprise, offrant une gamme d&#8217;avantages pr\u00e9cieux [&hellip;]<\/p>\n","protected":false},"author":2,"featured_media":0,"parent":0,"menu_order":0,"comment_status":"closed","ping_status":"closed","template":"","meta":{"footnotes":""},"class_list":["post-27877","page","type-page","status-publish","hentry"],"_links":{"self":[{"href":"https:\/\/www.cursal.com\/index.php?rest_route=\/wp\/v2\/pages\/27877","targetHints":{"allow":["GET"]}}],"collection":[{"href":"https:\/\/www.cursal.com\/index.php?rest_route=\/wp\/v2\/pages"}],"about":[{"href":"https:\/\/www.cursal.com\/index.php?rest_route=\/wp\/v2\/types\/page"}],"author":[{"embeddable":true,"href":"https:\/\/www.cursal.com\/index.php?rest_route=\/wp\/v2\/users\/2"}],"replies":[{"embeddable":true,"href":"https:\/\/www.cursal.com\/index.php?rest_route=%2Fwp%2Fv2%2Fcomments&post=27877"}],"version-history":[{"count":4,"href":"https:\/\/www.cursal.com\/index.php?rest_route=\/wp\/v2\/pages\/27877\/revisions"}],"predecessor-version":[{"id":64616,"href":"https:\/\/www.cursal.com\/index.php?rest_route=\/wp\/v2\/pages\/27877\/revisions\/64616"}],"wp:attachment":[{"href":"https:\/\/www.cursal.com\/index.php?rest_route=%2Fwp%2Fv2%2Fmedia&parent=27877"}],"curies":[{"name":"wp","href":"https:\/\/api.w.org\/{rel}","templated":true}]}}