{"id":19950,"date":"2019-05-28T17:59:24","date_gmt":"2019-05-28T15:59:24","guid":{"rendered":"https:\/\/www.cursal.com\/?page_id=19950"},"modified":"2019-05-28T17:59:24","modified_gmt":"2019-05-28T15:59:24","slug":"enviar-email","status":"publish","type":"page","link":"https:\/\/www.cursal.com\/?page_id=19950&lang=es","title":{"rendered":"ENVIAR EMAIL"},"content":{"rendered":"<p>P\u00f3ngase en contacto para obtener m\u00e1s informaci\u00f3n acerca de nuestros productos y servicios.<\/p>\n<p>Campos marcados con (*) son obligatorios.<\/p>\n\n<div class=\"wpcf7 no-js\" id=\"wpcf7-f3824-o1\" lang=\"it-IT\" dir=\"ltr\" data-wpcf7-id=\"3824\">\n<div class=\"screen-reader-response\"><p role=\"status\" aria-live=\"polite\" aria-atomic=\"true\"><\/p> <ul><\/ul><\/div>\n<form action=\"\/index.php?rest_route=%2Fwp%2Fv2%2Fpages%2F19950#wpcf7-f3824-o1\" method=\"post\" class=\"wpcf7-form init wpcf7-acceptance-as-validation\" aria-label=\"Modulo di contatto\" enctype=\"multipart\/form-data\" novalidate=\"novalidate\" data-status=\"init\">\n<fieldset class=\"hidden-fields-container\"><input type=\"hidden\" name=\"_wpcf7\" value=\"3824\" \/><input type=\"hidden\" name=\"_wpcf7_version\" value=\"6.1.1\" \/><input type=\"hidden\" name=\"_wpcf7_locale\" value=\"it_IT\" \/><input type=\"hidden\" name=\"_wpcf7_unit_tag\" value=\"wpcf7-f3824-o1\" \/><input type=\"hidden\" name=\"_wpcf7_container_post\" value=\"0\" \/><input type=\"hidden\" name=\"_wpcf7_posted_data_hash\" value=\"\" \/><input type=\"hidden\" name=\"_wpcf7_recaptcha_response\" value=\"\" \/>\n<\/fieldset>\n<p>Nombre (*)<br \/>\n<span class=\"wpcf7-form-control-wrap\" data-name=\"your-name\"><input size=\"40\" maxlength=\"400\" class=\"wpcf7-form-control wpcf7-text wpcf7-validates-as-required\" aria-required=\"true\" aria-invalid=\"false\" value=\"\" type=\"text\" name=\"your-name\" \/><\/span>\n<\/p>\n<p>Empresa<br \/>\n<span class=\"wpcf7-form-control-wrap\" data-name=\"your-company\"><input size=\"40\" maxlength=\"400\" class=\"wpcf7-form-control wpcf7-text\" aria-invalid=\"false\" value=\"\" type=\"text\" name=\"your-company\" \/><\/span>\n<\/p>\n<p>Tel\u00e9fono<br \/>\n<span class=\"wpcf7-form-control-wrap\" data-name=\"your-telephone\"><input size=\"40\" maxlength=\"400\" class=\"wpcf7-form-control wpcf7-tel wpcf7-text wpcf7-validates-as-tel\" aria-invalid=\"false\" value=\"\" type=\"tel\" name=\"your-telephone\" \/><\/span>\n<\/p>\n<p>Email (*)<br \/>\n<span class=\"wpcf7-form-control-wrap\" data-name=\"your-email\"><input size=\"40\" maxlength=\"400\" class=\"wpcf7-form-control wpcf7-email wpcf7-validates-as-required wpcf7-text wpcf7-validates-as-email\" aria-required=\"true\" aria-invalid=\"false\" value=\"\" type=\"email\" name=\"your-email\" \/><\/span>\n<\/p>\n<p>Solicitud(*)<br \/>\n<span class=\"wpcf7-form-control-wrap\" data-name=\"your-subject\"><select class=\"wpcf7-form-control wpcf7-select wpcf7-validates-as-required\" aria-required=\"true\" aria-invalid=\"false\" name=\"your-subject\"><option value=\"\">&#8212;Seleziona un&#039;opzione&#8212;<\/option><option value=\"Comercial\">Comercial<\/option><option value=\"Administrativo\">Administrativo<\/option><option value=\"Asistencia t\u00e9cnica\">Asistencia t\u00e9cnica<\/option><option value=\"Piezas de recambio\">Piezas de recambio<\/option><option value=\"Informaci\u00f3n \/ Otros\">Informaci\u00f3n \/ Otros<\/option><\/select><\/span>\n<\/p>\n<p>Mensaje (*)<br \/>\n<span class=\"wpcf7-form-control-wrap\" data-name=\"your-message\"><textarea cols=\"40\" rows=\"10\" maxlength=\"2000\" class=\"wpcf7-form-control wpcf7-textarea wpcf7-validates-as-required\" aria-required=\"true\" aria-invalid=\"false\" name=\"your-message\"><\/textarea><\/span>\n<\/p>\n<p>Adjuntar archivo (Cada archivo puede ocupar 4 Mb como m\u00e1ximo):<br \/>\n<span class=\"wpcf7-form-control-wrap\" data-name=\"your-file\"><input size=\"40\" class=\"wpcf7-form-control wpcf7-file\" accept=\".jpeg,.jpg,.bmp,.png,.tif,.psd,.ai,.pdf,.zip,.rar,.tar,.tar.gz,.doc,.docx\" aria-invalid=\"false\" type=\"file\" name=\"your-file\" \/><\/span>\n<\/p>\n<p><span class=\"wpcf7-form-control-wrap\" data-name=\"your-file-2\"><input size=\"40\" class=\"wpcf7-form-control wpcf7-file\" accept=\".jpeg,.jpg,.bmp,.png,.tif,.psd,.ai,.pdf,.zip,.rar,.tar,.tar.gz,.doc,.docx\" aria-invalid=\"false\" type=\"file\" name=\"your-file-2\" \/><\/span>\n<\/p>\n<p><span class=\"wpcf7-form-control-wrap\" data-name=\"your-file-3\"><input size=\"40\" class=\"wpcf7-form-control wpcf7-file\" accept=\".jpeg,.jpg,.bmp,.png,.tif,.psd,.ai,.pdf,.zip,.rar,.tar,.tar.gz,.doc,.docx\" aria-invalid=\"false\" type=\"file\" name=\"your-file-3\" \/><\/span>\n<\/p>\n<p><label>Responde a la pregunta para confirmar que no eres un robot:<br \/>\n<span class=\"wpcf7-form-control-wrap\" data-name=\"quiz-716\"><label><span class=\"wpcf7-quiz-label\">\u00bfCu\u00e1nto suman 3+3?<\/span> <input size=\"40\" class=\"wpcf7-form-control wpcf7-quiz\" autocomplete=\"off\" aria-required=\"true\" aria-invalid=\"false\" type=\"text\" name=\"quiz-716\" \/><\/label><input type=\"hidden\" name=\"_wpcf7_quiz_answer_quiz-716\" value=\"e619044829d5adf4b118bcab5c9c44a0\" \/><\/span> <\/label>\n<\/p>\n<p><span class=\"wpcf7-form-control-wrap\" data-name=\"acceptance-894\"><span class=\"wpcf7-form-control wpcf7-acceptance\"><span class=\"wpcf7-list-item\"><input type=\"checkbox\" name=\"acceptance-894\" value=\"1\" aria-invalid=\"false\" \/><\/span><\/span><\/span> Declaro haber le\u00eddo la <a href=\"https:\/\/www.cursal.com\/?page_id=442\">informaci\u00f3n sobre el tratamiento de datos personales<\/a> y accepto el tratamiento de datos personales (*)\n<\/p>\n<p><input class=\"wpcf7-form-control wpcf7-submit has-spinner\" type=\"submit\" value=\"Enviar\" \/>\n<\/p><input type='hidden' class='wpcf7-pum' value='{\"closepopup\":false,\"closedelay\":0,\"openpopup\":false,\"openpopup_id\":0}' \/><div class=\"wpcf7-response-output\" aria-hidden=\"true\"><\/div>\n<\/form>\n<\/div>\n\n","protected":false},"excerpt":{"rendered":"<p>P\u00f3ngase en contacto para obtener m\u00e1s informaci\u00f3n acerca de nuestros productos y servicios. Campos marcados con (*) son obligatorios.<\/p>\n","protected":false},"author":1,"featured_media":0,"parent":3821,"menu_order":0,"comment_status":"closed","ping_status":"closed","template":"","meta":{"footnotes":""},"class_list":["post-19950","page","type-page","status-publish","hentry"],"_links":{"self":[{"href":"https:\/\/www.cursal.com\/index.php?rest_route=\/wp\/v2\/pages\/19950","targetHints":{"allow":["GET"]}}],"collection":[{"href":"https:\/\/www.cursal.com\/index.php?rest_route=\/wp\/v2\/pages"}],"about":[{"href":"https:\/\/www.cursal.com\/index.php?rest_route=\/wp\/v2\/types\/page"}],"author":[{"embeddable":true,"href":"https:\/\/www.cursal.com\/index.php?rest_route=\/wp\/v2\/users\/1"}],"replies":[{"embeddable":true,"href":"https:\/\/www.cursal.com\/index.php?rest_route=%2Fwp%2Fv2%2Fcomments&post=19950"}],"version-history":[{"count":1,"href":"https:\/\/www.cursal.com\/index.php?rest_route=\/wp\/v2\/pages\/19950\/revisions"}],"predecessor-version":[{"id":19951,"href":"https:\/\/www.cursal.com\/index.php?rest_route=\/wp\/v2\/pages\/19950\/revisions\/19951"}],"up":[{"embeddable":true,"href":"https:\/\/www.cursal.com\/index.php?rest_route=\/wp\/v2\/pages\/3821"}],"wp:attachment":[{"href":"https:\/\/www.cursal.com\/index.php?rest_route=%2Fwp%2Fv2%2Fmedia&parent=19950"}],"curies":[{"name":"wp","href":"https:\/\/api.w.org\/{rel}","templated":true}]}}