{"id":19937,"date":"2019-05-28T17:52:08","date_gmt":"2019-05-28T15:52:08","guid":{"rendered":"https:\/\/www.cursal.com\/?page_id=19937"},"modified":"2019-05-28T17:52:08","modified_gmt":"2019-05-28T15:52:08","slug":"envoier-email","status":"publish","type":"page","link":"https:\/\/www.cursal.com\/?page_id=19937&lang=fr","title":{"rendered":"ENVOIER EMAIL"},"content":{"rendered":"<p>Contactez-nous pour plus d&#8217;informations sur nos produits et services.<\/p>\n<p><em>Les champs marqu\u00e9s avec (*) sont obligatoires.<\/em><\/p>\n\n<div class=\"wpcf7 no-js\" id=\"wpcf7-f2869-o1\" lang=\"it-IT\" dir=\"ltr\" data-wpcf7-id=\"2869\">\n<div class=\"screen-reader-response\"><p role=\"status\" aria-live=\"polite\" aria-atomic=\"true\"><\/p> <ul><\/ul><\/div>\n<form action=\"\/index.php?rest_route=%2Fwp%2Fv2%2Fpages%2F19937#wpcf7-f2869-o1\" method=\"post\" class=\"wpcf7-form init wpcf7-acceptance-as-validation\" aria-label=\"Modulo di contatto\" enctype=\"multipart\/form-data\" novalidate=\"novalidate\" data-status=\"init\">\n<fieldset class=\"hidden-fields-container\"><input type=\"hidden\" name=\"_wpcf7\" value=\"2869\" \/><input type=\"hidden\" name=\"_wpcf7_version\" value=\"6.1.1\" \/><input type=\"hidden\" name=\"_wpcf7_locale\" value=\"it_IT\" \/><input type=\"hidden\" name=\"_wpcf7_unit_tag\" value=\"wpcf7-f2869-o1\" \/><input type=\"hidden\" name=\"_wpcf7_container_post\" value=\"0\" \/><input type=\"hidden\" name=\"_wpcf7_posted_data_hash\" value=\"\" \/><input type=\"hidden\" name=\"_wpcf7_recaptcha_response\" value=\"\" \/>\n<\/fieldset>\n<p>Votre nom (*)<br \/>\n<span class=\"wpcf7-form-control-wrap\" data-name=\"your-name\"><input size=\"40\" maxlength=\"400\" class=\"wpcf7-form-control wpcf7-text wpcf7-validates-as-required\" aria-required=\"true\" aria-invalid=\"false\" value=\"\" type=\"text\" name=\"your-name\" \/><\/span>\n<\/p>\n<p>Soci\u00e9t\u00e9<br \/>\n<span class=\"wpcf7-form-control-wrap\" data-name=\"your-company\"><input size=\"40\" maxlength=\"400\" class=\"wpcf7-form-control wpcf7-text\" aria-invalid=\"false\" value=\"\" type=\"text\" name=\"your-company\" \/><\/span>\n<\/p>\n<p>T\u00e9l\u00e9phone<br \/>\n<span class=\"wpcf7-form-control-wrap\" data-name=\"your-telephone\"><input size=\"40\" maxlength=\"400\" class=\"wpcf7-form-control wpcf7-tel wpcf7-text wpcf7-validates-as-tel\" aria-invalid=\"false\" value=\"\" type=\"tel\" name=\"your-telephone\" \/><\/span>\n<\/p>\n<p>Votre Email (*)<br \/>\n<span class=\"wpcf7-form-control-wrap\" data-name=\"your-email\"><input size=\"40\" maxlength=\"400\" class=\"wpcf7-form-control wpcf7-email wpcf7-validates-as-required wpcf7-text wpcf7-validates-as-email\" aria-required=\"true\" aria-invalid=\"false\" value=\"\" type=\"email\" name=\"your-email\" \/><\/span>\n<\/p>\n<p>Demande (*)<br \/>\n<span class=\"wpcf7-form-control-wrap\" data-name=\"your-subject\"><select class=\"wpcf7-form-control wpcf7-select wpcf7-validates-as-required\" aria-required=\"true\" aria-invalid=\"false\" name=\"your-subject\"><option value=\"\">&#8212;Seleziona un&#039;opzione&#8212;<\/option><option value=\"Commercial\">Commercial<\/option><option value=\"Administratif\">Administratif<\/option><option value=\"Assistance technique\">Assistance technique<\/option><option value=\"Pi\u00e8ce de rechange\">Pi\u00e8ce de rechange<\/option><option value=\"Info \/ Autres\">Info \/ Autres<\/option><\/select><\/span>\n<\/p>\n<p>Votre message (*)<br \/>\n<span class=\"wpcf7-form-control-wrap\" data-name=\"your-message\"><textarea cols=\"40\" rows=\"10\" maxlength=\"2000\" class=\"wpcf7-form-control wpcf7-textarea wpcf7-validates-as-required\" aria-required=\"true\" aria-invalid=\"false\" name=\"your-message\"><\/textarea><\/span>\n<\/p>\n<p>Attacher un fichier (Chaque fichier peut avoir un poids maximum de 4 Mb):<br \/>\n<span class=\"wpcf7-form-control-wrap\" data-name=\"your-file\"><input size=\"40\" class=\"wpcf7-form-control wpcf7-file\" accept=\".jpeg,.jpg,.bmp,.png,.tif,.psd,.ai,.pdf,.zip,.rar,.tar,.tar.gz,.doc,.docx\" aria-invalid=\"false\" type=\"file\" name=\"your-file\" \/><\/span>\n<\/p>\n<p><span class=\"wpcf7-form-control-wrap\" data-name=\"your-file-2\"><input size=\"40\" class=\"wpcf7-form-control wpcf7-file\" accept=\".jpeg,.jpg,.bmp,.png,.tif,.psd,.ai,.pdf,.zip,.rar,.tar,.tar.gz,.doc,.docx\" aria-invalid=\"false\" type=\"file\" name=\"your-file-2\" \/><\/span>\n<\/p>\n<p><span class=\"wpcf7-form-control-wrap\" data-name=\"your-file-3\"><input size=\"40\" class=\"wpcf7-form-control wpcf7-file\" accept=\".jpeg,.jpg,.bmp,.png,.tif,.psd,.ai,.pdf,.zip,.rar,.tar,.tar.gz,.doc,.docx\" aria-invalid=\"false\" type=\"file\" name=\"your-file-3\" \/><\/span>\n<\/p>\n<p><label>T\u00c9crivez la r\u00e9ponse \u00e0 la question pour confirmer que vous n\u2019\u00eates pas un robot:<br \/>\n<span class=\"wpcf7-form-control-wrap\" data-name=\"quiz-716\"><label><span class=\"wpcf7-quiz-label\">Combien \u00e7a fait 2+2?<\/span> <input size=\"40\" class=\"wpcf7-form-control wpcf7-quiz\" autocomplete=\"off\" aria-required=\"true\" aria-invalid=\"false\" type=\"text\" name=\"quiz-716\" \/><\/label><input type=\"hidden\" name=\"_wpcf7_quiz_answer_quiz-716\" value=\"739c0d344b697791aef5830d218954fd\" \/><\/span> <\/label>\n<\/p>\n<p><span class=\"wpcf7-form-control-wrap\" data-name=\"acceptance-894\"><span class=\"wpcf7-form-control wpcf7-acceptance\"><span class=\"wpcf7-list-item\"><input type=\"checkbox\" name=\"acceptance-894\" value=\"1\" aria-invalid=\"false\" \/><\/span><\/span><\/span> J'ai lu <a href=\"https:\/\/www.cursal.com\/?page_id=442\"> l'information sur le traitement des donn\u00e9es datas personnelles<\/a> et de consentement au traitement des donn\u00e9es datas personnelles (*)\n<\/p>\n<p><input class=\"wpcf7-form-control wpcf7-submit has-spinner\" type=\"submit\" value=\"Invia\" \/>\n<\/p><input type='hidden' class='wpcf7-pum' value='{\"closepopup\":false,\"closedelay\":0,\"openpopup\":false,\"openpopup_id\":0}' \/><div class=\"wpcf7-response-output\" aria-hidden=\"true\"><\/div>\n<\/form>\n<\/div>\n\n","protected":false},"excerpt":{"rendered":"<p>Contactez-nous pour plus d&#8217;informations sur nos produits et services. Les champs marqu\u00e9s avec (*) sont obligatoires.<\/p>\n","protected":false},"author":1,"featured_media":0,"parent":2865,"menu_order":0,"comment_status":"closed","ping_status":"closed","template":"","meta":{"footnotes":""},"class_list":["post-19937","page","type-page","status-publish","hentry"],"_links":{"self":[{"href":"https:\/\/www.cursal.com\/index.php?rest_route=\/wp\/v2\/pages\/19937","targetHints":{"allow":["GET"]}}],"collection":[{"href":"https:\/\/www.cursal.com\/index.php?rest_route=\/wp\/v2\/pages"}],"about":[{"href":"https:\/\/www.cursal.com\/index.php?rest_route=\/wp\/v2\/types\/page"}],"author":[{"embeddable":true,"href":"https:\/\/www.cursal.com\/index.php?rest_route=\/wp\/v2\/users\/1"}],"replies":[{"embeddable":true,"href":"https:\/\/www.cursal.com\/index.php?rest_route=%2Fwp%2Fv2%2Fcomments&post=19937"}],"version-history":[{"count":1,"href":"https:\/\/www.cursal.com\/index.php?rest_route=\/wp\/v2\/pages\/19937\/revisions"}],"predecessor-version":[{"id":19938,"href":"https:\/\/www.cursal.com\/index.php?rest_route=\/wp\/v2\/pages\/19937\/revisions\/19938"}],"up":[{"embeddable":true,"href":"https:\/\/www.cursal.com\/index.php?rest_route=\/wp\/v2\/pages\/2865"}],"wp:attachment":[{"href":"https:\/\/www.cursal.com\/index.php?rest_route=%2Fwp%2Fv2%2Fmedia&parent=19937"}],"curies":[{"name":"wp","href":"https:\/\/api.w.org\/{rel}","templated":true}]}}